{"id":696679,"date":"2025-12-22T15:43:37","date_gmt":"2025-12-22T12:43:37","guid":{"rendered":"https:\/\/nbg.eu\/product\/nahrbtnik-za-napad-na-misijo-multicam\/"},"modified":"2026-04-15T14:43:03","modified_gmt":"2026-04-15T11:43:03","slug":"nahrbtnik-za-napad-na-misijo-multicam","status":"publish","type":"product","link":"https:\/\/nbg.eu\/sl\/izdelek\/nahrbtnik-za-napad-na-misijo-multicam\/","title":{"rendered":"Eberlestock Juri\u0161ni Nahrbtnik Mission &#8211; Multicam"},"content":{"rendered":"<h2>Nahrbtnik za napad &#8211; Multicam<\/h2>\n<p>Zasnovan je od tal navzgor, da bi bil popolnoma prilagojen v skupini, nahrbtnik za napad se pove\u017ee z okvirjem Mission za ozkoto\u010dkoven, obremenilen sistem. S \u0161tevilnimi organizacijskimi zna\u010dilnostmi, varnim in prilagodljivim prileganjem ter hitrim dostopom do notranjosti, nahrbtnik za napad poskrbi, da ostanete na cilju. Mo\u017enost dodatne opreme in funkcij prek sistema Mission EMOD \u0161e dodatno pove\u010da zmogljivost tega nahrbtnika.<\/p>\n<p>Nahrbtnik za napad, ki tehta 1 funt in 12 un\u010d, je izdelan iz trdnega materiala 500D Ripstop in nudi veliko kapaciteto 2.000 kubi\u010dnih palcev, da lahko v njem spravite vso va\u0161o bistveno opremo.<\/p>\n","protected":false},"excerpt":{"rendered":"<p>Ve\u010dnamenska, modularna napadalna torba z organizacijskimi funkcijami in zdru\u017eljivostjo z EMOD.<\/p>\n","protected":false},"featured_media":696721,"template":"","meta":{"_acf_changed":false},"product_brand":[15147],"product_cat":[13427],"product_tag":[],"class_list":{"0":"post-696679","1":"product","2":"type-product","3":"status-publish","4":"has-post-thumbnail","6":"product_brand-eberlestock","7":"product_cat-nahrbtniki","9":"first","10":"outofstock","11":"taxable","12":"shipping-taxable","13":"purchasable","14":"product-type-variable","15":"wvs-archive-product-wrapper"},"acf":[],"_links":{"self":[{"href":"https:\/\/nbg.eu\/sl\/wp-json\/wp\/v2\/product\/696679","targetHints":{"allow":["GET"]}}],"collection":[{"href":"https:\/\/nbg.eu\/sl\/wp-json\/wp\/v2\/product"}],"about":[{"href":"https:\/\/nbg.eu\/sl\/wp-json\/wp\/v2\/types\/product"}],"wp:featuredmedia":[{"embeddable":true,"href":"https:\/\/nbg.eu\/sl\/wp-json\/wp\/v2\/media\/696721"}],"wp:attachment":[{"href":"https:\/\/nbg.eu\/sl\/wp-json\/wp\/v2\/media?parent=696679"}],"wp:term":[{"taxonomy":"product_brand","embeddable":true,"href":"https:\/\/nbg.eu\/sl\/wp-json\/wp\/v2\/product_brand?post=696679"},{"taxonomy":"product_cat","embeddable":true,"href":"https:\/\/nbg.eu\/sl\/wp-json\/wp\/v2\/product_cat?post=696679"},{"taxonomy":"product_tag","embeddable":true,"href":"https:\/\/nbg.eu\/sl\/wp-json\/wp\/v2\/product_tag?post=696679"}],"curies":[{"name":"wp","href":"https:\/\/api.w.org\/{rel}","templated":true}]}}