{"id":696839,"date":"2025-12-22T15:47:55","date_gmt":"2025-12-22T12:47:55","guid":{"rendered":"https:\/\/nbg.eu\/product\/misija-arc-multicam\/"},"modified":"2026-04-15T14:42:59","modified_gmt":"2026-04-15T11:42:59","slug":"misija-arc-multicam","status":"publish","type":"product","link":"https:\/\/nbg.eu\/sl\/izdelek\/misija-arc-multicam\/","title":{"rendered":"Eberlestock Mission ARC &#8211; Multicam"},"content":{"rendered":"<h2>Mission ARC-Multicam: Optimiziran nosilec opreme za operativno u\u010dinkovitost<\/h2>\n<p>Mission Adjustable Rifle Carrier (ARC) je funkcionalni vir za strokovnjake, ki morajo v terenu nositi dodatna sredstva. ARC pove\u010duje operativno zmogljivost in je zasnovan za uporabo z okvirjem Mission EMOD in podalj\u0161kom zadrge Mission. Z pritrditvijo na zadnji del okvirja Mission prek trakovih MOLLE deluje kot nosilec za natan\u010dne pu\u0161ke, platforme v slogu AR in lahko preva\u017ea drugo opremo, ki je bistvenega pomena za misijo.<\/p>\n<p>Uspeh misije je odvisen od natan\u010dnega na\u010drtovanja, natan\u010dnosti in u\u010dinkovite uporabe razpolo\u017eljivih virov. ARC je bil zgrajen za podporo potrebam po opremi v vsakem okolju. S 500D tkanino, nastavljivo osnovo, trakovi MOLLE, zadr\u017ealnimi pasovi in oja\u010dano podlago iz hipalona je Mission ARC-Multicam zasnovan za optimizacijo organizacije in dostopnosti opreme na terenu.<\/p>\n<p>Dimenzije: 15&#8243;V x 3&#8243;\u0160<\/p>\n","protected":false},"excerpt":{"rendered":"<p>Nosilec za pu\u0161ko Mission ARC-Multicam je funkcionalen in prilagodljiv, ki se pritrdi na okvir Mission EMOD in omogo\u010da prevoz natan\u010dnostnih pu\u0161k, platform v stilu AR in klju\u010dne opreme za misijo.<\/p>\n","protected":false},"featured_media":696876,"template":"","meta":{"_acf_changed":false},"product_brand":[15147],"product_cat":[13427],"product_tag":[],"class_list":{"0":"post-696839","1":"product","2":"type-product","3":"status-publish","4":"has-post-thumbnail","6":"product_brand-eberlestock","7":"product_cat-nahrbtniki","9":"first","10":"instock","11":"taxable","12":"shipping-taxable","13":"purchasable","14":"product-type-variable","15":"wvs-archive-product-wrapper"},"acf":[],"_links":{"self":[{"href":"https:\/\/nbg.eu\/sl\/wp-json\/wp\/v2\/product\/696839","targetHints":{"allow":["GET"]}}],"collection":[{"href":"https:\/\/nbg.eu\/sl\/wp-json\/wp\/v2\/product"}],"about":[{"href":"https:\/\/nbg.eu\/sl\/wp-json\/wp\/v2\/types\/product"}],"wp:featuredmedia":[{"embeddable":true,"href":"https:\/\/nbg.eu\/sl\/wp-json\/wp\/v2\/media\/696876"}],"wp:attachment":[{"href":"https:\/\/nbg.eu\/sl\/wp-json\/wp\/v2\/media?parent=696839"}],"wp:term":[{"taxonomy":"product_brand","embeddable":true,"href":"https:\/\/nbg.eu\/sl\/wp-json\/wp\/v2\/product_brand?post=696839"},{"taxonomy":"product_cat","embeddable":true,"href":"https:\/\/nbg.eu\/sl\/wp-json\/wp\/v2\/product_cat?post=696839"},{"taxonomy":"product_tag","embeddable":true,"href":"https:\/\/nbg.eu\/sl\/wp-json\/wp\/v2\/product_tag?post=696839"}],"curies":[{"name":"wp","href":"https:\/\/api.w.org\/{rel}","templated":true}]}}