{"id":697070,"date":"2025-12-22T16:18:10","date_gmt":"2025-12-22T13:18:10","guid":{"rendered":"https:\/\/nbg.eu\/product\/misija-zadrga-razsiritev-multicam\/"},"modified":"2026-04-15T14:42:55","modified_gmt":"2026-04-15T11:42:55","slug":"misija-zadrga-razsiritev-multicam","status":"publish","type":"product","link":"https:\/\/nbg.eu\/sl\/izdelek\/misija-zadrga-razsiritev-multicam\/","title":{"rendered":"Eberlestock Podalj\u0161ek Zadrge Mission EMOD &#8211; Multicam"},"content":{"rendered":"<h2>Misijonski zadrg podalj\u0161ek-Multicam<\/h2>\n<p>Misijonski zadrg podalj\u0161ek zdru\u017euje namen in uporabnost za uporabnika. Zadrg podalj\u0161ek se pritrdi na sprednjo stran Misijonskega EMOD okvirja in je zasnovan za uporabo z Misijonskim ARC-om in Misijonskim nahrbtnikom, da pove\u010date svojo zmogljivost in ve\u010dstransko uporabnost opreme. Trakovi MOLLE in dvoplastna 500D laminirana konstrukcija vam zagotavljajo potrebne funkcije za u\u010dinkovito upravljanje kablov, usmerjanje anten in pritrjevanje turniketov. Misijonski zadrg podalj\u0161ek deluje kot klju\u010dna dodatna oprema za okrepitev va\u0161e zmogljivosti na terenu.<\/p>\n<h2>Dimenzije<\/h2>\n<p>Dimenzije: 15&#8243; x 3&#8243;<\/p>\n<h2>Funkcije<\/h2>\n<ul>\n<li>Tkanina 500D<\/li>\n<li>YKK zadrge<\/li>\n<li>Dvojna plast laminata<\/li>\n<\/ul>\n","protected":false},"excerpt":{"rendered":"<p>Podalj\u0161ek za zadrgo Mission &#8211; Multicam pove\u010duje zmogljivost opreme z MOLLE trakovi in 500D laminatno konstrukcijo za upravljanje kablov in usmerjanje anten.<\/p>\n","protected":false},"featured_media":697107,"template":"","meta":{"_acf_changed":false},"product_brand":[15147],"product_cat":[13427],"product_tag":[],"class_list":{"0":"post-697070","1":"product","2":"type-product","3":"status-publish","4":"has-post-thumbnail","6":"product_brand-eberlestock","7":"product_cat-nahrbtniki","9":"first","10":"instock","11":"taxable","12":"shipping-taxable","13":"purchasable","14":"product-type-variable","15":"wvs-archive-product-wrapper"},"acf":[],"_links":{"self":[{"href":"https:\/\/nbg.eu\/sl\/wp-json\/wp\/v2\/product\/697070","targetHints":{"allow":["GET"]}}],"collection":[{"href":"https:\/\/nbg.eu\/sl\/wp-json\/wp\/v2\/product"}],"about":[{"href":"https:\/\/nbg.eu\/sl\/wp-json\/wp\/v2\/types\/product"}],"wp:featuredmedia":[{"embeddable":true,"href":"https:\/\/nbg.eu\/sl\/wp-json\/wp\/v2\/media\/697107"}],"wp:attachment":[{"href":"https:\/\/nbg.eu\/sl\/wp-json\/wp\/v2\/media?parent=697070"}],"wp:term":[{"taxonomy":"product_brand","embeddable":true,"href":"https:\/\/nbg.eu\/sl\/wp-json\/wp\/v2\/product_brand?post=697070"},{"taxonomy":"product_cat","embeddable":true,"href":"https:\/\/nbg.eu\/sl\/wp-json\/wp\/v2\/product_cat?post=697070"},{"taxonomy":"product_tag","embeddable":true,"href":"https:\/\/nbg.eu\/sl\/wp-json\/wp\/v2\/product_tag?post=697070"}],"curies":[{"name":"wp","href":"https:\/\/api.w.org\/{rel}","templated":true}]}}