{"id":697223,"date":"2025-12-22T16:34:07","date_gmt":"2025-12-22T13:34:07","guid":{"rendered":"https:\/\/nbg.eu\/product\/misija-okvir-emod-multicam\/"},"modified":"2026-04-15T14:42:52","modified_gmt":"2026-04-15T11:42:52","slug":"misija-okvir-emod-multicam","status":"publish","type":"product","link":"https:\/\/nbg.eu\/sl\/izdelek\/misija-okvir-emod-multicam\/","title":{"rendered":"Eberlestock Okvir Mission EMOD &#8211; Multicam"},"content":{"rendered":"<h2>Misijska Okvir &#8211; EMOD -Multicam<\/h2>\n<p>Temelj Misijske EMOD, Misijski Okvir, zagotavlja vzdr\u017eljiv, modularni in kompakten za\u010detni temelj za va\u0161o novo opremljenost. Po ne\u0161tetih urah testiranja in razvoja skupaj s pripadniki specialnih enot iz vseh vej, je bil ta okvir zasnovan tako, da se gladko prilega in deluje skupaj z va\u0161o opremo tako na vas kot tudi zunaj va\u0161e osebe.<\/p>\n<p>Mere: 2 funta 15 un\u010d<\/p>\n","protected":false},"excerpt":{"rendered":"<p>Okvirno gonilo EMOD -Multicam: trpe\u017eno, modularna in kompaktna izhodi\u0161\u010dna to\u010dka za va\u0161o opremo, zasnovana za specialne operacije.<\/p>\n","protected":false},"featured_media":697378,"template":"","meta":{"_acf_changed":false},"product_brand":[15147],"product_cat":[13427],"product_tag":[],"class_list":{"0":"post-697223","1":"product","2":"type-product","3":"status-publish","4":"has-post-thumbnail","6":"product_brand-eberlestock","7":"product_cat-nahrbtniki","9":"first","10":"instock","11":"taxable","12":"shipping-taxable","13":"purchasable","14":"product-type-variable","15":"wvs-archive-product-wrapper"},"acf":[],"_links":{"self":[{"href":"https:\/\/nbg.eu\/sl\/wp-json\/wp\/v2\/product\/697223","targetHints":{"allow":["GET"]}}],"collection":[{"href":"https:\/\/nbg.eu\/sl\/wp-json\/wp\/v2\/product"}],"about":[{"href":"https:\/\/nbg.eu\/sl\/wp-json\/wp\/v2\/types\/product"}],"wp:featuredmedia":[{"embeddable":true,"href":"https:\/\/nbg.eu\/sl\/wp-json\/wp\/v2\/media\/697378"}],"wp:attachment":[{"href":"https:\/\/nbg.eu\/sl\/wp-json\/wp\/v2\/media?parent=697223"}],"wp:term":[{"taxonomy":"product_brand","embeddable":true,"href":"https:\/\/nbg.eu\/sl\/wp-json\/wp\/v2\/product_brand?post=697223"},{"taxonomy":"product_cat","embeddable":true,"href":"https:\/\/nbg.eu\/sl\/wp-json\/wp\/v2\/product_cat?post=697223"},{"taxonomy":"product_tag","embeddable":true,"href":"https:\/\/nbg.eu\/sl\/wp-json\/wp\/v2\/product_tag?post=697223"}],"curies":[{"name":"wp","href":"https:\/\/api.w.org\/{rel}","templated":true}]}}