{"id":697541,"date":"2025-12-22T17:34:47","date_gmt":"2025-12-22T14:34:47","guid":{"rendered":"https:\/\/nbg.eu\/product\/torba-za-strelno-razdaljo-bang-bang\/"},"modified":"2026-04-15T14:42:44","modified_gmt":"2026-04-15T11:42:44","slug":"torba-za-strelno-razdaljo-bang-bang","status":"publish","type":"product","link":"https:\/\/nbg.eu\/sl\/izdelek\/torba-za-strelno-razdaljo-bang-bang\/","title":{"rendered":"Eberlestock Torba za Streli\u0161\u010de Bang-Bang"},"content":{"rendered":"<h2>Bang-Bang torba za streli\u0161\u010de<\/h2>\n<p>Bang Bang\u2122 je bila razvita kot kompaktna torba za streli\u0161\u010de, v kateri lahko shranite vso svojo bistveno opremo in jo za\u0161\u010ditite pred vremenskimi vplivi. Policarbonatno dno torbe jo naredi neprepustno za mokro zemljo, kamne, drobirje in prah s streli\u0161\u010da.<\/p>\n<p>Glavni predel ima prilagodljive, polnjene pregradke za varno in organizirano shranjevanje medicinskih izdelkov, orodja, foto opreme in strelske opreme. Spodnji predelek je idealen za pi\u0161tole, orodja ali celo kompaktno karabinko.<\/p>\n<h2>Dimenzije<\/h2>\n<p>Prostornina: 2062.5 c.i. \/ 33.80L<br \/>\nTe\u017ea: 4 lb<br \/>\nDimenzije: 10.25V x 21\u0160 x 10G<br \/>\nDimenzije spodnjega predelka: 21.5&#8243; D x 9.5&#8243; \u0160 x 2&#8243; V<\/p>\n<h2>Lastnosti<\/h2>\n<ul>\n<li>Policarbonatno dno<\/li>\n<li>Glavni predelek s polaganimi, prilagodljivimi pregradki<\/li>\n<li>Nastavljiv naramni pa\u0161\u010dek<\/li>\n<li>Prilagodljive organizacijske pregradke<\/li>\n<li>Spodnji predelek za varno shranjevanje<\/li>\n<\/ul>\n","protected":false},"excerpt":{"rendered":"<p>Torbica Bang-Bang Range je kompaktna, trajna torba s polkarbonatnim dnom in prilagodljivo notranjo opremo za za\u0161\u010dito va\u0161e bistvene opreme.<\/p>\n","protected":false},"featured_media":697592,"template":"","meta":{"_acf_changed":false},"product_brand":[15147],"product_cat":[13423],"product_tag":[],"class_list":{"0":"post-697541","1":"product","2":"type-product","3":"status-publish","4":"has-post-thumbnail","6":"product_brand-eberlestock","7":"product_cat-torbe-za-strelisce","9":"first","10":"instock","11":"taxable","12":"shipping-taxable","13":"purchasable","14":"product-type-variable","15":"wvs-archive-product-wrapper"},"acf":[],"_links":{"self":[{"href":"https:\/\/nbg.eu\/sl\/wp-json\/wp\/v2\/product\/697541","targetHints":{"allow":["GET"]}}],"collection":[{"href":"https:\/\/nbg.eu\/sl\/wp-json\/wp\/v2\/product"}],"about":[{"href":"https:\/\/nbg.eu\/sl\/wp-json\/wp\/v2\/types\/product"}],"wp:featuredmedia":[{"embeddable":true,"href":"https:\/\/nbg.eu\/sl\/wp-json\/wp\/v2\/media\/697592"}],"wp:attachment":[{"href":"https:\/\/nbg.eu\/sl\/wp-json\/wp\/v2\/media?parent=697541"}],"wp:term":[{"taxonomy":"product_brand","embeddable":true,"href":"https:\/\/nbg.eu\/sl\/wp-json\/wp\/v2\/product_brand?post=697541"},{"taxonomy":"product_cat","embeddable":true,"href":"https:\/\/nbg.eu\/sl\/wp-json\/wp\/v2\/product_cat?post=697541"},{"taxonomy":"product_tag","embeddable":true,"href":"https:\/\/nbg.eu\/sl\/wp-json\/wp\/v2\/product_tag?post=697541"}],"curies":[{"name":"wp","href":"https:\/\/api.w.org\/{rel}","templated":true}]}}