{"id":698006,"date":"2025-12-22T17:41:31","date_gmt":"2025-12-22T14:41:31","guid":{"rendered":"https:\/\/nbg.eu\/product\/paket-upranger\/"},"modified":"2026-01-07T13:14:46","modified_gmt":"2026-01-07T10:14:46","slug":"paket-upranger","status":"publish","type":"product","link":"https:\/\/nbg.eu\/sl\/izdelek\/paket-upranger\/","title":{"rendered":"Paket UpRanger"},"content":{"rendered":"<h2>UpRanger nahrbtnik: Preoblikujte svoj prenos opreme za 3-oro\u017eje in aktivnosti na prostem<\/h2>\n<p>Nahrbtnik UpRanger\u2122, ki je navdahnjen s potrebami prvaka v disciplini 3-oro\u017eja, spreminja pravila igre. Zasnovan je tako, da se lahko spusti na svojo trpe\u017eno polikarbonsko zunanjo stran, nahrbtnik pa se lahko odpre iz strani z naramnicami za hiter dostop do va\u0161e opreme, ne da bi pri\u0161lo do nepotrebne obrabe ali umazanije. Ne glede na to, ali ga uporabljate na streli\u0161\u010du, kot trpe\u017eno fotografsko torbo ali za kak\u0161no drugo aktivnost na prostem, ima UpRanger dovolj prostora in funkcij za to.<\/p>\n<p>Z prostornino 3260 kubi\u010dnih palcev (53,4 L) in te\u017eo le 6,45 funtov je UpRanger zelo zmogljiv, a hkrati lahek nahrbtnik. Njegovo oblazinjeno, nastavljivo ramensko oprtje zagotavlja udoben prenos, konfigurirani vmesniki pa vam omogo\u010dajo prilagoditev notranje razporeditve glede na va\u0161e specifi\u010dne potrebe. Za dodatno za\u0161\u010dito je nahrbtnik zdru\u017eljiv z na\u0161im velikim reverzibilnim de\u017enim pokrivalom, ki bo va\u0161e stvari v slabem vremenu ohranil suhe.<\/p>\n<p>Za popolno nastavitev za 3-oro\u017eje nahrbtnik UpRanger zdru\u017eite z na\u0161imi pu\u0161kastami Sidewinder za enotno re\u0161itev, ki va\u0161e oro\u017eje varno in lahko dostopno. Odstranljivi stranski krilni paneli zagotavljajo dodatno prilagodljivost, ki vam omogo\u010da konfiguriranje nahrbtnika v skladu z va\u0161imi posebnimi zahtevami.<\/p>\n<p>Dvignite upravljanje va\u0161e opreme na prostem z inovativnim nahrbtnikom UpRanger, zasnovanim za poenostavitev va\u0161ih dejavnosti in ohranjanje va\u0161e bistvene opreme organizirane in za\u0161\u010ditene.<\/p>\n","protected":false},"excerpt":{"rendered":"<p>Ve\u010dnamenski 3-Gun nahrbtnik s polietilensko osnovo za hitri, brezpra\u0161ni dostop.<\/p>\n","protected":false},"featured_media":696446,"template":"","meta":{"_acf_changed":false},"product_brand":[15147],"product_cat":[13427],"product_tag":[],"class_list":{"0":"post-698006","1":"product","2":"type-product","3":"status-publish","4":"has-post-thumbnail","6":"product_brand-eberlestock","7":"product_cat-nahrbtniki","9":"first","10":"instock","11":"taxable","12":"shipping-taxable","13":"purchasable","14":"product-type-variable","15":"wvs-archive-product-wrapper"},"acf":[],"_links":{"self":[{"href":"https:\/\/nbg.eu\/sl\/wp-json\/wp\/v2\/product\/698006","targetHints":{"allow":["GET"]}}],"collection":[{"href":"https:\/\/nbg.eu\/sl\/wp-json\/wp\/v2\/product"}],"about":[{"href":"https:\/\/nbg.eu\/sl\/wp-json\/wp\/v2\/types\/product"}],"wp:featuredmedia":[{"embeddable":true,"href":"https:\/\/nbg.eu\/sl\/wp-json\/wp\/v2\/media\/696446"}],"wp:attachment":[{"href":"https:\/\/nbg.eu\/sl\/wp-json\/wp\/v2\/media?parent=698006"}],"wp:term":[{"taxonomy":"product_brand","embeddable":true,"href":"https:\/\/nbg.eu\/sl\/wp-json\/wp\/v2\/product_brand?post=698006"},{"taxonomy":"product_cat","embeddable":true,"href":"https:\/\/nbg.eu\/sl\/wp-json\/wp\/v2\/product_cat?post=698006"},{"taxonomy":"product_tag","embeddable":true,"href":"https:\/\/nbg.eu\/sl\/wp-json\/wp\/v2\/product_tag?post=698006"}],"curies":[{"name":"wp","href":"https:\/\/api.w.org\/{rel}","templated":true}]}}