{"id":698303,"date":"2025-12-22T17:45:44","date_gmt":"2025-12-22T14:45:44","guid":{"rendered":"https:\/\/nbg.eu\/product\/podloga-za-takticno-streljanje\/"},"modified":"2026-04-15T14:42:40","modified_gmt":"2026-04-15T11:42:40","slug":"podloga-za-takticno-streljanje","status":"publish","type":"product","link":"https:\/\/nbg.eu\/sl\/izdelek\/podloga-za-takticno-streljanje\/","title":{"rendered":"Eberlestock Strelska Podloga Dirt Nap"},"content":{"rendered":"<h2>Talna podloga za streljanje Dirt Nap: optimizirana za udobje in priro\u010dnost pri streljanju v le\u017ee\u010dem polo\u017eaju<\/h2>\n<p>Talna podloga za streljanje Dirt Nap je strokovno zasnovana in prednostno namenjena polo\u017eaju streljanja v le\u017ee\u010dem polo\u017eaju. Izbolj\u0161uje va\u0161e izlete z odli\u010dno udobnostjo in prakti\u010dnostjo, kar jo naredi za bistveni dodatek va\u0161i opremi za dan na streli\u0161\u010du.<\/p>\n<p>Dirt Nap ima posami\u010dno oblazinjene celice, ki ustvarjajo naravne gube, kar omogo\u010da enostavno zlaganje in kompaktno shranjevanje. Z polno blazinjenje v zgornjem delu in podalj\u0161anjem do sredine zadnjega dela zagotavlja najve\u010dje udobje prav tam, kjer ga potrebujete najbolj.<\/p>\n<p>Meri 94&#8243;D x 34&#8243;\u0160 in se zlo\u017ei na kompaktno velikost 12&#8243; x 17&#8243;, talna podloga Dirt Nap Shooting Mat pa tehta le 4lbs. 13oz. Njena odporna 600D PVC prevle\u010dena najlonska konstrukcija, PVC prevle\u010dena spodnja stran in priro\u010den ro\u010daj za prena\u0161anje jo delajo trdno in prakti\u010dno izbiro za vsakega strelca.<\/p>\n<p>Za\u0161\u010ditna re\u017ea z 20mm pasovi in zaponkami zagotavlja, da bo va\u0161a talna podloga Dirt Nap varno name\u0161\u010dena, medtem ko njene premi\u0161ljene funkcijske lastnosti iz nje naredijo bistveno opremo za va\u0161 naslednji dan na streli\u0161\u010du.<\/p>\n","protected":false},"excerpt":{"rendered":"<p>Strelska podloga Dirt Nap &#8211; mojstrsko oblikovana za streljanje iz le\u017ee\u010dega polo\u017eaja, ki zagotavlja vrhunsko udobje in prakti\u010dnost.<\/p>\n","protected":false},"featured_media":698403,"template":"","meta":{"_acf_changed":false},"product_brand":[15147],"product_cat":[13491],"product_tag":[],"class_list":{"0":"post-698303","1":"product","2":"type-product","3":"status-publish","4":"has-post-thumbnail","6":"product_brand-eberlestock","7":"product_cat-oprema","9":"first","10":"instock","11":"taxable","12":"shipping-taxable","13":"purchasable","14":"product-type-variable","15":"wvs-archive-product-wrapper"},"acf":[],"_links":{"self":[{"href":"https:\/\/nbg.eu\/sl\/wp-json\/wp\/v2\/product\/698303","targetHints":{"allow":["GET"]}}],"collection":[{"href":"https:\/\/nbg.eu\/sl\/wp-json\/wp\/v2\/product"}],"about":[{"href":"https:\/\/nbg.eu\/sl\/wp-json\/wp\/v2\/types\/product"}],"wp:featuredmedia":[{"embeddable":true,"href":"https:\/\/nbg.eu\/sl\/wp-json\/wp\/v2\/media\/698403"}],"wp:attachment":[{"href":"https:\/\/nbg.eu\/sl\/wp-json\/wp\/v2\/media?parent=698303"}],"wp:term":[{"taxonomy":"product_brand","embeddable":true,"href":"https:\/\/nbg.eu\/sl\/wp-json\/wp\/v2\/product_brand?post=698303"},{"taxonomy":"product_cat","embeddable":true,"href":"https:\/\/nbg.eu\/sl\/wp-json\/wp\/v2\/product_cat?post=698303"},{"taxonomy":"product_tag","embeddable":true,"href":"https:\/\/nbg.eu\/sl\/wp-json\/wp\/v2\/product_tag?post=698303"}],"curies":[{"name":"wp","href":"https:\/\/api.w.org\/{rel}","templated":true}]}}