{"id":698731,"date":"2025-12-22T17:51:28","date_gmt":"2025-12-22T14:51:28","guid":{"rendered":"https:\/\/nbg.eu\/product\/lodrag-ii-pack\/"},"modified":"2026-04-15T14:42:37","modified_gmt":"2026-04-15T11:42:37","slug":"lodrag-ii-pack","status":"publish","type":"product","link":"https:\/\/nbg.eu\/sl\/izdelek\/lodrag-ii-pack\/","title":{"rendered":"Eberlestock Nahrbtnik LoDrag II"},"content":{"rendered":"<h2>X31 LoDrag II\u2122 takti\u010dna prtljaga<\/h2>\n<p>Zasnovana kot zelo funkcionalna, lahka takti\u010dna prtljaga, ki vklju\u010duje tudi takti\u010dni tulec za oro\u017eje, je X31 LoDrag II\u2122 stalnica v svetu natan\u010dnostnega strelstva. V glavni predalec ima LoDrag II zlo\u017eljivo polico za lo\u010devanje zgornjega in spodnjega prostora za tovor ter rokav za na\u0161e 2L in 3L sisteme za hidracijo. Stranski pritisni trakovi imajo HD 25 mm zaponke za hitro spro\u0161\u010danje predmetov, kot so stojala, stisnjena ob stran prtljage.<\/p>\n<h2>Mere<\/h2>\n<p>Prostornina: 2290 c.i. \/ 37,5 L<br \/>\nTe\u017ea: 6,85 lb<br \/>\nMere: 22,5H x 11\u0160 x 11,75G<br \/>\nMere tulca: 34&#8243; V x 10&#8243; \u0160 x 3G<\/p>\n<h2>Lastnosti<\/h2>\n<ul>\n<li>Takti\u010dni tulec za oro\u017eje<\/li>\n<li>Zlo\u017eljiva polica za lo\u010devanje zgornjega in spodnjega prostora za tovor<\/li>\n<li>Prilo\u017eeni de\u017eni pokrov<\/li>\n<li>Rokav za hidracijo<\/li>\n<\/ul>\n","protected":false},"excerpt":{"rendered":"<p>Lahek takti\u010dni nahrbtnik z nastavkom za oro\u017eje, zlo\u017eljiva polica in rokav za hidracijo.<\/p>\n","protected":false},"featured_media":698800,"template":"","meta":{"_acf_changed":false},"product_brand":[15147],"product_cat":[13427],"product_tag":[],"class_list":{"0":"post-698731","1":"product","2":"type-product","3":"status-publish","4":"has-post-thumbnail","6":"product_brand-eberlestock","7":"product_cat-nahrbtniki","9":"first","10":"instock","11":"taxable","12":"shipping-taxable","13":"purchasable","14":"product-type-variable","15":"wvs-archive-product-wrapper"},"acf":[],"_links":{"self":[{"href":"https:\/\/nbg.eu\/sl\/wp-json\/wp\/v2\/product\/698731","targetHints":{"allow":["GET"]}}],"collection":[{"href":"https:\/\/nbg.eu\/sl\/wp-json\/wp\/v2\/product"}],"about":[{"href":"https:\/\/nbg.eu\/sl\/wp-json\/wp\/v2\/types\/product"}],"wp:featuredmedia":[{"embeddable":true,"href":"https:\/\/nbg.eu\/sl\/wp-json\/wp\/v2\/media\/698800"}],"wp:attachment":[{"href":"https:\/\/nbg.eu\/sl\/wp-json\/wp\/v2\/media?parent=698731"}],"wp:term":[{"taxonomy":"product_brand","embeddable":true,"href":"https:\/\/nbg.eu\/sl\/wp-json\/wp\/v2\/product_brand?post=698731"},{"taxonomy":"product_cat","embeddable":true,"href":"https:\/\/nbg.eu\/sl\/wp-json\/wp\/v2\/product_cat?post=698731"},{"taxonomy":"product_tag","embeddable":true,"href":"https:\/\/nbg.eu\/sl\/wp-json\/wp\/v2\/product_tag?post=698731"}],"curies":[{"name":"wp","href":"https:\/\/api.w.org\/{rel}","templated":true}]}}