{"id":699120,"date":"2025-12-22T17:57:48","date_gmt":"2025-12-22T14:57:48","guid":{"rendered":"https:\/\/nbg.eu\/product\/puska-ii-paket\/"},"modified":"2026-04-15T14:42:33","modified_gmt":"2026-04-15T11:42:33","slug":"puska-ii-paket","status":"publish","type":"product","link":"https:\/\/nbg.eu\/sl\/izdelek\/puska-ii-paket\/","title":{"rendered":"Eberlestock Nahrbtnik G2 Gunslinger II"},"content":{"rendered":"<h2>Gunslinger II\u2122 takti\u010dni nahrbtnik<\/h2>\n<p>Gunslinger II\u2122 je srednje velik takti\u010dni nahrbtnik s polno \u0161irino ohi\u0161ja, ki omogo\u010da bolj\u0161e prilagajanje oro\u017eju z ve\u010djimi pre\u010dnimi preseki ali voluminoznimi opti\u010dnimi napravami. \u0160iroko ohi\u0161je omogo\u010da tudi uporabo kot odli\u010dno predal\u010dek za prenosni ra\u010dunalnik ali voja\u0161ki radio. Tudi ko je ohi\u0161je zlo\u017eeno, bo v nahrbtnik povsem ustrezalo ve\u010dina kratkoreznih pu\u0161k. Gunslinger II ima prostornino 2100 kubi\u010dnih palcev in standardno vklju\u010duje na\u0161 cevni okvir Intex-II\u2122 brez police, povsem nastavljiv naramni jermen in podlo\u017een trebu\u0161ni pas.<\/p>\n<h2>Dimenzije<\/h2>\n<p>Prostornina nahrbtnika: 2.100 c.i. \/ 34,41 L<br \/>\nProstornina ohi\u0161ja: 600 c.i.<br \/>\n-Skupna prostornina: 44 litrov \/ 2.700 c.i.<br \/>\n-Te\u017ea: 6 funtov in 8 un\u010d.<br \/>\n-Dimenzije glavnega dela: 22&#8243; v x 10&#8243; \u0161 x 8&#8243; g<br \/>\n-Dimenzije ohi\u0161ja: 34&#8243; D x 10&#8243; \u0160 x 3&#8243; G, z odprtino premera 26 palcev. Pokrov GSTC omogo\u010da zaprto no\u0161enje oro\u017eja do 60&#8243; dol\u017eine.<br \/>\n-Dejanska te\u017ea: 6,5 funtov (s GSTC).<\/p>\n<h2>Zna\u010dilnosti<\/h2>\n<p>Zgornji \u017eepek<br \/>\n-Nakladalna plo\u0161\u010da<br \/>\n-\u017depki za steklenice z vodo<br \/>\n-Integrirano ohi\u0161je za pu\u0161ko<br \/>\n-Kompresijski pasovi Grapple<br \/>\n-Zgornje vrvno in sprednje zadrgelno odpiranje<br \/>\n-Okvir Intex II Tubular<\/p>\n","protected":false},"excerpt":{"rendered":"<p>Gunslinger II\u2122 je srednje velik takti\u010dni nahrbtnik s celotno \u0161irino no\u017enice za bolj\u0161e prilagajanje oro\u017eja z ve\u010djimi pre\u010dnimi prerezi ali voluminoznimi opti\u010dnimi napravami.<\/p>\n","protected":false},"featured_media":699196,"template":"","meta":{"_acf_changed":false},"product_brand":[15147],"product_cat":[13427],"product_tag":[],"class_list":{"0":"post-699120","1":"product","2":"type-product","3":"status-publish","4":"has-post-thumbnail","6":"product_brand-eberlestock","7":"product_cat-nahrbtniki","9":"first","10":"instock","11":"taxable","12":"shipping-taxable","13":"purchasable","14":"product-type-variable","15":"wvs-archive-product-wrapper"},"acf":[],"_links":{"self":[{"href":"https:\/\/nbg.eu\/sl\/wp-json\/wp\/v2\/product\/699120","targetHints":{"allow":["GET"]}}],"collection":[{"href":"https:\/\/nbg.eu\/sl\/wp-json\/wp\/v2\/product"}],"about":[{"href":"https:\/\/nbg.eu\/sl\/wp-json\/wp\/v2\/types\/product"}],"wp:featuredmedia":[{"embeddable":true,"href":"https:\/\/nbg.eu\/sl\/wp-json\/wp\/v2\/media\/699196"}],"wp:attachment":[{"href":"https:\/\/nbg.eu\/sl\/wp-json\/wp\/v2\/media?parent=699120"}],"wp:term":[{"taxonomy":"product_brand","embeddable":true,"href":"https:\/\/nbg.eu\/sl\/wp-json\/wp\/v2\/product_brand?post=699120"},{"taxonomy":"product_cat","embeddable":true,"href":"https:\/\/nbg.eu\/sl\/wp-json\/wp\/v2\/product_cat?post=699120"},{"taxonomy":"product_tag","embeddable":true,"href":"https:\/\/nbg.eu\/sl\/wp-json\/wp\/v2\/product_tag?post=699120"}],"curies":[{"name":"wp","href":"https:\/\/api.w.org\/{rel}","templated":true}]}}