{"id":699650,"date":"2025-12-22T18:02:07","date_gmt":"2025-12-22T15:02:07","guid":{"rendered":"https:\/\/nbg.eu\/product\/dezna-prevleka-za-bino\/"},"modified":"2026-04-15T14:42:29","modified_gmt":"2026-04-15T11:42:29","slug":"dezna-prevleka-za-bino","status":"publish","type":"product","link":"https:\/\/nbg.eu\/sl\/izdelek\/dezna-prevleka-za-bino\/","title":{"rendered":"Eberlestock De\u017eevna Za\u0161\u010dita za Daljnogled Recon"},"content":{"rendered":"<h2>Bino Rain Fly: Kompaktna in lahka za\u0161\u010dita za va\u0161e opti\u010dne pripomo\u010dke<\/h2>\n<p>Bino Rain Fly je vsestransko in kompaktno re\u0161itev za ohranjanje suhosti in za\u0161\u010dito va\u0161ih daljnogledov pred vremenskimi vplivi. Zasnovan je za enostavno povezavo z Recon Bino Harness, in nudi zanesljivo kritje in preprostost uporabe.<\/p>\n<p>Izdelan je iz vzdr\u017eljivih in lahkih materialov, Bino Rain Fly se pospravi v prilo\u017eeno vre\u010dico, kar ga naredi enostavnega za prena\u0161anje in dostopnega, ko ga potrebujete. 10 mm jermen omogo\u010da varno pritrditev na va\u0161o opremo, tako da bodo va\u0161i daljnogledi za\u0161\u010diteni pred de\u017ejem, snegom in drugimi vremenskimi razmerami.<\/p>\n<p>Z zasnovo, ki zagotavlja popolno kritje, Bino Rain Fly v celoti ovija Recon Bino Harness, zagotavljajo\u010d celovito za\u0161\u010dito za va\u0161e opti\u010dne pripomo\u010dke. Ostanite osredoto\u010deni na svoja zunanja do\u017eivetja, ne da bi se pri tem obremenjevali, da bi vremenske razmere vplivale na va\u0161e gledanje.<\/p>\n<p>Ne glede na to, ali opazujete pti\u010de, lovite ali raziskujete naravo, je Bino Rain Fly nujni dodatek za ohranjanje suhosti in vrhunskega stanja va\u0161ih daljnogledov. Kompakten, lahek in enostaven za uporabo, je popolni spremljevalec vsakega navdu\u0161enca nad zunanjimi dejavnostmi.<\/p>\n","protected":false},"excerpt":{"rendered":"<p>Kompaktna, lahka de\u017ena prevleka, ki \u0161\u010diti va\u0161 Recon Bino Harness.<\/p>\n","protected":false},"featured_media":700111,"template":"","meta":{"_acf_changed":false},"product_brand":[15147],"product_cat":[15216],"product_tag":[],"class_list":{"0":"post-699650","1":"product","2":"type-product","3":"status-publish","4":"has-post-thumbnail","6":"product_brand-eberlestock","7":"product_cat-binocular-harnesses-sl","9":"first","10":"instock","11":"taxable","12":"shipping-taxable","13":"purchasable","14":"product-type-variable","15":"wvs-archive-product-wrapper"},"acf":[],"_links":{"self":[{"href":"https:\/\/nbg.eu\/sl\/wp-json\/wp\/v2\/product\/699650","targetHints":{"allow":["GET"]}}],"collection":[{"href":"https:\/\/nbg.eu\/sl\/wp-json\/wp\/v2\/product"}],"about":[{"href":"https:\/\/nbg.eu\/sl\/wp-json\/wp\/v2\/types\/product"}],"wp:featuredmedia":[{"embeddable":true,"href":"https:\/\/nbg.eu\/sl\/wp-json\/wp\/v2\/media\/700111"}],"wp:attachment":[{"href":"https:\/\/nbg.eu\/sl\/wp-json\/wp\/v2\/media?parent=699650"}],"wp:term":[{"taxonomy":"product_brand","embeddable":true,"href":"https:\/\/nbg.eu\/sl\/wp-json\/wp\/v2\/product_brand?post=699650"},{"taxonomy":"product_cat","embeddable":true,"href":"https:\/\/nbg.eu\/sl\/wp-json\/wp\/v2\/product_cat?post=699650"},{"taxonomy":"product_tag","embeddable":true,"href":"https:\/\/nbg.eu\/sl\/wp-json\/wp\/v2\/product_tag?post=699650"}],"curies":[{"name":"wp","href":"https:\/\/api.w.org\/{rel}","templated":true}]}}