{"id":700382,"date":"2025-12-22T18:10:47","date_gmt":"2025-12-22T15:10:47","guid":{"rendered":"https:\/\/nbg.eu\/product\/molle-panel\/"},"modified":"2026-04-15T14:42:25","modified_gmt":"2026-04-15T11:42:25","slug":"molle-panel","status":"publish","type":"product","link":"https:\/\/nbg.eu\/sl\/izdelek\/molle-panel\/","title":{"rendered":"Eberlestock MOLLE Plo\u0161\u010da Recon"},"content":{"rendered":"<h2>Recon MOLLE Plo\u0161\u010da &#8211; Vsestransko Dodatek za Va\u0161o Daljnogled Naprtniko<\/h2>\n<p>Recon MOLLE Plo\u0161\u010da je preprost, a vsestranski dodatek za va\u0161o daljnogled naprtniko. Omogo\u010da priro\u010den na\u010din za pritrditev razli\u010dnih torbic, kot so Recon Bearspray Torbica ali Recon Rangefinder Torbica, vodoravno pod va\u0161o daljnogled torbico. Ta plo\u0161\u010da slu\u017ei tudi kot varna platforma za MOLLE-zdru\u017eljive pi\u0161tolske tokove, kar vam omogo\u010da, da varno in udobno nosite pi\u0161tolo na svoji daljnogled naprtnici.<\/p>\n<p>Meri 6 palcev \u0161iroko in 3,25 palca visoko, Recon MOLLE Plo\u0161\u010da ponuja kompaktno in ohlapno zasnovo, ki ne bo dodala nepotrebne velikosti va\u0161emu opremi. Njegova MOLLE-zdru\u017eljiva gradnja zagotavlja zdru\u017eljivost s \u0161irokim razponom dodatkov, kar vam daje pro\u017enost pri prilagajanju va\u0161e nastavitve, da ustreza va\u0161im specifi\u010dnim potrebam.<\/p>\n","protected":false},"excerpt":{"rendered":"<p>Ve\u010dnamenski MOLLE panel za pritrditev torbic in no\u0161enje pi\u0161tole na naramnicah za daljnogled.<\/p>\n","protected":false},"featured_media":700457,"template":"","meta":{"_acf_changed":false},"product_brand":[15147],"product_cat":[13481],"product_tag":[],"class_list":{"0":"post-700382","1":"product","2":"type-product","3":"status-publish","4":"has-post-thumbnail","6":"product_brand-eberlestock","7":"product_cat-torbice","9":"first","10":"instock","11":"taxable","12":"shipping-taxable","13":"purchasable","14":"product-type-variable","15":"wvs-archive-product-wrapper"},"acf":[],"_links":{"self":[{"href":"https:\/\/nbg.eu\/sl\/wp-json\/wp\/v2\/product\/700382","targetHints":{"allow":["GET"]}}],"collection":[{"href":"https:\/\/nbg.eu\/sl\/wp-json\/wp\/v2\/product"}],"about":[{"href":"https:\/\/nbg.eu\/sl\/wp-json\/wp\/v2\/types\/product"}],"wp:featuredmedia":[{"embeddable":true,"href":"https:\/\/nbg.eu\/sl\/wp-json\/wp\/v2\/media\/700457"}],"wp:attachment":[{"href":"https:\/\/nbg.eu\/sl\/wp-json\/wp\/v2\/media?parent=700382"}],"wp:term":[{"taxonomy":"product_brand","embeddable":true,"href":"https:\/\/nbg.eu\/sl\/wp-json\/wp\/v2\/product_brand?post=700382"},{"taxonomy":"product_cat","embeddable":true,"href":"https:\/\/nbg.eu\/sl\/wp-json\/wp\/v2\/product_cat?post=700382"},{"taxonomy":"product_tag","embeddable":true,"href":"https:\/\/nbg.eu\/sl\/wp-json\/wp\/v2\/product_tag?post=700382"}],"curies":[{"name":"wp","href":"https:\/\/api.w.org\/{rel}","templated":true}]}}