{"id":700827,"date":"2025-12-22T18:16:35","date_gmt":"2025-12-22T15:16:35","guid":{"rendered":"https:\/\/nbg.eu\/product\/torba-za-daljinomer\/"},"modified":"2026-04-15T14:42:22","modified_gmt":"2026-04-15T11:42:22","slug":"torba-za-daljinomer","status":"publish","type":"product","link":"https:\/\/nbg.eu\/sl\/izdelek\/torba-za-daljinomer\/","title":{"rendered":"Eberlestock Torbica za Daljinomer Recon"},"content":{"rendered":"<h2>Recon Rangefinder Pouch: Za\u0161\u010ditite svojo opremo, izbolj\u0161ajte svojo natan\u010dnost<\/h2>\n<p>Dvignite svoje avanture na prostem z Recon Rangefinder Pouch, oblikovanim za za\u0161\u010dito va\u0161ega bistvene opreme za merjenje razdalje. Izdelan z natan\u010dno pozornostjo na podrobnosti, ta torbica nudi neprekosljivo za\u0161\u010dito in udobje, kar zagotavlja, da bo va\u0161a oprema ostala varna in takoj dostopna.<\/p>\n<p>Z magnetnim sprednjim odpiranjem pokrova Recon Rangefinder Pouch prepre\u010duje vdor prahu in umazanije, kar ohranja neopore\u010dno stanje stekla va\u0161ega razdaljemera. Pritrjevanje na elasti\u010dni trak vam omogo\u010da, da svojo napravo preprosto spustite, ne da bi se bali po\u0161kodbe ali izgube, in tako imata prosti roki za zahtevnej\u0161e naloge.<\/p>\n<p>Z dimenzijami 1,75&#8243; G x 3,25&#8243; \u0160 x 5&#8243; V Recon Rangefinder Pouch teko\u010de vklju\u010duje v va\u0161o zunanjo opremo, s \u010dimer zagotavlja diskretno in pregledno re\u0161itev za shranjevanje. Ne glede na to, ali ste zagrizen lovec, predani planinec ali strastni strelec, je ta ve\u010dnamenska torbica popolna spremljevalka za za\u0161\u010dito va\u0161e dragocene opreme za merjenje razdalje.<\/p>\n<p>Izbolj\u0161ajte svojo izku\u0161njo na prostem z Recon Rangefinder Pouch, ultimativnim dodatkom za zahtevnega pustolovca, ki zahteva najbolj\u0161e v za\u0161\u010diti in priro\u010dnosti opreme.<\/p>\n","protected":false},"excerpt":{"rendered":"<p>Potni kov\u010dek za daljinomer Recon \u0161\u010diti va\u0161o napravo z magnetnim pokrovom in vrvico s spono za varno in priro\u010dno prena\u0161anje.<\/p>\n","protected":false},"featured_media":700882,"template":"","meta":{"_acf_changed":false},"product_brand":[15147],"product_cat":[13481],"product_tag":[],"class_list":{"0":"post-700827","1":"product","2":"type-product","3":"status-publish","4":"has-post-thumbnail","6":"product_brand-eberlestock","7":"product_cat-torbice","9":"first","10":"instock","11":"taxable","12":"shipping-taxable","13":"purchasable","14":"product-type-variable","15":"wvs-archive-product-wrapper"},"acf":[],"_links":{"self":[{"href":"https:\/\/nbg.eu\/sl\/wp-json\/wp\/v2\/product\/700827","targetHints":{"allow":["GET"]}}],"collection":[{"href":"https:\/\/nbg.eu\/sl\/wp-json\/wp\/v2\/product"}],"about":[{"href":"https:\/\/nbg.eu\/sl\/wp-json\/wp\/v2\/types\/product"}],"wp:featuredmedia":[{"embeddable":true,"href":"https:\/\/nbg.eu\/sl\/wp-json\/wp\/v2\/media\/700882"}],"wp:attachment":[{"href":"https:\/\/nbg.eu\/sl\/wp-json\/wp\/v2\/media?parent=700827"}],"wp:term":[{"taxonomy":"product_brand","embeddable":true,"href":"https:\/\/nbg.eu\/sl\/wp-json\/wp\/v2\/product_brand?post=700827"},{"taxonomy":"product_cat","embeddable":true,"href":"https:\/\/nbg.eu\/sl\/wp-json\/wp\/v2\/product_cat?post=700827"},{"taxonomy":"product_tag","embeddable":true,"href":"https:\/\/nbg.eu\/sl\/wp-json\/wp\/v2\/product_tag?post=700827"}],"curies":[{"name":"wp","href":"https:\/\/api.w.org\/{rel}","templated":true}]}}