{"id":701120,"date":"2025-12-22T18:40:25","date_gmt":"2025-12-22T15:40:25","guid":{"rendered":"https:\/\/nbg.eu\/product\/hitri-primer\/"},"modified":"2026-04-15T14:42:18","modified_gmt":"2026-04-15T11:42:18","slug":"hitri-primer","status":"publish","type":"product","link":"https:\/\/nbg.eu\/sl\/izdelek\/hitri-primer\/","title":{"rendered":"Eberlestock Torbica Recon Quickcase"},"content":{"rendered":"<h2>Quickcase: Va\u0161 kompaktni pre\u017eivitveni pripomo\u010dek<\/h2>\n<p>Quickcase je ve\u010dnamenski zadr\u017eevalni \u017eep, zasnovan za popolno pritrditev na modul Recon Modular Bino Harness. Ta kompaktni dodatek nudi idealno re\u0161itev za shranjevanje in zavarovanje va\u0161ega bistvenega pre\u017eivitvenega opreme, kar zagotavlja, da ste vedno pripravljeni na nepredvidljivo.<\/p>\n<p>Z natan\u010dno mero velikosti Quickcase nudi dovolj prostora za majhen komplet za pre\u017eivetje, kar ga dela nepogre\u0161ljivega sopotnika, \u010de bi se kdaj lo\u010dili od va\u0161ega glavnega nahrbtnika. Njegova vzdr\u017eljiva konstrukcija in varna zadrga poskrbita, da so va\u0161i klju\u010dni predmeti varni in dostopni, ko jih najbolj potrebujete.<\/p>\n<p>Vendar pa uporabnost Quickcase sega dlje od same pripravljenosti na pre\u017eivetje. Uporabite ga kot priro\u010dno shranjevalno vre\u010dko za majhne predmete, tako da ostanejo organizirani in pri roki, medtem ko ste na poti. Bodisi da greste na pohod, kampiranje ali katerokoli drugo zunanjo dejavnost, bo ta ve\u010dnamenski dodatek postal nepogre\u0161ljiv del va\u0161e opreme.<\/p>\n<p>Zasnovan za popolno integracijo z modulom Recon Modular Bino Harness se Quickcase varno pritrdi na trak s kavelj\u010dki in zankami na hrbtni strani oprsnika. Ta integracija vam omogo\u010da, da imate va\u0161e bistvene predmete pri roki, kar sprosti prostor v va\u0161em glavnem nahrbtniku in zagotavlja, da imate vse, kar potrebujete, pri roki.<\/p>\n","protected":false},"excerpt":{"rendered":"<p>Majhen ziper torbica, ki se pritrdi na Recon Modular Bino Harness za shranjevanje pre\u017eivetvenega seta ali manj\u0161ih predmetov.<\/p>\n","protected":false},"featured_media":701186,"template":"","meta":{"_acf_changed":false},"product_brand":[15147],"product_cat":[13481],"product_tag":[],"class_list":{"0":"post-701120","1":"product","2":"type-product","3":"status-publish","4":"has-post-thumbnail","6":"product_brand-eberlestock","7":"product_cat-torbice","9":"first","10":"instock","11":"taxable","12":"shipping-taxable","13":"purchasable","14":"product-type-variable","15":"wvs-archive-product-wrapper"},"acf":[],"_links":{"self":[{"href":"https:\/\/nbg.eu\/sl\/wp-json\/wp\/v2\/product\/701120","targetHints":{"allow":["GET"]}}],"collection":[{"href":"https:\/\/nbg.eu\/sl\/wp-json\/wp\/v2\/product"}],"about":[{"href":"https:\/\/nbg.eu\/sl\/wp-json\/wp\/v2\/types\/product"}],"wp:featuredmedia":[{"embeddable":true,"href":"https:\/\/nbg.eu\/sl\/wp-json\/wp\/v2\/media\/701186"}],"wp:attachment":[{"href":"https:\/\/nbg.eu\/sl\/wp-json\/wp\/v2\/media?parent=701120"}],"wp:term":[{"taxonomy":"product_brand","embeddable":true,"href":"https:\/\/nbg.eu\/sl\/wp-json\/wp\/v2\/product_brand?post=701120"},{"taxonomy":"product_cat","embeddable":true,"href":"https:\/\/nbg.eu\/sl\/wp-json\/wp\/v2\/product_cat?post=701120"},{"taxonomy":"product_tag","embeddable":true,"href":"https:\/\/nbg.eu\/sl\/wp-json\/wp\/v2\/product_tag?post=701120"}],"curies":[{"name":"wp","href":"https:\/\/api.w.org\/{rel}","templated":true}]}}