{"id":701817,"date":"2025-12-23T11:39:12","date_gmt":"2025-12-23T08:39:12","guid":{"rendered":"https:\/\/nbg.eu\/product\/grela\/"},"modified":"2026-04-15T14:42:14","modified_gmt":"2026-04-15T11:42:14","slug":"grela","status":"publish","type":"product","link":"https:\/\/nbg.eu\/sl\/izdelek\/grela\/","title":{"rendered":"Eberlestock Grelnik za Roke Recon"},"content":{"rendered":"<h2>Recon Toplo: Brezskrbna toplota za outdoor avanture<\/h2>\n<p>Ohranjanje toplote rok brez \u017ertvovanja spretnosti ni nikoli bilo la\u017eje s Recon Toplo. Ta inovativni dodatek se zlahka pritrdi na Recon Modularno Dvogled Pritrdi\u0161\u010de, kar vam omogo\u010da, da ohranite optimalen polo\u017eaj rok za udobje, ne glede na to, ali sedite ali stojite. Recon Toplo odpravlja potrebo po voluminoznih rokavicah, tako da lahko \u0161e vedno enostavno izvajate fine motori\u010dne naloge.<\/p>\n<p>Za dodatno udobje ima Recon Toplo sprednjo zadrgo \u017eep, kjer lahko hranite dodatne ro\u010dne grelnike na zrak. To vam omogo\u010da, da uporabljate toplo neodvisno od Recon Modularnega Dvogled Pritrdi\u0161\u010da, in vam zagotavlja zanesljiv vir toplote ne glede na dejavnost ali okolje. Prilo\u017eeni pas zagotavlja varno in udobno prileganje, kar ohranja va\u0161e roke v idealnem polo\u017eaju za maksimalno u\u010dinkovitost in udobje.<\/p>\n<p>Ne glede na to, ali opazujete ptice, lovite ali preprosto u\u017eivate v naravi, je Recon Toplo idealen spremljevalec, ki bo va\u0161e roke ohranjal tople in prste gib\u010dne. Do\u017eivite vrhunec outdoor udobja in priro\u010dnosti s tem ve\u010dnamenskim in inovativnim dodatkom.<\/p>\n","protected":false},"excerpt":{"rendered":"<p>Rekon grelnik rok ohranja roke tople brez rokavic, pritrdi se na Rekon nahrbtni pas.<\/p>\n","protected":false},"featured_media":701875,"template":"","meta":{"_acf_changed":false},"product_brand":[15147],"product_cat":[13491],"product_tag":[],"class_list":{"0":"post-701817","1":"product","2":"type-product","3":"status-publish","4":"has-post-thumbnail","6":"product_brand-eberlestock","7":"product_cat-oprema","9":"first","10":"instock","11":"taxable","12":"shipping-taxable","13":"purchasable","14":"product-type-variable","15":"wvs-archive-product-wrapper"},"acf":[],"_links":{"self":[{"href":"https:\/\/nbg.eu\/sl\/wp-json\/wp\/v2\/product\/701817","targetHints":{"allow":["GET"]}}],"collection":[{"href":"https:\/\/nbg.eu\/sl\/wp-json\/wp\/v2\/product"}],"about":[{"href":"https:\/\/nbg.eu\/sl\/wp-json\/wp\/v2\/types\/product"}],"wp:featuredmedia":[{"embeddable":true,"href":"https:\/\/nbg.eu\/sl\/wp-json\/wp\/v2\/media\/701875"}],"wp:attachment":[{"href":"https:\/\/nbg.eu\/sl\/wp-json\/wp\/v2\/media?parent=701817"}],"wp:term":[{"taxonomy":"product_brand","embeddable":true,"href":"https:\/\/nbg.eu\/sl\/wp-json\/wp\/v2\/product_brand?post=701817"},{"taxonomy":"product_cat","embeddable":true,"href":"https:\/\/nbg.eu\/sl\/wp-json\/wp\/v2\/product_cat?post=701817"},{"taxonomy":"product_tag","embeddable":true,"href":"https:\/\/nbg.eu\/sl\/wp-json\/wp\/v2\/product_tag?post=701817"}],"curies":[{"name":"wp","href":"https:\/\/api.w.org\/{rel}","templated":true}]}}