{"id":702141,"date":"2025-12-23T11:44:19","date_gmt":"2025-12-23T08:44:19","guid":{"rendered":"https:\/\/nbg.eu\/product\/veliko-modularno-dvogled-pakiranje\/"},"modified":"2026-04-15T14:42:10","modified_gmt":"2026-04-15T11:42:10","slug":"veliko-modularno-dvogled-pakiranje","status":"publish","type":"product","link":"https:\/\/nbg.eu\/sl\/izdelek\/veliko-modularno-dvogled-pakiranje\/","title":{"rendered":"Eberlestock Nahrbtnik za Daljnogled Bravo Modular, Large"},"content":{"rendered":"<h2>Bravo modularna torba za daljnogled &#8211; velika: prilagodljiv nosilec za optiko za va\u0161e avanture na prostem<\/h2>\n<p>Zasnovan z modularnostjo v ospredju, je BRAVO MODULARNA TORBA ZA DALJNOGLED zgrajena na platformi prsnega nosilca, ki se prilagaja va\u0161im potrebam z zbirko dodatnih pripomo\u010dkov. Ima magnetni prosti naprej-potezni dostop do predale za daljnogled, prostoren sprednji zadr\u017eevalni \u017eep in raztezne stranske \u017eepe. Notranji privezni trakovi za daljnogled va\u0161 daljnogled varno dr\u017eijo, medtem ko nizki MOLLE-zdru\u017eljivi kraki in zadnja plo\u0161\u010da vam omogo\u010dajo, da preprosto pritrjujete \u017eepe in dodatke.<\/p>\n<p>Izdelana z vzdr\u017eljivim 500D Ripstop najlonom in N140D materiali, Bravo modularna torba za daljnogled &#8211; velika zagotavlja zanesljivo delovanje na prostem. S te\u017eo samo 14 oz. ta ve\u010dnamenska torba nudi udobno in prilagodljivo re\u0161itev za no\u0161enje va\u0161e optike in bistvene opreme.<\/p>\n<p>Z notranjimi dimenzijami 9&#8243;V x 5.5&#8243;\u0160 x 2.5&#8243;G in zunanjimi dimenzijami 9.5&#8243;V x 6.25&#8243;\u0160 x 3.5&#8243;G Bravo modularna torba za daljnogled &#8211; velika ponuja dovolj prostora za va\u0161 daljnogled in druge bistvene predmete. Nastavljiv jermen za no\u0161enje naprej in nizki MOLLE-zdru\u017eljivi kraki zagotavljajo varno in prilagodljivo prileganje, kar vam omogo\u010da, da prilagodite torbo svojim potrebam.<\/p>\n<p>Dvignite svoj do\u017eivljaj na prostem z Bravo modularna torbo za daljnogled &#8211; veliko, prilagodljivo in prilagodljivo re\u0161itev za no\u0161enje va\u0161ega daljnogleda in bistvene opreme. Raziskujte razpolo\u017eljive dodatke, da prilagodite svojo torbo in optimizirate njeno funkcionalnost, kar jo naredi popolno spremljevalko na va\u0161em naslednjem avanturisti\u010dnem izletu.<\/p>\n","protected":false},"excerpt":{"rendered":"<p>Modularni prsni paket s pregradko za daljnogled brez magneta, sprednjim \u017eepom, raztegljivimi stranicami.<\/p>\n","protected":false},"featured_media":702259,"template":"","meta":{"_acf_changed":false},"product_brand":[15147],"product_cat":[15216],"product_tag":[],"class_list":{"0":"post-702141","1":"product","2":"type-product","3":"status-publish","4":"has-post-thumbnail","6":"product_brand-eberlestock","7":"product_cat-binocular-harnesses-sl","9":"first","10":"instock","11":"taxable","12":"shipping-taxable","13":"purchasable","14":"product-type-variable","15":"wvs-archive-product-wrapper"},"acf":[],"_links":{"self":[{"href":"https:\/\/nbg.eu\/sl\/wp-json\/wp\/v2\/product\/702141","targetHints":{"allow":["GET"]}}],"collection":[{"href":"https:\/\/nbg.eu\/sl\/wp-json\/wp\/v2\/product"}],"about":[{"href":"https:\/\/nbg.eu\/sl\/wp-json\/wp\/v2\/types\/product"}],"wp:featuredmedia":[{"embeddable":true,"href":"https:\/\/nbg.eu\/sl\/wp-json\/wp\/v2\/media\/702259"}],"wp:attachment":[{"href":"https:\/\/nbg.eu\/sl\/wp-json\/wp\/v2\/media?parent=702141"}],"wp:term":[{"taxonomy":"product_brand","embeddable":true,"href":"https:\/\/nbg.eu\/sl\/wp-json\/wp\/v2\/product_brand?post=702141"},{"taxonomy":"product_cat","embeddable":true,"href":"https:\/\/nbg.eu\/sl\/wp-json\/wp\/v2\/product_cat?post=702141"},{"taxonomy":"product_tag","embeddable":true,"href":"https:\/\/nbg.eu\/sl\/wp-json\/wp\/v2\/product_tag?post=702141"}],"curies":[{"name":"wp","href":"https:\/\/api.w.org\/{rel}","templated":true}]}}