{"id":702955,"date":"2025-12-23T11:50:14","date_gmt":"2025-12-23T08:50:14","guid":{"rendered":"https:\/\/nbg.eu\/product\/bravo-modularen-binok-paket-majhen\/"},"modified":"2026-04-15T14:42:06","modified_gmt":"2026-04-15T11:42:06","slug":"bravo-modularen-binok-paket-majhen","status":"publish","type":"product","link":"https:\/\/nbg.eu\/sl\/izdelek\/bravo-modularen-binok-paket-majhen\/","title":{"rendered":"Eberlestock Nahrbtnik za Daljnogled Bravo Modular, Small"},"content":{"rendered":"<h2>Bravo Modularni Bino Pack-Small: Ve\u010dnamensko in varno shranjevanje daljnogleda<\/h2>\n<p>Zasnovan z modularnostjo v ospredju, je BRAVO MODULARNI BINO PACK zgrajen na platformi prsnega jermena, ki se prilagaja va\u0161im potrebam z vrsto dodatkov. Ima magnetni prosti dostop naprej za dostop do \u017eepa za daljnogled, prostoren sprednji zadr\u017eevalni \u017eep in raztegljive stranske \u017eepe. Notranji trakovi za daljnogled va\u0161e daljnoglede varno zadr\u017eujejo, medtem ko krilca in zadnji panel z nizkim profilom, zdru\u017eljivimi z MOLLE, vam omogo\u010dajo, da brez te\u017eav pritrdite \u017eepe in dodatke.<\/p>\n<p>Izdelan iz trdne 500D Ripstop najlonske in N140D tkanine, Bravo Modularni Bino Pack-Small ponuja lahkotno in odporno re\u0161itev za ljubitelje narave, lovce in takti\u010dne operaterje.<\/p>\n<p>Klju\u010dne zna\u010dilnosti vklju\u010dujejo zaprto brez zabodalnega zapiranja za hiter dostop, zdru\u017eljivost z osmimi razpolo\u017eljivimi dodatki, velik sprednji zadr\u017eevalni \u017eep, dvojne stranske raztegljive \u017eepe, nastavljiv naramni jermen z dostopom naprej in krilca z nizkim profilom, zdru\u017eljiva z MOLLE, za prilagoditev va\u0161e opreme. Ne glede na to, ali opazujete ptice, hodite po hribih ali sodelujete v takti\u010dnih operacijah, Bravo Modularni Bino Pack-Small ponuja ve\u010dnamensko in varno re\u0161itev za shranjevanje va\u0161ih daljnogledov.<\/p>\n","protected":false},"excerpt":{"rendered":"<p>Modularni nahrbtnik za dvogled z magnetnim zapiranjem, krila, zdru\u017eljiva z MOLLE, in prilagodljiv nahrbtnik.<\/p>\n","protected":false},"featured_media":703024,"template":"","meta":{"_acf_changed":false},"product_brand":[15147],"product_cat":[15216],"product_tag":[],"class_list":{"0":"post-702955","1":"product","2":"type-product","3":"status-publish","4":"has-post-thumbnail","6":"product_brand-eberlestock","7":"product_cat-binocular-harnesses-sl","9":"first","10":"instock","11":"taxable","12":"shipping-taxable","13":"purchasable","14":"product-type-variable","15":"wvs-archive-product-wrapper"},"acf":[],"_links":{"self":[{"href":"https:\/\/nbg.eu\/sl\/wp-json\/wp\/v2\/product\/702955","targetHints":{"allow":["GET"]}}],"collection":[{"href":"https:\/\/nbg.eu\/sl\/wp-json\/wp\/v2\/product"}],"about":[{"href":"https:\/\/nbg.eu\/sl\/wp-json\/wp\/v2\/types\/product"}],"wp:featuredmedia":[{"embeddable":true,"href":"https:\/\/nbg.eu\/sl\/wp-json\/wp\/v2\/media\/703024"}],"wp:attachment":[{"href":"https:\/\/nbg.eu\/sl\/wp-json\/wp\/v2\/media?parent=702955"}],"wp:term":[{"taxonomy":"product_brand","embeddable":true,"href":"https:\/\/nbg.eu\/sl\/wp-json\/wp\/v2\/product_brand?post=702955"},{"taxonomy":"product_cat","embeddable":true,"href":"https:\/\/nbg.eu\/sl\/wp-json\/wp\/v2\/product_cat?post=702955"},{"taxonomy":"product_tag","embeddable":true,"href":"https:\/\/nbg.eu\/sl\/wp-json\/wp\/v2\/product_tag?post=702955"}],"curies":[{"name":"wp","href":"https:\/\/api.w.org\/{rel}","templated":true}]}}