{"id":704046,"date":"2025-12-23T12:03:47","date_gmt":"2025-12-23T09:03:47","guid":{"rendered":"https:\/\/nbg.eu\/product\/bancna-torba\/"},"modified":"2026-04-15T14:41:58","modified_gmt":"2026-04-15T11:41:58","slug":"bancna-torba","status":"publish","type":"product","link":"https:\/\/nbg.eu\/sl\/izdelek\/bancna-torba\/","title":{"rendered":"Eberlestock Torba Bando"},"content":{"rendered":"<h2>Bando torba: Priro\u010dna in lahka EDC torba<\/h2>\n<p>Bando torba je lahka in priro\u010dna mo\u017enost za prevoz va\u0161ih EDC predmetov. Zadnji \u017eepek na Bandu meri 5,5&#8243; v vi\u0161ino x 9,5&#8243; v \u0161irino x 1&#8243; v globino, dovolj velik, da varno spravi ve\u010dino podkompaktnih in kompaktnih pistolov, kot je Glock-19 in podobne velikosti. Glavni predel ima notranji mre\u017easti zadr\u017eevalni \u017eepek in dva vlo\u017ena \u017eepka za dodatno organizacijo. Majhen zadr\u017eevalni sprednji \u017eepek je idealen za klju\u010de, kable ali druge male predmete. Dol\u017eina pasu je nastavljiva od 31,5&#8243; do 44&#8243;.<\/p>\n<h2>Klju\u010dne zna\u010dilnosti<\/h2>\n<ul>\n<li>Zadnji zadr\u017eevalni \u017eepek<\/li>\n<li>Notranji mre\u017easti zadr\u017eevalni \u017eepek<\/li>\n<li>Dva notranja vlo\u017ena \u017eepka<\/li>\n<li>Majhen zadr\u017eevalni sprednji \u017eepek<\/li>\n<li>Nastavljiv pas (31,5&#8243;-44&#8243;)<\/li>\n<li>Integriran rokav za priro\u010dno no\u0161enje zatikanega prijemalnika<\/li>\n<\/ul>\n","protected":false},"excerpt":{"rendered":"<p>Bando torba je lahka in priro\u010dna mo\u017enost za transport va\u0161ih EDC predmetov. Ustreza ve\u010dini kompaktnih do polnovelikih bo\u010dnih oro\u017eij.<\/p>\n","protected":false},"featured_media":704068,"template":"","meta":{"_acf_changed":false},"product_brand":[15147],"product_cat":[13423],"product_tag":[],"class_list":{"0":"post-704046","1":"product","2":"type-product","3":"status-publish","4":"has-post-thumbnail","6":"product_brand-eberlestock","7":"product_cat-torbe-za-strelisce","9":"first","10":"instock","11":"taxable","12":"shipping-taxable","13":"purchasable","14":"product-type-variable","15":"wvs-archive-product-wrapper"},"acf":[],"_links":{"self":[{"href":"https:\/\/nbg.eu\/sl\/wp-json\/wp\/v2\/product\/704046","targetHints":{"allow":["GET"]}}],"collection":[{"href":"https:\/\/nbg.eu\/sl\/wp-json\/wp\/v2\/product"}],"about":[{"href":"https:\/\/nbg.eu\/sl\/wp-json\/wp\/v2\/types\/product"}],"wp:featuredmedia":[{"embeddable":true,"href":"https:\/\/nbg.eu\/sl\/wp-json\/wp\/v2\/media\/704068"}],"wp:attachment":[{"href":"https:\/\/nbg.eu\/sl\/wp-json\/wp\/v2\/media?parent=704046"}],"wp:term":[{"taxonomy":"product_brand","embeddable":true,"href":"https:\/\/nbg.eu\/sl\/wp-json\/wp\/v2\/product_brand?post=704046"},{"taxonomy":"product_cat","embeddable":true,"href":"https:\/\/nbg.eu\/sl\/wp-json\/wp\/v2\/product_cat?post=704046"},{"taxonomy":"product_tag","embeddable":true,"href":"https:\/\/nbg.eu\/sl\/wp-json\/wp\/v2\/product_tag?post=704046"}],"curies":[{"name":"wp","href":"https:\/\/api.w.org\/{rel}","templated":true}]}}