{"id":704244,"date":"2025-12-23T12:08:03","date_gmt":"2025-12-23T09:08:03","guid":{"rendered":"https:\/\/nbg.eu\/product\/razbojniski-nahrbtnik\/"},"modified":"2026-04-24T15:10:39","modified_gmt":"2026-04-24T12:10:39","slug":"razbojniski-nahrbtnik","status":"publish","type":"product","link":"https:\/\/nbg.eu\/sl\/izdelek\/razbojniski-nahrbtnik\/","title":{"rendered":"Eberlestock Bandit Nahrbtnik"},"content":{"rendered":"<h2>Bandit nahrbtnik &#8211; ve\u010dnamenski spremljevalec za celodnevna do\u017eivetja<\/h2>\n<p>Najbolj ve\u010dnamenski nahrbtnik v na\u0161i zbirki vsakodnevne opreme je Bandit\u2122, ki je namensko zgrajen za celodnevne love in pohode. Zunanja utilitarna plo\u0161\u010da ima lasersko izrezano MOLLE tkanino, ki omogo\u010da pritrditev kompatibilnih dodatkov in torbic ter no\u0161enje jakne ali opreme za hiter dostop. Stranske raztegljive \u017eepe lahko dr\u017eijo steklenice z vodo in dalj\u0161e predmete, kot so stativ, daljnogled ali pohodne palice.<\/p>\n<p>Pasovi utilitarne plo\u0161\u010de bodo trdno zavarovali opremo na strani ali pomagali stisniti delno napolnjen nahrbtnik. Znotraj zgornjega pokrova boste na\u0161li organizatorje za majhne predmete, kot so zaprta mre\u017easta \u017eepka in \u017eepek za revije.<\/p>\n<p>Zdru\u017eljiv s standardnim pasom za oko, da pomaga pri razporeditvi te\u017ee za te\u017eje obremenitve.<\/p>\n<h2>Dimenzije<\/h2>\n<p>Prostornina: 835 c.i. \/ 13,68 L<br \/>\nTe\u017ea: 2,50 funtov<br \/>\nDimenzije: 18,25 H x 7 \u0160 x 6,5 G<\/p>\n<h2>Zna\u010dilnosti<\/h2>\n<p>Lasersko izrezan MOLLE panel na sprednji strani za pritrditev zunanje opreme<br \/>\nVrh organizacijskega pokrova z mre\u017eastim \u017eepkom za dodatno opremo<br \/>\nNastavljiv ramenski jermen<br \/>\nRe\u017ea za nastavljiv pas za oko za prena\u0161anje dodatne te\u017ee<br \/>\nGlavni prostor se odpira od zgoraj navzdol, da omogo\u010da popoln dostop<br \/>\nNotranji kavelj za pritrjevanje 2L ali 3L Source\u00ae hidracijskih vre\u010dk<\/p>\n","protected":false},"excerpt":{"rendered":"<p>Najraznovrstnej\u0161a torba v na\u0161em vsakodnevnem no\u0161enju, Bandit\u2122 je namensko zgrajen za celodnevne love in pohode. Zunanji priro\u010dni panel ima lasersko izrezano MOLLE mre\u017eo, ki omogo\u010da pritrjevanje zdru\u017eljivih dodatkov in vre\u010dk ter no\u0161enje jakne ali opreme za hitrej\u0161i dostop. Stranske raztegljive \u017eepe lahko uporabljate za steklenice z vodo in dalj\u0161e predmete, kot so stativ, daljnogled ali pohodne palice.<\/p>\n","protected":false},"featured_media":704280,"template":"","meta":{"_acf_changed":false},"product_brand":[15147],"product_cat":[13427],"product_tag":[],"class_list":{"0":"post-704244","1":"product","2":"type-product","3":"status-publish","4":"has-post-thumbnail","6":"product_brand-eberlestock","7":"product_cat-nahrbtniki","9":"first","10":"instock","11":"taxable","12":"shipping-taxable","13":"purchasable","14":"product-type-variable","15":"wvs-archive-product-wrapper"},"acf":[],"_links":{"self":[{"href":"https:\/\/nbg.eu\/sl\/wp-json\/wp\/v2\/product\/704244","targetHints":{"allow":["GET"]}}],"collection":[{"href":"https:\/\/nbg.eu\/sl\/wp-json\/wp\/v2\/product"}],"about":[{"href":"https:\/\/nbg.eu\/sl\/wp-json\/wp\/v2\/types\/product"}],"wp:featuredmedia":[{"embeddable":true,"href":"https:\/\/nbg.eu\/sl\/wp-json\/wp\/v2\/media\/704280"}],"wp:attachment":[{"href":"https:\/\/nbg.eu\/sl\/wp-json\/wp\/v2\/media?parent=704244"}],"wp:term":[{"taxonomy":"product_brand","embeddable":true,"href":"https:\/\/nbg.eu\/sl\/wp-json\/wp\/v2\/product_brand?post=704244"},{"taxonomy":"product_cat","embeddable":true,"href":"https:\/\/nbg.eu\/sl\/wp-json\/wp\/v2\/product_cat?post=704244"},{"taxonomy":"product_tag","embeddable":true,"href":"https:\/\/nbg.eu\/sl\/wp-json\/wp\/v2\/product_tag?post=704244"}],"curies":[{"name":"wp","href":"https:\/\/api.w.org\/{rel}","templated":true}]}}