{"id":704601,"date":"2025-12-23T12:15:29","date_gmt":"2025-12-23T09:15:29","guid":{"rendered":"https:\/\/nbg.eu\/product\/stikalna-torba\/"},"modified":"2026-04-15T14:41:54","modified_gmt":"2026-04-15T11:41:54","slug":"stikalna-torba","status":"publish","type":"product","link":"https:\/\/nbg.eu\/sl\/izdelek\/stikalna-torba\/","title":{"rendered":"Eberlestock Nahrbtnik Switchblade"},"content":{"rendered":"<h2>Switchblade nahrbtnik: maksimalni prostor in prikrito no\u0161enje<\/h2>\n<p>Nahrbtnik Switchblade\u2122 je zasnovan tako, da ohranja nizek profil, hkrati pa nudi maksimalen prostor in organizacijo. Odprite zgornji pokrov, da dostopate do dveh predalov za naboje in drugih majhnih organizacijskih funkcij. Znotraj boste na\u0161li pregrado za dokumente, ki je idealna za iPad, prenosnik ali celo kratkoluftan pu\u0161ke.<\/p>\n<p>Sprednji del nahrbtnika ima zelo velik \u017eep za hiter dostop do va\u0161ih pomembnih predmetov. Na vsaki strani sta dva \u017eepa z vrvico za dr\u017ealo skodelice, kot tudi plosko \u017eepe s strani. Nahrbtnik ima tudi skrit magnetni odprt \u017eep za hitri dostop do skritega oro\u017eja.<\/p>\n<p>Z skupnim volumnom 1.785 kubi\u010dnih palcev (29,3 L) in te\u017eo samo 3,60 funtov, Switchblade\u2122 nudi obilico prostora in prenosljivosti. Mere glavnega dela so 20,5H x 12W x 8D palcev, kar ga dela za vsestransko izbiro za vsakodnevno uporabo ali takti\u010dne operacije.<\/p>\n<p>Klju\u010dne zna\u010dilnosti vklju\u010dujejo redkozemeljske magnetne odprtine za hiter dostop do skritih nosilcev oro\u017eja, zankaste-je\u017easte trakove PALS za pritrditev dodatkov MOLLE ali je\u017eastih, ter notranje \u017eepe za hidracijski mehur, naboje in organizatorje za majhne predmete. Snemljivi naramnici in zdru\u017eljivost z pasom dodajata prilagodljivosti nahrbtnika.<\/p>\n<p>Switchblade\u2122 ima tudi novo tkaninsko oblogo MOLLE-10, ki ponuja 60% manj te\u017ee v primerjavi s standardno 25mm MOLLE matriko, in dvostranski skrit opornik, primeren za ve\u010dino pi\u0161tol, vklju\u010dno s polnoramljenimi avtomatskimi. Za za\u0161\u010dito pred vremenskimi vplivi uporabite na\u0161 mali obojestransko vodoodporni de\u017eni pokrov.<\/p>\n","protected":false},"excerpt":{"rendered":"<p>Switchblade\u2122 ohranja nizek profil, z maksimalnim prostorom in organizacijo. Odprite zgornji \u017eepek in najdete dva \u017eepa za naboje ter druge majhne organizacijske funkcije. Znotraj boste na\u0161li pregradek za dokumente za iPad, prenosnik ali celo kratko cevno pu\u0161ko. Sprednji del nahrbnika ima velik \u017eep za hitri dostop do va\u0161ih pomembnih predmetov. Na vsaki strani sta par \u017eepov z vrvico za dr\u017ealo skodelice, pa tudi raven stranski zadr\u017eevalni \u017eep. Ima tudi skriti, magnetno odprti \u017eep za hitri dostop CCW.<\/p>\n","protected":false},"featured_media":704634,"template":"","meta":{"_acf_changed":false},"product_brand":[15147],"product_cat":[13427],"product_tag":[],"class_list":{"0":"post-704601","1":"product","2":"type-product","3":"status-publish","4":"has-post-thumbnail","6":"product_brand-eberlestock","7":"product_cat-nahrbtniki","9":"first","10":"instock","11":"taxable","12":"shipping-taxable","13":"purchasable","14":"product-type-variable","15":"wvs-archive-product-wrapper"},"acf":[],"_links":{"self":[{"href":"https:\/\/nbg.eu\/sl\/wp-json\/wp\/v2\/product\/704601","targetHints":{"allow":["GET"]}}],"collection":[{"href":"https:\/\/nbg.eu\/sl\/wp-json\/wp\/v2\/product"}],"about":[{"href":"https:\/\/nbg.eu\/sl\/wp-json\/wp\/v2\/types\/product"}],"wp:featuredmedia":[{"embeddable":true,"href":"https:\/\/nbg.eu\/sl\/wp-json\/wp\/v2\/media\/704634"}],"wp:attachment":[{"href":"https:\/\/nbg.eu\/sl\/wp-json\/wp\/v2\/media?parent=704601"}],"wp:term":[{"taxonomy":"product_brand","embeddable":true,"href":"https:\/\/nbg.eu\/sl\/wp-json\/wp\/v2\/product_brand?post=704601"},{"taxonomy":"product_cat","embeddable":true,"href":"https:\/\/nbg.eu\/sl\/wp-json\/wp\/v2\/product_cat?post=704601"},{"taxonomy":"product_tag","embeddable":true,"href":"https:\/\/nbg.eu\/sl\/wp-json\/wp\/v2\/product_tag?post=704601"}],"curies":[{"name":"wp","href":"https:\/\/api.w.org\/{rel}","templated":true}]}}