{"id":719764,"date":"2026-01-26T13:11:03","date_gmt":"2026-01-26T10:11:03","guid":{"rendered":"https:\/\/nbg.eu\/product\/moskega-vrh-orange-14c28n\/"},"modified":"2026-05-13T16:03:01","modified_gmt":"2026-05-13T13:03:01","slug":"moskega-vrh-orange-14c28n","status":"publish","type":"product","link":"https:\/\/nbg.eu\/sl\/izdelek\/moskega-vrh-orange-14c28n\/","title":{"rendered":"Mo\u0161kega VRH ORANGE 14C28N"},"content":{"rendered":"<h2>Mo\u0161ki PEAK ORANGE 14C28N zlo\u017eljiv no\u017e<\/h2>\n<p>Mo\u0161ki PEAK ORANGE 14C28N zlo\u017eljivi no\u017e ima obra\u010dljiv zaponko, kar omogo\u010da uporabo tako za levi\u010darje kot tudi za desni\u010darje. Z mo\u010dno Backlock zapiralno mehaniko nudi ta no\u017e zanesljivo in varno delovanje.<\/p>\n<p>Skrbno izdelan, PEAK ORANGE 14C28N se pona\u0161a z 9,4 cm rezilo iz 14C28N jekla in vzdr\u017eljivim ro\u010dajem G10, kar zagotavlja udoben in zanesljiv oprijem. Skupna dol\u017eina 22 cm ga naredi ve\u010dnamensko izbiro za razli\u010dne naloge. Z maso 115 g je ta no\u017e uravnote\u017een in enostaven za uporabo.<\/p>\n<p>Mehanizem Nail Nick omogo\u010da enoro\u010dno odpiranje, medtem ko Backlock sistem trdno dr\u017ei rezilo na mestu med uporabo. S svojo elegantno oran\u017eno barvo PEAK ORANGE 14C28N doda noto stila v va\u0161o vsakodnevno opremo.<\/p>\n","protected":false},"excerpt":{"rendered":"<p>Reverzibilna sponka, ambideksterska. Zapiralna zaporka. PEAK ORANGE 14C28N.<\/p>\n","protected":false},"featured_media":719831,"template":"","meta":{"_acf_changed":false},"product_brand":[15096],"product_cat":[15379,15352],"product_tag":[],"class_list":{"0":"post-719764","1":"product","2":"type-product","3":"status-publish","4":"has-post-thumbnail","6":"product_brand-manly-knives","7":"product_cat-folding-knives-sl","8":"product_cat-knives-ro","10":"first","11":"outofstock","12":"taxable","13":"shipping-taxable","14":"purchasable","15":"product-type-simple"},"acf":[],"_links":{"self":[{"href":"https:\/\/nbg.eu\/sl\/wp-json\/wp\/v2\/product\/719764","targetHints":{"allow":["GET"]}}],"collection":[{"href":"https:\/\/nbg.eu\/sl\/wp-json\/wp\/v2\/product"}],"about":[{"href":"https:\/\/nbg.eu\/sl\/wp-json\/wp\/v2\/types\/product"}],"wp:featuredmedia":[{"embeddable":true,"href":"https:\/\/nbg.eu\/sl\/wp-json\/wp\/v2\/media\/719831"}],"wp:attachment":[{"href":"https:\/\/nbg.eu\/sl\/wp-json\/wp\/v2\/media?parent=719764"}],"wp:term":[{"taxonomy":"product_brand","embeddable":true,"href":"https:\/\/nbg.eu\/sl\/wp-json\/wp\/v2\/product_brand?post=719764"},{"taxonomy":"product_cat","embeddable":true,"href":"https:\/\/nbg.eu\/sl\/wp-json\/wp\/v2\/product_cat?post=719764"},{"taxonomy":"product_tag","embeddable":true,"href":"https:\/\/nbg.eu\/sl\/wp-json\/wp\/v2\/product_tag?post=719764"}],"curies":[{"name":"wp","href":"https:\/\/api.w.org\/{rel}","templated":true}]}}