{"id":720229,"date":"2025-05-21T16:04:06","date_gmt":"2025-05-21T13:04:06","guid":{"rendered":"https:\/\/nbg.eu\/product\/rocna-revija-kmr-l-02-orca-kal-40-sw-18-nabojev\/"},"modified":"2026-04-16T18:56:42","modified_gmt":"2026-04-16T15:56:42","slug":"rocna-revija-kmr-l-02-orca-kal-40-sw-18-nabojev","status":"publish","type":"product","link":"https:\/\/nbg.eu\/sl\/izdelek\/rocna-revija-kmr-l-02-orca-kal-40-sw-18-nabojev\/","title":{"rendered":"KMR Nabojnik L-02 ORCA .40 S&amp;W 18 Nab."},"content":{"rendered":"<h2>MAGAZINE KMR L-02 ORCA &#8211; Izbolj\u0161aj svojo ognjenjo mo\u010d<\/h2>\n<p>Predstavljamo MAGAZINE KMR L-02 ORCA, visokokapacitetni nabojnik, zasnovan za izbolj\u0161anje strelnega do\u017eivetja. Zasnovan za mogo\u010den naboj .40 S&amp;W, ima ta nabojnik presenetljivo kapaciteto 18 nabojev, kar vam zagotavlja pove\u010dano ognjenjo mo\u010d in kraj\u0161e intervale polnjenja.<\/p>\n<p>Izdelan z natan\u010dnostjo in pozornostjo do podrobnosti je ta nabojnik bistveni dodatek za strelce, ki zahtevajo najbolj\u0161e. Njegova robustna konstrukcija zagotavlja zanesljivo delovanje, tudi v najzahtevnej\u0161ih pogojih.<\/p>\n<p>Z elegantno in ergonomsko zasnovo se MAGAZINE KMR L-02 ORCA popolnoma integrira z va\u0161im oro\u017ejem in zagotavlja udoben in varen oprijem. Njegova pove\u010dana kapaciteta vam omogo\u010da, da ostanete v akciji dlje \u010dasa, zmanj\u0161a potrebo po pogostem menjanju nabojnikov in maksimira va\u0161e takti\u010dne prednosti.<\/p>\n<p>Do\u017eivite mo\u010d in ve\u010dstranskost MAGAZINE KMR L-02 ORCA, vrhunskega visokokapacitetnega nabojnika za va\u0161e oro\u017eje s kalibrom .40 S&amp;W.<\/p>\n<p>Ref: 1152-02403-0001.<\/p>\n","protected":false},"excerpt":{"rendered":"<p>REVOLVER KMR L-02 ORCA, kal. 40 S&amp;W, 18 nabojev, visoko zmogljiv nabojnik za pove\u010dano ognjenjo mo\u010d.<\/p>\n","protected":false},"featured_media":365280,"template":"","meta":{"_acf_changed":false},"product_brand":[11509],"product_cat":[13429,13433],"product_tag":[],"class_list":{"0":"post-720229","1":"product","2":"type-product","3":"status-publish","4":"has-post-thumbnail","6":"product_brand-kmr-precision","7":"product_cat-deli-za-pistole","8":"product_cat-kmr-deli","10":"first","11":"instock","12":"taxable","13":"shipping-taxable","14":"product-type-simple"},"acf":[],"_links":{"self":[{"href":"https:\/\/nbg.eu\/sl\/wp-json\/wp\/v2\/product\/720229","targetHints":{"allow":["GET"]}}],"collection":[{"href":"https:\/\/nbg.eu\/sl\/wp-json\/wp\/v2\/product"}],"about":[{"href":"https:\/\/nbg.eu\/sl\/wp-json\/wp\/v2\/types\/product"}],"wp:featuredmedia":[{"embeddable":true,"href":"https:\/\/nbg.eu\/sl\/wp-json\/wp\/v2\/media\/365280"}],"wp:attachment":[{"href":"https:\/\/nbg.eu\/sl\/wp-json\/wp\/v2\/media?parent=720229"}],"wp:term":[{"taxonomy":"product_brand","embeddable":true,"href":"https:\/\/nbg.eu\/sl\/wp-json\/wp\/v2\/product_brand?post=720229"},{"taxonomy":"product_cat","embeddable":true,"href":"https:\/\/nbg.eu\/sl\/wp-json\/wp\/v2\/product_cat?post=720229"},{"taxonomy":"product_tag","embeddable":true,"href":"https:\/\/nbg.eu\/sl\/wp-json\/wp\/v2\/product_tag?post=720229"}],"curies":[{"name":"wp","href":"https:\/\/api.w.org\/{rel}","templated":true}]}}