{"id":720277,"date":"2025-03-04T21:36:59","date_gmt":"2025-03-04T18:36:59","guid":{"rendered":"https:\/\/nbg.eu\/product\/rocna-varnostna-nastavitev-kmr-27-ploscata-levicarska\/"},"modified":"2026-04-16T18:57:07","modified_gmt":"2026-04-16T15:57:07","slug":"rocna-varnostna-nastavitev-kmr-27-ploscata-levicarska","status":"publish","type":"product","link":"https:\/\/nbg.eu\/sl\/izdelek\/rocna-varnostna-nastavitev-kmr-27-ploscata-levicarska\/","title":{"rendered":"KMR Komplet Ro\u010dne Varovalke 27 Plosk, za Levi\u010darje"},"content":{"rendered":"<h2>RO\u010cNI VARNOSTNI KOMPLET KMR 27 PLO\u0160\u010cAT, LEVORO\u010cNI<\/h2>\n<p>RO\u010cNI VARNOSTNI KOMPLET KMR 27 PLO\u0160\u010cAT, LEVORO\u010cNI je visokokakovosten varnostni pripomo\u010dek, zasnovan za levoro\u010dne uporabnike. Ta komplet ima plo\u0161\u010dat profil za eleganten, diskreten videz in enostavno upravljanje. Zgrajen z natan\u010dnim in\u017eenirstvom zagotavlja zanesljivo za\u0161\u010dito pred nenamernnim spro\u017eitvijo, kar izbolj\u0161uje splo\u0161no varnost va\u0161ega strelnega oro\u017eja.<\/p>\n<p>Zasnovan za brezhibno integracijo z razli\u010dnimi strelnimi oro\u017eji, je RO\u010cNI VARNOSTNI KOMPLET KMR 27 PLO\u0160\u010cAT, LEVORO\u010cNI ve\u010dnamensko in zanesljivo varnostno re\u0161itev. Njegov plo\u0161\u010dat profil zmanj\u0161uje tveganje zatikanja ali motenj, kar zagotavlja gladko in neovirano uporabni\u0161ko izku\u0161njo. Ne glede na to, ali ste izku\u0161en strelec ali za\u010detnik, je ta varnostni komplet bistveni dodatek k va\u0161im strelnim dodatkom.<\/p>\n","protected":false},"excerpt":{"rendered":"<p>Ro\u010dna varnostna garnitura KMR 27, ploska, levoro\u010dna zasnova za zanesljivo delovanje.<\/p>\n","protected":false},"featured_media":236779,"template":"","meta":{"_acf_changed":false},"product_brand":[11509],"product_cat":[13433],"product_tag":[],"class_list":{"0":"post-720277","1":"product","2":"type-product","3":"status-publish","4":"has-post-thumbnail","6":"product_brand-kmr-precision","7":"product_cat-kmr-deli","9":"first","10":"instock","11":"taxable","12":"shipping-taxable","13":"purchasable","14":"product-type-simple"},"acf":[],"_links":{"self":[{"href":"https:\/\/nbg.eu\/sl\/wp-json\/wp\/v2\/product\/720277","targetHints":{"allow":["GET"]}}],"collection":[{"href":"https:\/\/nbg.eu\/sl\/wp-json\/wp\/v2\/product"}],"about":[{"href":"https:\/\/nbg.eu\/sl\/wp-json\/wp\/v2\/types\/product"}],"wp:featuredmedia":[{"embeddable":true,"href":"https:\/\/nbg.eu\/sl\/wp-json\/wp\/v2\/media\/236779"}],"wp:attachment":[{"href":"https:\/\/nbg.eu\/sl\/wp-json\/wp\/v2\/media?parent=720277"}],"wp:term":[{"taxonomy":"product_brand","embeddable":true,"href":"https:\/\/nbg.eu\/sl\/wp-json\/wp\/v2\/product_brand?post=720277"},{"taxonomy":"product_cat","embeddable":true,"href":"https:\/\/nbg.eu\/sl\/wp-json\/wp\/v2\/product_cat?post=720277"},{"taxonomy":"product_tag","embeddable":true,"href":"https:\/\/nbg.eu\/sl\/wp-json\/wp\/v2\/product_tag?post=720277"}],"curies":[{"name":"wp","href":"https:\/\/api.w.org\/{rel}","templated":true}]}}