{"id":720875,"date":"2024-08-18T12:16:47","date_gmt":"2024-08-18T09:16:47","guid":{"rendered":"https:\/\/nbg.eu\/product\/sprozilni-zaticek-kmr-l\/"},"modified":"2026-05-13T16:02:00","modified_gmt":"2026-05-13T13:02:00","slug":"sprozilni-zaticek-kmr-l","status":"publish","type":"product","link":"https:\/\/nbg.eu\/sl\/izdelek\/sprozilni-zaticek-kmr-l\/","title":{"rendered":"KMR Udarna Igla L"},"content":{"rendered":"<h2>Sprostilni zati\u010d KMR L: Zanesljiva izbira za natan\u010dno streljanje<\/h2>\n<p>Predstavljamo sprostilni zati\u010d KMR L, vrhunsko komponento, zasnovano za resne strelce. Izdelan z natan\u010dnostjo in pozornostjo do podrobnosti, ta sprostilni zati\u010d je na voljo v razli\u010dnih modelih, da ustreza va\u0161im specifi\u010dnim potrebam.<\/p>\n<p>Sprostilni zati\u010d KMR L je zgrajen za trajnost in lahko prenese zahteve pogoste uporabe. Njegova brezhibna integracija zagotavlja gladko in zanesljivo spro\u017eitev, kar vam omogo\u010da, da zanesljivo zadanete natan\u010dne strele. Zasnovan, da deluje v skladu z va\u0161im ognjenim oro\u017ejem, je ta sprostilni zati\u010d popolna nadgradnja za tiste, ki si \u017eelijo izbolj\u0161ati svoje strelske izku\u0161nje.<\/p>\n<p>Nadgradite svoje oro\u017eje \u0161e danes in svoje streljanje dvignite na novo raven.<\/p>\n","protected":false},"excerpt":{"rendered":"<p>Udarna igla KMR L: Ve\u010dnamenski udarni zati\u010d za strelno oro\u017eje serije KMR L.<\/p>\n","protected":false},"featured_media":30330,"template":"","meta":{"_acf_changed":false},"product_brand":[11509],"product_cat":[13433,14779],"product_tag":[],"class_list":{"0":"post-720875","1":"product","2":"type-product","3":"status-publish","4":"has-post-thumbnail","6":"product_brand-kmr-precision","7":"product_cat-kmr-deli","8":"product_cat-udarne-zatice","10":"first","11":"outofstock","12":"taxable","13":"shipping-taxable","14":"product-type-simple"},"acf":[],"_links":{"self":[{"href":"https:\/\/nbg.eu\/sl\/wp-json\/wp\/v2\/product\/720875","targetHints":{"allow":["GET"]}}],"collection":[{"href":"https:\/\/nbg.eu\/sl\/wp-json\/wp\/v2\/product"}],"about":[{"href":"https:\/\/nbg.eu\/sl\/wp-json\/wp\/v2\/types\/product"}],"wp:featuredmedia":[{"embeddable":true,"href":"https:\/\/nbg.eu\/sl\/wp-json\/wp\/v2\/media\/30330"}],"wp:attachment":[{"href":"https:\/\/nbg.eu\/sl\/wp-json\/wp\/v2\/media?parent=720875"}],"wp:term":[{"taxonomy":"product_brand","embeddable":true,"href":"https:\/\/nbg.eu\/sl\/wp-json\/wp\/v2\/product_brand?post=720875"},{"taxonomy":"product_cat","embeddable":true,"href":"https:\/\/nbg.eu\/sl\/wp-json\/wp\/v2\/product_cat?post=720875"},{"taxonomy":"product_tag","embeddable":true,"href":"https:\/\/nbg.eu\/sl\/wp-json\/wp\/v2\/product_tag?post=720875"}],"curies":[{"name":"wp","href":"https:\/\/api.w.org\/{rel}","templated":true}]}}