{"id":721237,"date":"2024-08-18T11:07:42","date_gmt":"2024-08-18T08:07:42","guid":{"rendered":"https:\/\/nbg.eu\/product\/zatezni-vijak-m35-torx-kmr\/"},"modified":"2026-04-16T19:00:54","modified_gmt":"2026-04-16T16:00:54","slug":"zatezni-vijak-m35-torx-kmr","status":"publish","type":"product","link":"https:\/\/nbg.eu\/sl\/izdelek\/zatezni-vijak-m35-torx-kmr\/","title":{"rendered":"KMR Vijak za Ro\u010daj M3.5 Torx"},"content":{"rendered":"<h2>Prijemni vijak M3,5 Torx KMR<\/h2>\n<p>Izdelan z natan\u010dnostjo in pozornostjo do podrobnosti, ta prijemni vijak zagotavlja varno in zanesljivo prijemanje, kar izbolj\u0161a celotno u\u010dinkovitost in funkcionalnost va\u0161ega oro\u017eja KMR. Zna\u010dilna Torx oblika zagotavlja varno in dosledno povezavo, kar prepre\u010duje ne\u017eeleno popu\u0161\u010danje ali premikanje med uporabo.<\/p>\n<p>Ne glede na to, ali ste izku\u0161eni strelec ali takti\u010dni navdu\u0161enec, je ta dodatek nujno potreben za ohranjanje celovitosti in zanesljivosti va\u0161ega oro\u017eja KMR. Izbolj\u0161ajte svoje strelske izku\u0161nje s to bistveno komponento, oblikovano za brezhibno integracijo z va\u0161im izbranim modelom KMR.<\/p>\n<p>Za oro\u017eja KMR:<\/p>\n<p>KMR L-02 EMIQ<\/p>\n<p>KMR L-02 EMIQ (OR)<\/p>\n<p>KMR L-02 ORCA OD LETA 2024<\/p>\n<p>KMR L-02 ORCA DO LETA 2023<\/p>\n<p>KMR L-02 SPECTRA OD LETA 2024<\/p>\n<p>KMR L-02 SPECTRA DO LETA 2023<\/p>\n<p>KMR L-02 UMBRA (OR) SR<\/p>\n<p>KMR S-01 LANCE (OR)<\/p>\n<p>KMR S-02 OD LETA 2024<\/p>\n<p>KMR S-02 DO LETA 2023<\/p>\n<p>KMR W-02 CUDA (OR)<\/p>\n<p>KMR W-02 UMBRA<\/p>\n<p>KMR W-02 UMBRA (OR)<\/p>\n","protected":false},"excerpt":{"rendered":"<p>Pritrdilni vijak M3,5 Torx KMR za oro\u017eje, zdru\u017eljiv z modeli KMR.<\/p>\n","protected":false},"featured_media":25300,"template":"","meta":{"_acf_changed":false},"product_brand":[11509],"product_cat":[13433,14878],"product_tag":[],"class_list":{"0":"post-721237","1":"product","2":"type-product","3":"status-publish","4":"has-post-thumbnail","6":"product_brand-kmr-precision","7":"product_cat-kmr-deli","8":"product_cat-pistol-grips-sl","10":"first","11":"instock","12":"taxable","13":"shipping-taxable","14":"product-type-simple"},"acf":[],"_links":{"self":[{"href":"https:\/\/nbg.eu\/sl\/wp-json\/wp\/v2\/product\/721237","targetHints":{"allow":["GET"]}}],"collection":[{"href":"https:\/\/nbg.eu\/sl\/wp-json\/wp\/v2\/product"}],"about":[{"href":"https:\/\/nbg.eu\/sl\/wp-json\/wp\/v2\/types\/product"}],"wp:featuredmedia":[{"embeddable":true,"href":"https:\/\/nbg.eu\/sl\/wp-json\/wp\/v2\/media\/25300"}],"wp:attachment":[{"href":"https:\/\/nbg.eu\/sl\/wp-json\/wp\/v2\/media?parent=721237"}],"wp:term":[{"taxonomy":"product_brand","embeddable":true,"href":"https:\/\/nbg.eu\/sl\/wp-json\/wp\/v2\/product_brand?post=721237"},{"taxonomy":"product_cat","embeddable":true,"href":"https:\/\/nbg.eu\/sl\/wp-json\/wp\/v2\/product_cat?post=721237"},{"taxonomy":"product_tag","embeddable":true,"href":"https:\/\/nbg.eu\/sl\/wp-json\/wp\/v2\/product_tag?post=721237"}],"curies":[{"name":"wp","href":"https:\/\/api.w.org\/{rel}","templated":true}]}}