{"id":723381,"date":"2026-03-06T17:34:43","date_gmt":"2026-03-06T14:34:43","guid":{"rendered":"https:\/\/nbg.eu\/product\/eberlestock-w2-spectre\/"},"modified":"2026-04-15T14:41:38","modified_gmt":"2026-04-15T11:41:38","slug":"eberlestock-w2-spectre","status":"publish","type":"product","link":"https:\/\/nbg.eu\/sl\/izdelek\/eberlestock-w2-spectre\/","title":{"rendered":"Eberlestock W2-Spectre"},"content":{"rendered":"<h2>Eberlestock W2-Spectre<\/h2>\n<p>Spectre je najnovej\u0161i in najbolj vsestranski ostrostrelski nahrbtnik Eberlestock, ki na novo opredeljuje na\u010din prena\u0161anja preciznih oro\u017enih sistemov. Opremljen s patentiranim tokom RAID\u2122 \u2014 oblazinjenim zaprtim tokom, optimiziranim za pu\u0161ke s zlo\u017eljivim ogrodjem, pripenjalnima napravama za no\u010dno opazovanje in termalnima enotama ter na oro\u017eje name\u0161\u010denimi laserskimi daljinomeri.<\/p>\n<h3>Namensko zasnovan za sodobne platforme<\/h3>\n<p>Spectre ima \u0161ir\u0161i profil, posebej zasnovan za dana\u0161nje ve\u010dje platforme za precizno oro\u017eje z modernimi dodatki. Zasnova zagotavlja hiter in u\u010dinkovit dostop pri jemanju ali shranjevanju pu\u0161ke ter odpravlja neroden dostop, zna\u010dilen za konvencionalne sisteme tokov.<\/p>\n<h3>Profesionalni sistem no\u0161enja<\/h3>\n<p>Notranji okvir v kombinaciji z novim sistemom Ladder Shoulder Harness in izbolj\u0161anim pasom za boke zagotavlja opazno izbolj\u0161anje prileganja, udobja in porazdelitve bremena. Ko je prilagojen va\u0161emu trupu, Spectre brezhibno deluje s takti\u010dnimi pasovi in \u200b\u200bnosilci plo\u0161\u010d ter ohranja dostop do klju\u010dne opreme na va\u0161em telesu.<\/p>\n<h3>Zasnova na podlagi terenskih izku\u0161enj<\/h3>\n<p>Zasnovan z neposrednimi povratnimi informacijami profesionalcev s terena, Spectre ima ve\u010d ro\u010dajev za no\u0161enje: dva zgoraj, enega na vsaki strani in vzdr\u017eljiv Hypalon ro\u010daj spredaj. Ne glede na to, ali plezate po lestvi, se plazite skozi vegetacijo ali se premikate pod pritiskom, lahko nahrbtnik u\u010dinkovito upravljate iz kateregakoli polo\u017eaja.<\/p>\n<table>\n<thead>\n<tr>\n<th>Specifikacija<\/th>\n<th>Podrobnost<\/th>\n<\/tr>\n<\/thead>\n<tbody>\n<tr>\n<td>Tok<\/td>\n<td>RAID\u2122 patentirani zaprti tok<\/td>\n<\/tr>\n<tr>\n<td>Okvir<\/td>\n<td>Notranji okvir<\/td>\n<\/tr>\n<tr>\n<td>Pas<\/td>\n<td>Ladder Shoulder Harness<\/td>\n<\/tr>\n<tr>\n<td>Ro\u010daji za no\u0161enje<\/td>\n<td>5 (2 zgornji, 2 stranski, 1 sprednji Hypalon)<\/td>\n<\/tr>\n<tr>\n<td>Zdru\u017eljivost<\/td>\n<td>Takti\u010dni pasovi, nosilci plo\u0161\u010d<\/td>\n<\/tr>\n<tr>\n<td>Optimizirano za<\/td>\n<td>Zlo\u017eljiva ogrodja, NV\/termalni pripenjalniki, LRF<\/td>\n<\/tr>\n<\/tbody>\n<\/table>\n","protected":false},"excerpt":{"rendered":"<p>Eberlestock W2-Spectre je namensko oblikovan ostrostrelski nahrbtnik s patentiranim tokom RAID\u2122, optimiziranim za zlo\u017eljiva podvozja pu\u0161k, priponsko no\u010dno opazovanje, termalne naprave in laserske daljinomere name\u0161\u010dene na oro\u017eje. Notranji okvir z Ladder Shoulder Harness.<\/p>\n","protected":false},"featured_media":723382,"template":"","meta":{"_acf_changed":false},"product_brand":[15147],"product_cat":[13427,13491],"product_tag":[],"class_list":{"0":"post-723381","1":"product","2":"type-product","3":"status-publish","4":"has-post-thumbnail","6":"product_brand-eberlestock","7":"product_cat-nahrbtniki","8":"product_cat-oprema","10":"first","11":"instock","12":"taxable","13":"shipping-taxable","14":"purchasable","15":"product-type-variable","16":"wvs-archive-product-wrapper"},"acf":[],"_links":{"self":[{"href":"https:\/\/nbg.eu\/sl\/wp-json\/wp\/v2\/product\/723381","targetHints":{"allow":["GET"]}}],"collection":[{"href":"https:\/\/nbg.eu\/sl\/wp-json\/wp\/v2\/product"}],"about":[{"href":"https:\/\/nbg.eu\/sl\/wp-json\/wp\/v2\/types\/product"}],"wp:featuredmedia":[{"embeddable":true,"href":"https:\/\/nbg.eu\/sl\/wp-json\/wp\/v2\/media\/723382"}],"wp:attachment":[{"href":"https:\/\/nbg.eu\/sl\/wp-json\/wp\/v2\/media?parent=723381"}],"wp:term":[{"taxonomy":"product_brand","embeddable":true,"href":"https:\/\/nbg.eu\/sl\/wp-json\/wp\/v2\/product_brand?post=723381"},{"taxonomy":"product_cat","embeddable":true,"href":"https:\/\/nbg.eu\/sl\/wp-json\/wp\/v2\/product_cat?post=723381"},{"taxonomy":"product_tag","embeddable":true,"href":"https:\/\/nbg.eu\/sl\/wp-json\/wp\/v2\/product_tag?post=723381"}],"curies":[{"name":"wp","href":"https:\/\/api.w.org\/{rel}","templated":true}]}}