{"id":724251,"date":"2026-03-10T16:14:33","date_gmt":"2026-03-10T13:14:33","guid":{"rendered":"https:\/\/nbg.eu\/product\/area-419-can-koozie-clip-on-zaslon-za-nocno-opazovanje\/"},"modified":"2026-03-10T17:17:46","modified_gmt":"2026-03-10T14:17:46","slug":"area-419-can-koozie-clip-on-zaslon-za-nocno-opazovanje","status":"publish","type":"product","link":"https:\/\/nbg.eu\/sl\/izdelek\/area-419-can-koozie-clip-on-zaslon-za-nocno-opazovanje\/","title":{"rendered":"Area 419 Can Koozie \/ Clip-on Zaslon za No\u010dno Opazovanje"},"content":{"rendered":"<h2>Area 419 Can Koozie \/ Clip-on Za\u0161\u010dita za No\u010dno Opazovanje<\/h2>\n<p>Zasnovana s strani Area 419, ta neoprenski zaslon slu\u017ei takti\u010dnemu namenu: zaklopite ga na objektivni konec optike, da premostite vrzel med optiko in clip-on napravo za no\u010dno opazovanje, blokirate prah in parazitno svetlobo.<\/p>\n<h3>Clip-on Za\u0161\u010dita za No\u010dno Opazovanje<\/h3>\n<p>Zaslon se raztegne \u010dez objektiv optike in zagotovi tesen, svetlobno neprepusten most za va\u0161o clip-on NV napravo \u2014 odpravi vrzel, skozi katero prodira okoli\u0161ka svetloba in prah. Strelci ga uporabljajo tudi kot u\u010dinkovit sen\u010dnik proti ble\u0161\u010danju objektiva brez Velcro trakov ali okornih dodatkov.<\/p>\n<h3>Specifikacije<\/h3>\n<table>\n<tbody>\n<tr>\n<td><strong>Material<\/strong><\/td>\n<td>Neoprene<\/td>\n<\/tr>\n<tr>\n<td><strong>Te\u017ea<\/strong><\/td>\n<td>0.1 lbs<\/td>\n<\/tr>\n<tr>\n<td><strong>Mere<\/strong><\/td>\n<td>2 x 2 x 0.5 in<\/td>\n<\/tr>\n<tr>\n<td><strong>Izdelano v<\/strong><\/td>\n<td>ZDA<\/td>\n<\/tr>\n<\/tbody>\n<\/table>\n","protected":false},"excerpt":{"rendered":"<p>Neoprenski clip-on zaslon, zasnovan za premostitev vrzeli med objektivom optike in clip-on napravo za no\u010dno opazovanje. Blokira prah, parazitno svetlobo in odpravlja ble\u0161\u010danje objektiva. Deluje tudi kot u\u010dinkovit sen\u010dnik za dnevno streljanje.<\/p>\n","protected":false},"featured_media":724252,"template":"","meta":{"_acf_changed":false},"product_brand":[11052],"product_cat":[13459,13491],"product_tag":[],"class_list":{"0":"post-724251","1":"product","2":"type-product","3":"status-publish","4":"has-post-thumbnail","6":"product_brand-area-419","7":"product_cat-dodatki-za-nisanjenje","8":"product_cat-oprema","10":"first","11":"instock","12":"taxable","13":"shipping-taxable","14":"purchasable","15":"product-type-simple"},"acf":[],"_links":{"self":[{"href":"https:\/\/nbg.eu\/sl\/wp-json\/wp\/v2\/product\/724251","targetHints":{"allow":["GET"]}}],"collection":[{"href":"https:\/\/nbg.eu\/sl\/wp-json\/wp\/v2\/product"}],"about":[{"href":"https:\/\/nbg.eu\/sl\/wp-json\/wp\/v2\/types\/product"}],"wp:featuredmedia":[{"embeddable":true,"href":"https:\/\/nbg.eu\/sl\/wp-json\/wp\/v2\/media\/724252"}],"wp:attachment":[{"href":"https:\/\/nbg.eu\/sl\/wp-json\/wp\/v2\/media?parent=724251"}],"wp:term":[{"taxonomy":"product_brand","embeddable":true,"href":"https:\/\/nbg.eu\/sl\/wp-json\/wp\/v2\/product_brand?post=724251"},{"taxonomy":"product_cat","embeddable":true,"href":"https:\/\/nbg.eu\/sl\/wp-json\/wp\/v2\/product_cat?post=724251"},{"taxonomy":"product_tag","embeddable":true,"href":"https:\/\/nbg.eu\/sl\/wp-json\/wp\/v2\/product_tag?post=724251"}],"curies":[{"name":"wp","href":"https:\/\/api.w.org\/{rel}","templated":true}]}}