{"id":732919,"date":"2026-03-13T17:31:58","date_gmt":"2026-03-13T14:31:58","guid":{"rendered":"https:\/\/nbg.eu\/product\/microtech-l-u-d-t-t-e-gen-iii-black-standard-blue\/"},"modified":"2026-03-16T13:05:28","modified_gmt":"2026-03-16T10:05:28","slug":"microtech-l-u-d-t-t-e-gen-iii-black-standard-blue","status":"publish","type":"product","link":"https:\/\/nbg.eu\/sl\/izdelek\/microtech-l-u-d-t-t-e-gen-iii-black-standard-blue\/","title":{"rendered":"Microtech L.U.D.T. T\/E Gen III Black Standard Blue"},"content":{"rendered":"<h2>Pregled<\/h2>\n<p>Microtech L.U.D.T. Gen III je zmogljiva samodejna mapa, ki spominja na klasi\u010den slog UDT z revolucionarnimi posodobitvami oblike in delovanja. Ta modra razli\u010dica ima \u010drno tanto rezilo, prevle\u010deno z DLC, s standardnim gladkim robom, kovano iz jekla Bohler M390MK. Iteracija Gen III prina\u0161a vlo\u017eke ro\u010daja s 3M Traction Tape za optimalen oprijem, 24 le\u017eajev iz silicijevega karbida za najbolj gladko delovanje v svojem razredu in uporablja obi\u010dajne vijake Torx za enostavno vzdr\u017eevanje na terenu.<\/p>\n<h3>24 Le\u017eaji iz silicijevega karbida<\/h3>\n<p>Akcijski sistem LUDT Gen III je zasnovan na 24 natan\u010dnih le\u017eajih iz silicijevega karbida, ki zagotavljajo najbolj gladko in najbolj izpopolnjeno samodejno zvijanje, kar jih je Microtech kdaj proizvedel. Sistem le\u017eajev skoraj odpravi trenje za bliskovito hitro namestitev.<\/p>\n<h3>3M Traction Traction Inlays<\/h3>\n<p>Vrnitev vlo\u017ekov ro\u010dajev v Gen III uporablja 3M Traction Tape industrijske kakovosti, ki zagotavlja izjemen oprijem v mokrih, mastnih ali v rokavicah, ne da bi pri tem dodal maso profilu ro\u010daja.<\/p>\n<h3>Vodoodporna konstrukcija<\/h3>\n<p>Namensko izdelan za te\u017eka okolja, ima LUDT Gen III konstrukcijo, odporno na vremenske vplive, ki se upira vdoru vlage, zaradi \u010desar je zanesljiv v de\u017eju, snegu in morskem okolju.<\/p>\n<h3>Premium komponente<\/h3>\n<ul>\n<li>Bohler M390MK tanto rezilo<\/li>\n<li>6061-T6 aluminijast ro\u010daj z vlo\u017eki 3M Traction Tape<\/li>\n<li>24 le\u017eajni sistem iz silicijevega karbida<\/li>\n<li>Sponka za \u017eep za no\u0161enje navzgor<\/li>\n<li>Obi\u010dajna strojna oprema Torx za enostavno vzdr\u017eevanje<\/li>\n<li>Vodoodporna konstrukcija<\/li>\n<\/ul>\n<h3>Specifikacije<\/h3>\n<table class=\"shop_attributes\">\n<tbody>\n<tr>\n<td><strong>Vrsta<\/strong><\/td>\n<td>Samodejna mapa<\/td>\n<\/tr>\n<tr>\n<td><strong>Dol\u017eina rezila<\/strong><\/td>\n<td>3,50&#8243;<\/td>\n<\/tr>\n<tr>\n<td><strong>Celotna dol\u017eina<\/strong><\/td>\n<td>8,00&#8243;<\/td>\n<\/tr>\n<tr>\n<td><strong>Dol\u017eina ro\u010daja<\/strong><\/td>\n<td>4,50&#8243;<\/td>\n<\/tr>\n<tr>\n<td><strong>Jeklo rezila<\/strong><\/td>\n<td>Bohler M390MK<\/td>\n<\/tr>\n<tr>\n<td><strong>Material ro\u010daja<\/strong><\/td>\n<td>6061-T6 aluminij z vlo\u017eki iz vle\u010dnega traku 3M<\/td>\n<\/tr>\n<tr>\n<td><strong>Te\u017ea<\/strong><\/td>\n<td>3,60 oz<\/td>\n<\/tr>\n<tr>\n<td><strong>Sponka za \u017eep<\/strong><\/td>\n<td>Tip-Up Carry<\/td>\n<\/tr>\n<tr>\n<td><strong>Le\u017eaji<\/strong><\/td>\n<td>24 silicijev karbid<\/td>\n<\/tr>\n<tr>\n<td><strong>Dr\u017eava izvora<\/strong><\/td>\n<td>ZDA<\/td>\n<\/tr>\n<tr>\n<td><strong>Barva ro\u010daja<\/strong><\/td>\n<td>Modra<\/td>\n<\/tr>\n<tr>\n<td><strong>Dokon\u010danje rezila<\/strong><\/td>\n<td>\u010crni DLC<\/td>\n<\/tr>\n<tr>\n<td><strong>Vrsta roba<\/strong><\/td>\n<td>Navaden<\/td>\n<\/tr>\n<\/tbody>\n<\/table>\n","protected":false},"excerpt":{"rendered":"<p>L.U.D.T. Samodejna mapa Gen III v modri barvi s \u010drnim DLC standardnim rezilom M390MK tanto. Vsebuje 24 le\u017eajev iz silicijevega karbida in vlo\u017eke 3M Traction Tape. 3,50\u2033 rezilo, 8,00\u2033 skupno.<\/p>\n","protected":false},"featured_media":732920,"template":"","meta":{"_acf_changed":false},"product_brand":[15536],"product_cat":[15379,15352],"product_tag":[],"class_list":{"0":"post-732919","1":"product","2":"type-product","3":"status-publish","4":"has-post-thumbnail","6":"product_brand-microtech","7":"product_cat-folding-knives-sl","8":"product_cat-knives-ro","10":"first","11":"instock","12":"taxable","13":"shipping-taxable","14":"purchasable","15":"product-type-simple"},"acf":[],"_links":{"self":[{"href":"https:\/\/nbg.eu\/sl\/wp-json\/wp\/v2\/product\/732919","targetHints":{"allow":["GET"]}}],"collection":[{"href":"https:\/\/nbg.eu\/sl\/wp-json\/wp\/v2\/product"}],"about":[{"href":"https:\/\/nbg.eu\/sl\/wp-json\/wp\/v2\/types\/product"}],"wp:featuredmedia":[{"embeddable":true,"href":"https:\/\/nbg.eu\/sl\/wp-json\/wp\/v2\/media\/732920"}],"wp:attachment":[{"href":"https:\/\/nbg.eu\/sl\/wp-json\/wp\/v2\/media?parent=732919"}],"wp:term":[{"taxonomy":"product_brand","embeddable":true,"href":"https:\/\/nbg.eu\/sl\/wp-json\/wp\/v2\/product_brand?post=732919"},{"taxonomy":"product_cat","embeddable":true,"href":"https:\/\/nbg.eu\/sl\/wp-json\/wp\/v2\/product_cat?post=732919"},{"taxonomy":"product_tag","embeddable":true,"href":"https:\/\/nbg.eu\/sl\/wp-json\/wp\/v2\/product_tag?post=732919"}],"curies":[{"name":"wp","href":"https:\/\/api.w.org\/{rel}","templated":true}]}}