{"id":732935,"date":"2026-03-13T17:32:28","date_gmt":"2026-03-13T14:32:28","guid":{"rendered":"https:\/\/nbg.eu\/product\/microtech-socom-elite-s-e-auto-stonewash-standard\/"},"modified":"2026-03-16T13:05:57","modified_gmt":"2026-03-16T10:05:57","slug":"microtech-socom-elite-s-e-auto-stonewash-standard","status":"publish","type":"product","link":"https:\/\/nbg.eu\/sl\/izdelek\/microtech-socom-elite-s-e-auto-stonewash-standard\/","title":{"rendered":"Microtech Socom Elite S\/E Auto Stonewash Standard"},"content":{"rendered":"<h2>Pregled<\/h2>\n<p>Microtech Socom Elite je ostal eden najbolj priljubljenih takti\u010dnih zlo\u017eljivih no\u017eev od svojega za\u010detka leta 1996 in ta avtomatska razli\u010dica nadaljuje to dedi\u0161\u010dino. Ergonomski ro\u010daj Socom Elite z rezilom M390 s stonewash kon\u010dno obdelavo in standardnim gladkim robom se naravno prilega roki, medtem ko integrirano lomilo stekla in velik \u010dep za palec zagotavljata prakti\u010dno uporabnost in enostavno upravljanje z eno roko, tudi z rokavicami.<\/p>\n<h3>Preverjena takti\u010dna zasnova<\/h3>\n<p>Od leta 1996 je bil Socom Elite izpopolnjen z desetletji povratnih informacij iz resni\u010dnega sveta vojske, organov pregona in civilnih uporabnikov. Geometrija ro\u010daja zagotavlja naraven, varen oprijem, ki zmanj\u0161uje utrujenost med dolgotrajno uporabo.<\/p>\n<h3>Vgrajeno razbijalo stekla<\/h3>\n<p>Utrjen lomilec stekla, vgrajen v dno ro\u010daja, omogo\u010da izhod v sili, zaradi \u010desar je Socom Elite vsestransko orodje, ki presega naloge rezanja.<\/p>\n<h3>Rokavicam prijazno delovanje<\/h3>\n<p>Prevelik \u010dep za palec in teksturirani vlo\u017eki za oprijem na luskah aluminijastega ro\u010daja zagotavljajo pozitiven nadzor in enostavno uporabo tudi s takti\u010dnimi rokavicami ali v mokrih razmerah.<\/p>\n<h3>Premium komponente<\/h3>\n<ul>\n<li>Rezilo Bohler M390<\/li>\n<li>6061-T6 aluminijast ro\u010daj z vlo\u017eki za oprijem<\/li>\n<li>Integrirano lomilo stekla<\/li>\n<li>Velik nastavek za palec za delo v rokavicah<\/li>\n<li>Sponka za \u017eep<\/li>\n<\/ul>\n<h3>Specifikacije<\/h3>\n<table class=\"shop_attributes\">\n<tbody>\n<tr>\n<td><strong>Vrsta<\/strong><\/td>\n<td>Samodejna mapa<\/td>\n<\/tr>\n<tr>\n<td><strong>Dol\u017eina rezila<\/strong><\/td>\n<td>4,05&#8243;<\/td>\n<\/tr>\n<tr>\n<td><strong>Celotna dol\u017eina<\/strong><\/td>\n<td>9,17&#8243;<\/td>\n<\/tr>\n<tr>\n<td><strong>Jeklo rezila<\/strong><\/td>\n<td>Bohler M390<\/td>\n<\/tr>\n<tr>\n<td><strong>Material ro\u010daja<\/strong><\/td>\n<td>6061-T6 aluminij (\u010drna)<\/td>\n<\/tr>\n<tr>\n<td><strong>Te\u017ea<\/strong><\/td>\n<td>5,40 oz<\/td>\n<\/tr>\n<tr>\n<td><strong>Slog rezila<\/strong><\/td>\n<td>Clip Point (S\/E)<\/td>\n<\/tr>\n<tr>\n<td><strong>Dokon\u010danje rezila<\/strong><\/td>\n<td>Stonewash<\/td>\n<\/tr>\n<tr>\n<td><strong>Vrsta roba<\/strong><\/td>\n<td>Navaden<\/td>\n<\/tr>\n<tr>\n<td><strong>Zakleni<\/strong><\/td>\n<td>Zaklepanje gumbov<\/td>\n<\/tr>\n<tr>\n<td><strong>Razbija\u010d stekla<\/strong><\/td>\n<td>Integrirano<\/td>\n<\/tr>\n<tr>\n<td><strong>Dr\u017eava izvora<\/strong><\/td>\n<td>ZDA<\/td>\n<\/tr>\n<\/tbody>\n<\/table>\n","protected":false},"excerpt":{"rendered":"<p>Samodejna mapa Socom Elite z rezilom M390 z enim robom v obliki stonewash zaklju\u010dka. Ikoni\u010dna takti\u010dna zasnova od leta 1996 z integriranim razbijalcem stekla. 4,05\u2033 rezilo, 9,17\u2033 skupno, 5,4 oz.<\/p>\n","protected":false},"featured_media":732936,"template":"","meta":{"_acf_changed":false},"product_brand":[15536],"product_cat":[15379,15352],"product_tag":[],"class_list":{"0":"post-732935","1":"product","2":"type-product","3":"status-publish","4":"has-post-thumbnail","6":"product_brand-microtech","7":"product_cat-folding-knives-sl","8":"product_cat-knives-ro","10":"first","11":"outofstock","12":"taxable","13":"shipping-taxable","14":"purchasable","15":"product-type-simple"},"acf":[],"_links":{"self":[{"href":"https:\/\/nbg.eu\/sl\/wp-json\/wp\/v2\/product\/732935","targetHints":{"allow":["GET"]}}],"collection":[{"href":"https:\/\/nbg.eu\/sl\/wp-json\/wp\/v2\/product"}],"about":[{"href":"https:\/\/nbg.eu\/sl\/wp-json\/wp\/v2\/types\/product"}],"wp:featuredmedia":[{"embeddable":true,"href":"https:\/\/nbg.eu\/sl\/wp-json\/wp\/v2\/media\/732936"}],"wp:attachment":[{"href":"https:\/\/nbg.eu\/sl\/wp-json\/wp\/v2\/media?parent=732935"}],"wp:term":[{"taxonomy":"product_brand","embeddable":true,"href":"https:\/\/nbg.eu\/sl\/wp-json\/wp\/v2\/product_brand?post=732935"},{"taxonomy":"product_cat","embeddable":true,"href":"https:\/\/nbg.eu\/sl\/wp-json\/wp\/v2\/product_cat?post=732935"},{"taxonomy":"product_tag","embeddable":true,"href":"https:\/\/nbg.eu\/sl\/wp-json\/wp\/v2\/product_tag?post=732935"}],"curies":[{"name":"wp","href":"https:\/\/api.w.org\/{rel}","templated":true}]}}