{"id":732951,"date":"2026-03-13T17:33:03","date_gmt":"2026-03-13T14:33:03","guid":{"rendered":"https:\/\/nbg.eu\/product\/microtech-amphibian-ram-lok-s-e-fluted-partial-serrated-tan\/"},"modified":"2026-03-16T13:06:21","modified_gmt":"2026-03-16T10:06:21","slug":"microtech-amphibian-ram-lok-s-e-fluted-partial-serrated-tan","status":"publish","type":"product","link":"https:\/\/nbg.eu\/sl\/izdelek\/microtech-amphibian-ram-lok-s-e-fluted-partial-serrated-tan\/","title":{"rendered":"Microtech Amphibian RAM-LOK S\/E delno nazob\u010dano tan"},"content":{"rendered":"<h2>Pregled<\/h2>\n<p>Microtech Amphibian RAM-LOK prina\u0161a nazaj klasi\u010den profil rezila Amphibian &#8211; neko\u010d hvaljen kot najbolj\u0161i EDC no\u017e, ki ga je Microtech kdaj proizvedel &#8211; s sodobnim mehanizmom zaklepanja palice RAM-LOK. Ta razli\u010dica Tan ima \u010drno DLC prevle\u010deno delno nazob\u010dano rezilo z enim robom iz jekla Bohler M390MK, vstavljeno v lepo naguban aluminijast ro\u010daj. Sistem RAM-LOK zagotavlja klju\u010davnico v obliki pre\u010dke z uporabo trdne jeklene gredice, ki jo poganja ena navita vzmet, kar zagotavlja kot skala trdno zaklepanje z obojestranskim zapiranjem s prstoma.<\/p>\n<h3>Sistem zaklepanja palic RAM-LOK<\/h3>\n<p>RAM-LOK uporablja pre\u010dko iz trdne jeklene gredice, ki jo poganja ena navita vzmet, kar zagotavlja enega najmo\u010dnej\u0161ih in najzanesljivej\u0161ih mehanizmov za zaklepanje. Zasnova omogo\u010da varno zapiranje s prsti z obeh strani ro\u010daja za delo z obema rokama.<\/p>\n<h3>Klasi\u010dni profil dvo\u017eivk<\/h3>\n<p>Izrazita geometrija rezila Amphibian je bila ikona Microtecha, zasnovana za vsestransko rezalno zmogljivost, ki se odlikuje tako pri natan\u010dnih opravilih kot pri zahtevnej\u0161ih aplikacijah.<\/p>\n<h3>Nagubana aluminijasta konstrukcija<\/h3>\n<p>Natan\u010dno naguban aluminijast ro\u010daj 6061-T6 zmanj\u0161a te\u017eo, hkrati pa ustvarja vizualno osupljiv vzorec in zagotavlja dodatno teksturo oprijema. Tan eloksiranje doda toplo, takti\u010dno estetiko.<\/p>\n<h3>Premium komponente<\/h3>\n<ul>\n<li>Bohler M390MK enorobo rezilo z DLC premazom<\/li>\n<li>Naguban aluminijast ro\u010daj 6061-T6 (San)<\/li>\n<li>Mehanizem za zaklepanje pre\u010dke RAM-LOK<\/li>\n<li>Reverzibilna sponka za \u017eep iz titana<\/li>\n<li>Konfiguracija no\u0161enja na naklon<\/li>\n<\/ul>\n<h3>Specifikacije<\/h3>\n<table class=\"shop_attributes\">\n<tbody>\n<tr>\n<td><strong>Vrsta<\/strong><\/td>\n<td>Mapa priro\u010dnikov<\/td>\n<\/tr>\n<tr>\n<td><strong>Dol\u017eina rezila<\/strong><\/td>\n<td>3,90&#8243;<\/td>\n<\/tr>\n<tr>\n<td><strong>Celotna dol\u017eina<\/strong><\/td>\n<td>9,25&#8243;<\/td>\n<\/tr>\n<tr>\n<td><strong>Zaprta dol\u017eina<\/strong><\/td>\n<td>5,38&#8243;<\/td>\n<\/tr>\n<tr>\n<td><strong>Jeklo rezila<\/strong><\/td>\n<td>Bohler M390MK<\/td>\n<\/tr>\n<tr>\n<td><strong>Material ro\u010daja<\/strong><\/td>\n<td>6061-T6 aluminij, naguban (rjav)<\/td>\n<\/tr>\n<tr>\n<td><strong>Te\u017ea<\/strong><\/td>\n<td>5,90 oz<\/td>\n<\/tr>\n<tr>\n<td><strong>Zakleni<\/strong><\/td>\n<td>Ra\u010dna klju\u010davnica RAM-LOK<\/td>\n<\/tr>\n<tr>\n<td><strong>Slog rezila<\/strong><\/td>\n<td>Enojni rob (S\/E)<\/td>\n<\/tr>\n<tr>\n<td><strong>Dokon\u010danje rezila<\/strong><\/td>\n<td>\u010crni DLC<\/td>\n<\/tr>\n<tr>\n<td><strong>Vrsta roba<\/strong><\/td>\n<td>Delno nazob\u010dan<\/td>\n<\/tr>\n<tr>\n<td><strong>Sponka za \u017eep<\/strong><\/td>\n<td>Reverzibilni titan, tip-up<\/td>\n<\/tr>\n<tr>\n<td><strong>Dr\u017eava izvora<\/strong><\/td>\n<td>ZDA<\/td>\n<\/tr>\n<\/tbody>\n<\/table>\n","protected":false},"excerpt":{"rendered":"<p>Mapa za priro\u010dnike Amphibian RAM-LOK v rjavi barvi s \u010drnim DLC z delno nazob\u010danim enorobim rezilom M390MK. Naguban aluminijast ro\u010daj z zaklepom RAM-LOK. 3,90\u2033 rezilo, 9,25\u2033 skupno, 5,9 oz.<\/p>\n","protected":false},"featured_media":732952,"template":"","meta":{"_acf_changed":false},"product_brand":[15536],"product_cat":[15379,15352],"product_tag":[],"class_list":{"0":"post-732951","1":"product","2":"type-product","3":"status-publish","4":"has-post-thumbnail","6":"product_brand-microtech","7":"product_cat-folding-knives-sl","8":"product_cat-knives-ro","10":"first","11":"instock","12":"taxable","13":"shipping-taxable","14":"purchasable","15":"product-type-simple"},"acf":[],"_links":{"self":[{"href":"https:\/\/nbg.eu\/sl\/wp-json\/wp\/v2\/product\/732951","targetHints":{"allow":["GET"]}}],"collection":[{"href":"https:\/\/nbg.eu\/sl\/wp-json\/wp\/v2\/product"}],"about":[{"href":"https:\/\/nbg.eu\/sl\/wp-json\/wp\/v2\/types\/product"}],"wp:featuredmedia":[{"embeddable":true,"href":"https:\/\/nbg.eu\/sl\/wp-json\/wp\/v2\/media\/732952"}],"wp:attachment":[{"href":"https:\/\/nbg.eu\/sl\/wp-json\/wp\/v2\/media?parent=732951"}],"wp:term":[{"taxonomy":"product_brand","embeddable":true,"href":"https:\/\/nbg.eu\/sl\/wp-json\/wp\/v2\/product_brand?post=732951"},{"taxonomy":"product_cat","embeddable":true,"href":"https:\/\/nbg.eu\/sl\/wp-json\/wp\/v2\/product_cat?post=732951"},{"taxonomy":"product_tag","embeddable":true,"href":"https:\/\/nbg.eu\/sl\/wp-json\/wp\/v2\/product_tag?post=732951"}],"curies":[{"name":"wp","href":"https:\/\/api.w.org\/{rel}","templated":true}]}}