{"id":732955,"date":"2026-03-13T17:33:09","date_gmt":"2026-03-13T14:33:09","guid":{"rendered":"https:\/\/nbg.eu\/product\/microtech-msi-s-e-black-standard-frag-aluminum-od-green\/"},"modified":"2026-03-16T13:06:27","modified_gmt":"2026-03-16T10:06:27","slug":"microtech-msi-s-e-black-standard-frag-aluminum-od-green","status":"publish","type":"product","link":"https:\/\/nbg.eu\/sl\/izdelek\/microtech-msi-s-e-black-standard-frag-aluminum-od-green\/","title":{"rendered":"Microtech MSI S\/E Black Standard Frag Aluminium OD Green"},"content":{"rendered":"<h2>Pregled<\/h2>\n<p>Microtech MSI (Microtech Standard Issue) predstavlja vrhunec Microtechovega ro\u010dnega in\u017eeniringa map, saj zdru\u017euje uporabnost za te\u017eka dela in prefinjen dizajn. Ta razli\u010dica OD Green Frag ima dvobarvno \u010drno rezilo M390MK z enim robom v zna\u010dilnem aluminijastem ro\u010daju z vzorcem drobcev, ki zagotavlja vizualno razlikovanje in izbolj\u0161ano teksturo oprijema. Zaklepni mehanizem palice RAM-LOK zagotavlja zanesljivo zaklepanje z obojestranskim zapiranjem z varnim prstom, medtem ko ikoni\u010dni gumb X na obeh straneh doda prepoznaven pridih Microtech.<\/p>\n<h3>Sistem zaklepanja palic RAM-LOK<\/h3>\n<p>Sistem zaklepanja v obliki pre\u010dke, ki uporablja trdno jekleno gredico, ki jo poganja ena navita vzmet, ki zagotavlja ve\u010djo vzdr\u017eljivost in varen na\u010din zapiranja no\u017ea z obeh strani. RAM-LOK je eden najmo\u010dnej\u0161ih in najbolj zanesljivih mehanizmov za ro\u010dno zaklepanje map, ki so na voljo.<\/p>\n<h3>Aluminijast ro\u010daj z vzorcem drobcev<\/h3>\n<p>Agresivni vzorec rezkanja drobcev, obdelan v aluminijasti ro\u010daj 6061-T6, ustvarja zna\u010dilno takti\u010dno estetiko in funkcionalno izbolj\u0161avo oprijema. Utrjene jeklene podlo\u017ene plo\u0161\u010de dodajo strukturno togost.<\/p>\n<h3>Ikonski gumb X<\/h3>\n<p>Zna\u010dilni gumb X za MSI na obeh straneh ro\u010daja zagotavlja zna\u010dilen vizualni element, hkrati pa slu\u017ei kot otipna referen\u010dna to\u010dka za orientacijo oprijema.<\/p>\n<h3>Premium komponente<\/h3>\n<ul>\n<li>Bohler M390MK enorobo rezilo<\/li>\n<li>Aluminijast ro\u010daj 6061-T6 z vzorcem drobcev OD Green<\/li>\n<li>Oblo\u017ene plo\u0161\u010de iz kaljenega jekla<\/li>\n<li>Mehanizem za zaklepanje pre\u010dke RAM-LOK<\/li>\n<li>Titanium backspacer<\/li>\n<li>Obrnljiva \u017eepna sponka za no\u0161enje na levi roki<\/li>\n<li>Ikonski gumb X (obe strani)<\/li>\n<\/ul>\n<h3>Specifikacije<\/h3>\n<table class=\"shop_attributes\">\n<tbody>\n<tr>\n<td><strong>Vrsta<\/strong><\/td>\n<td>Mapa priro\u010dnikov<\/td>\n<\/tr>\n<tr>\n<td><strong>Dol\u017eina rezila<\/strong><\/td>\n<td>3,88&#8243;<\/td>\n<\/tr>\n<tr>\n<td><strong>Celotna dol\u017eina<\/strong><\/td>\n<td>8,93&#8243;<\/td>\n<\/tr>\n<tr>\n<td><strong>Debelina rezila<\/strong><\/td>\n<td>0,16&#8243;<\/td>\n<\/tr>\n<tr>\n<td><strong>Jeklo rezila<\/strong><\/td>\n<td>Bohler M390MK<\/td>\n<\/tr>\n<tr>\n<td><strong>Material ro\u010daja<\/strong><\/td>\n<td>6061-T6 aluminij, frag vzorec (OD zelena)<\/td>\n<\/tr>\n<tr>\n<td><strong>Te\u017ea<\/strong><\/td>\n<td>5,00 oz<\/td>\n<\/tr>\n<tr>\n<td><strong>Zakleni<\/strong><\/td>\n<td>Ra\u010dna klju\u010davnica RAM-LOK<\/td>\n<\/tr>\n<tr>\n<td><strong>Slog rezila<\/strong><\/td>\n<td>Enojni rob (S\/E)<\/td>\n<\/tr>\n<tr>\n<td><strong>Dokon\u010danje rezila<\/strong><\/td>\n<td>\u010crna (dvobarvna)<\/td>\n<\/tr>\n<tr>\n<td><strong>Vrsta roba<\/strong><\/td>\n<td>Navaden<\/td>\n<\/tr>\n<tr>\n<td><strong>Dr\u017eava izvora<\/strong><\/td>\n<td>ZDA<\/td>\n<\/tr>\n<\/tbody>\n<\/table>\n","protected":false},"excerpt":{"rendered":"<p>Mapa za priro\u010dnik MSI (Microtech Standard Issue) iz aluminija OD Green Frag z dvobarvnim \u010drnim rezilom M390MK z enim robom. Pali\u010dna klju\u010davnica RAM-LOK z ikoni\u010dnim gumbom X. 3,88\u2033 rezilo, 8,93\u2033 skupno, 5,0 oz.<\/p>\n","protected":false},"featured_media":732956,"template":"","meta":{"_acf_changed":false},"product_brand":[15536],"product_cat":[15379,15352],"product_tag":[],"class_list":{"0":"post-732955","1":"product","2":"type-product","3":"status-publish","4":"has-post-thumbnail","6":"product_brand-microtech","7":"product_cat-folding-knives-sl","8":"product_cat-knives-ro","10":"first","11":"instock","12":"taxable","13":"shipping-taxable","14":"purchasable","15":"product-type-simple"},"acf":[],"_links":{"self":[{"href":"https:\/\/nbg.eu\/sl\/wp-json\/wp\/v2\/product\/732955","targetHints":{"allow":["GET"]}}],"collection":[{"href":"https:\/\/nbg.eu\/sl\/wp-json\/wp\/v2\/product"}],"about":[{"href":"https:\/\/nbg.eu\/sl\/wp-json\/wp\/v2\/types\/product"}],"wp:featuredmedia":[{"embeddable":true,"href":"https:\/\/nbg.eu\/sl\/wp-json\/wp\/v2\/media\/732956"}],"wp:attachment":[{"href":"https:\/\/nbg.eu\/sl\/wp-json\/wp\/v2\/media?parent=732955"}],"wp:term":[{"taxonomy":"product_brand","embeddable":true,"href":"https:\/\/nbg.eu\/sl\/wp-json\/wp\/v2\/product_brand?post=732955"},{"taxonomy":"product_cat","embeddable":true,"href":"https:\/\/nbg.eu\/sl\/wp-json\/wp\/v2\/product_cat?post=732955"},{"taxonomy":"product_tag","embeddable":true,"href":"https:\/\/nbg.eu\/sl\/wp-json\/wp\/v2\/product_tag?post=732955"}],"curies":[{"name":"wp","href":"https:\/\/api.w.org\/{rel}","templated":true}]}}