{"id":732959,"date":"2026-03-13T17:33:16","date_gmt":"2026-03-13T14:33:16","guid":{"rendered":"https:\/\/nbg.eu\/product\/microtech-dirac-delta-d-e-dlc-shadow-signature-series\/"},"modified":"2026-03-30T15:46:49","modified_gmt":"2026-03-30T12:46:49","slug":"microtech-dirac-delta-d-e-dlc-shadow-signature-series","status":"publish","type":"product","link":"https:\/\/nbg.eu\/sl\/izdelek\/microtech-dirac-delta-d-e-dlc-shadow-signature-series\/","title":{"rendered":"Microtech Dirac Delta D\/E DLC Shadow Signature Series"},"content":{"rendered":"<h2>Pregled<\/h2>\n<p>Microtech Dirac Delta D\/E DLC Shadow je razli\u010dica serije Signature Microtechove inovativne top-fire OTF avtomatike. Delta, oblikovana po pionirju Dirac, ima enako ergonomsko ohi\u0161je in inovativen notranji mehanizem v bolj robustni velikosti, pri \u010demer ta izdaja Shadow vsebuje popoln DLC (Diamond-Like Carbon) premaz na rezilu bodala M390MK, aluminijastem ro\u010daju, strojni opremi in \u017eepni sponki. Definitivni zgoraj name\u0161\u010den gumb za spro\u017eitev omogo\u010da intuitivno, obojestransko razporejanje in umik rezila z naravnim gibom palca.<\/p>\n<h3>Gumb za spro\u017eitev na vrhu<\/h3>\n<p>Za razliko od no\u017eev OTF s stranskim v\u017eigom gumb Dirac Delta na pokrovu omogo\u010da naraven, intuitiven pritisk s palcem za razporeditev in umik rezila. Zasnova omogo\u010da resni\u010dno obojestransko delovanje brez premikanja roke.<\/p>\n<h3>Ergonomsko ohi\u0161je po navdihu HALO<\/h3>\n<p>Ohi\u0161je Dirac Delta ima ukrivljene linije, ki jih je navdihnil legendarni Microtech HALO, kar ustvarja zna\u010dilen ob\u010dutek v roki, ki ga lo\u010duje od tradicionalnih zasnov OTF z ravnimi stranicami.<\/p>\n<h3>DLC Shadow Finish<\/h3>\n<p>Celotna diamantno ogljikova prevleka na vseh povr\u0161inah zagotavlja izjemno trdoto, odpornost proti obrabi in elegantno zatemnjeno estetiko. DLC zaklju\u010dek poleg \u017ee odpornega jekla M390MK doda \u0161e plast za\u0161\u010dite pred korozijo.<\/p>\n<h3>Premium komponente<\/h3>\n<ul>\n<li>Dvojno rezilo bodala Bohler M390MK z DLC premazom<\/li>\n<li>6061-T6 aluminijast ro\u010daj z DLC Shadow zaklju\u010dkom<\/li>\n<li>Strojna oprema in \u017eepna zaponka, prevle\u010dena z DLC<\/li>\n<li>Gumb za spro\u017eitev na vrhu za obojestransko delovanje<\/li>\n<li>Integrirano lomilo stekla<\/li>\n<li>Oznaka serije signature<\/li>\n<\/ul>\n<h3>Specifikacije<\/h3>\n<table class=\"shop_attributes\">\n<tbody>\n<tr>\n<td><strong>Vrsta<\/strong><\/td>\n<td>Samodejno izklop spredaj<\/td>\n<\/tr>\n<tr>\n<td><strong>Dol\u017eina rezila<\/strong><\/td>\n<td>3,79&#8243;<\/td>\n<\/tr>\n<tr>\n<td><strong>Celotna dol\u017eina<\/strong><\/td>\n<td>9,40&#8243;<\/td>\n<\/tr>\n<tr>\n<td><strong>Dol\u017eina ro\u010daja<\/strong><\/td>\n<td>5,50&#8243;<\/td>\n<\/tr>\n<tr>\n<td><strong>Jeklo rezila<\/strong><\/td>\n<td>Bohler M390MK (prevle\u010den z DLC)<\/td>\n<\/tr>\n<tr>\n<td><strong>Material ro\u010daja<\/strong><\/td>\n<td>6061-T6 Aluminij (DLC Shadow)<\/td>\n<\/tr>\n<tr>\n<td><strong>Te\u017ea<\/strong><\/td>\n<td>4,60 oz<\/td>\n<\/tr>\n<tr>\n<td><strong>Slog rezila<\/strong><\/td>\n<td>Bodalo\/dvojni rob (D\/E)<\/td>\n<\/tr>\n<tr>\n<td><strong>Dokon\u010danje rezila<\/strong><\/td>\n<td>DLC Shadow<\/td>\n<\/tr>\n<tr>\n<td><strong>Strojna oprema<\/strong><\/td>\n<td>Prevle\u010den z DLC<\/td>\n<\/tr>\n<tr>\n<td><strong>Vrsta roba<\/strong><\/td>\n<td>Navaden<\/td>\n<\/tr>\n<tr>\n<td><strong>Serija<\/strong><\/td>\n<td>Serija podpisov<\/td>\n<\/tr>\n<tr>\n<td><strong>Dr\u017eava izvora<\/strong><\/td>\n<td>ZDA<\/td>\n<\/tr>\n<\/tbody>\n<\/table>\n","protected":false},"excerpt":{"rendered":"<p>Dirac Delta Signature Series OTF avtomatski s popolnim zaklju\u010dkom DLC Shadow \u2013 rezilo bodala M390MK z dvojnim robom, prevle\u010deno z DLC, in aluminijast ro\u010daj DLC. Zgornji gumb za spro\u017eitev. 3,79\u2033 rezilo, 9,40\u2033 skupno, 4,6 oz.<\/p>\n","protected":false},"featured_media":732960,"template":"","meta":{"_acf_changed":false},"product_brand":[15536],"product_cat":[15352,16008],"product_tag":[],"class_list":{"0":"post-732959","1":"product","2":"type-product","3":"status-publish","4":"has-post-thumbnail","6":"product_brand-microtech","7":"product_cat-knives-ro","8":"product_cat-otf-knives-sl","10":"first","11":"outofstock","12":"taxable","13":"shipping-taxable","14":"purchasable","15":"product-type-simple"},"acf":[],"_links":{"self":[{"href":"https:\/\/nbg.eu\/sl\/wp-json\/wp\/v2\/product\/732959","targetHints":{"allow":["GET"]}}],"collection":[{"href":"https:\/\/nbg.eu\/sl\/wp-json\/wp\/v2\/product"}],"about":[{"href":"https:\/\/nbg.eu\/sl\/wp-json\/wp\/v2\/types\/product"}],"wp:featuredmedia":[{"embeddable":true,"href":"https:\/\/nbg.eu\/sl\/wp-json\/wp\/v2\/media\/732960"}],"wp:attachment":[{"href":"https:\/\/nbg.eu\/sl\/wp-json\/wp\/v2\/media?parent=732959"}],"wp:term":[{"taxonomy":"product_brand","embeddable":true,"href":"https:\/\/nbg.eu\/sl\/wp-json\/wp\/v2\/product_brand?post=732959"},{"taxonomy":"product_cat","embeddable":true,"href":"https:\/\/nbg.eu\/sl\/wp-json\/wp\/v2\/product_cat?post=732959"},{"taxonomy":"product_tag","embeddable":true,"href":"https:\/\/nbg.eu\/sl\/wp-json\/wp\/v2\/product_tag?post=732959"}],"curies":[{"name":"wp","href":"https:\/\/api.w.org\/{rel}","templated":true}]}}