{"id":732963,"date":"2026-03-13T17:33:20","date_gmt":"2026-03-13T14:33:20","guid":{"rendered":"https:\/\/nbg.eu\/product\/microtech-6-utility-knife-stonewash-titanium-bolster-black-g-10\/"},"modified":"2026-03-16T13:06:40","modified_gmt":"2026-03-16T10:06:40","slug":"microtech-6-utility-knife-stonewash-titanium-bolster-black-g-10","status":"publish","type":"product","link":"https:\/\/nbg.eu\/sl\/izdelek\/microtech-6-utility-knife-stonewash-titanium-bolster-black-g-10\/","title":{"rendered":"Microtech 6&#8243; uporabni no\u017e Stonewash Titanium Bolster Black G-10"},"content":{"rendered":"<h2>Pregled<\/h2>\n<p>Microtech 6&#8243; Utility Knife v kulinari\u010dni svet prina\u0161a enako brezkompromisno kakovost in natan\u010dnost in\u017eeniringa, kot ga imajo Microtechovi takti\u010dni no\u017ei. Ta ve\u010dnamenski no\u017e premosti vrzel med no\u017eem za lupljenje in kuharskim no\u017eem s svojim tankim, a robustnim 6-pal\u010dnim rezilom M390MK, ki je popoln za rezanje sadja, zelenjave in pekovskih izdelkov, Prevelik za manj\u0161e no\u017ee zagotavlja povr\u0161ino brez ble\u0161\u010danja, varno za \u017eivila, z odli\u010dno odpornostjo proti koroziji, medtem ko oporniki iz titana in \u010drni ro\u010daj G-10 zagotavljajo profesionalen oprijem, ki ostane varen, tudi ko je moker.<\/p>\n<h3>M390MK Kulinari\u010dno rezilo<\/h3>\n<p>Isto jeklo Bohler M390MK, ki se uporablja v Microtechovih takti\u010dnih no\u017eih, zagotavlja zadr\u017eevanje ostrih robov, izjemno odpornost proti koroziji in enostavno ponovno ostrenje za leta profesionalne kuhinjske uporabe.<\/p>\n<h3>Konstrukcija opornika iz titana<\/h3>\n<p>Peskani oporniki iz titana 6AL-4V zagotavljajo udoben, uravnote\u017een ob\u010dutek z naravnim prehodom med ro\u010dajem in rezilom. Titan prakti\u010dno ne dodaja te\u017ee, hkrati pa zagotavlja izjemno vzdr\u017eljivost.<\/p>\n<h3>Tehtnice z ro\u010daji G-10<\/h3>\n<p>\u010crne kompozitne tehtnice z ro\u010daji G-10 so neprepustne za vlago, toploto in kemikalije, ki jih najdemo v profesionalnih kuhinjah, kar zagotavlja higieni\u010dno in trajno povr\u0161ino za oprijem.<\/p>\n<h3>Premium komponente<\/h3>\n<ul>\n<li>Rezilo Bohler M390MK z ravnim bru\u0161enjem in stonewash kon\u010dno obdelavo<\/li>\n<li>Peskani oporniki iz titana 6AL-4V<\/li>\n<li>\u010crne tehtnice z ro\u010daji G-10<\/li>\n<li>Konstrukcija, varna za \u017eivila, odporna proti koroziji<\/li>\n<li>Do\u017eivljenjska garancija<\/li>\n<\/ul>\n<h3>Specifikacije<\/h3>\n<table class=\"shop_attributes\">\n<tbody>\n<tr>\n<td><strong>Vrsta<\/strong><\/td>\n<td>Fiksno rezilo (kulinarika)<\/td>\n<\/tr>\n<tr>\n<td><strong>Dol\u017eina rezila<\/strong><\/td>\n<td>6,00&#8243;<\/td>\n<\/tr>\n<tr>\n<td><strong>Celotna dol\u017eina<\/strong><\/td>\n<td>10,54&#8243;<\/td>\n<\/tr>\n<tr>\n<td><strong>Jeklo rezila<\/strong><\/td>\n<td>Bohler M390MK<\/td>\n<\/tr>\n<tr>\n<td><strong>Dokon\u010danje rezila<\/strong><\/td>\n<td>Stonewash<\/td>\n<\/tr>\n<tr>\n<td><strong>Brusenje rezila<\/strong><\/td>\n<td>Ravno<\/td>\n<\/tr>\n<tr>\n<td><strong>Material ro\u010daja<\/strong><\/td>\n<td>\u010crni G-10 z oporniki iz titana<\/td>\n<\/tr>\n<tr>\n<td><strong>Material za opornike<\/strong><\/td>\n<td>Peskani 6AL-4V titan<\/td>\n<\/tr>\n<tr>\n<td><strong>Te\u017ea<\/strong><\/td>\n<td>4,54 oz<\/td>\n<\/tr>\n<tr>\n<td><strong>Dr\u017eava izvora<\/strong><\/td>\n<td>ZDA<\/td>\n<\/tr>\n<\/tbody>\n<\/table>\n","protected":false},"excerpt":{"rendered":"<p>Microtech 6\u2033 kulinari\u010dni no\u017e z rezilom stonewash M390MK, oporniki iz titana in \u010drnim ro\u010dajem G-10. Premosti vrzel med lupljenjem in kuharskim no\u017eem. 6,00\u2033 rezilo, 10,54\u2033 skupno, 4,54 oz.<\/p>\n","protected":false},"featured_media":732964,"template":"","meta":{"_acf_changed":false},"product_brand":[15536],"product_cat":[15871,15352],"product_tag":[],"class_list":{"0":"post-732963","1":"product","2":"type-product","3":"status-publish","4":"has-post-thumbnail","6":"product_brand-microtech","7":"product_cat-fixed-blade-knives-sl","8":"product_cat-knives-ro","10":"first","11":"outofstock","12":"taxable","13":"shipping-taxable","14":"purchasable","15":"product-type-simple"},"acf":[],"_links":{"self":[{"href":"https:\/\/nbg.eu\/sl\/wp-json\/wp\/v2\/product\/732963","targetHints":{"allow":["GET"]}}],"collection":[{"href":"https:\/\/nbg.eu\/sl\/wp-json\/wp\/v2\/product"}],"about":[{"href":"https:\/\/nbg.eu\/sl\/wp-json\/wp\/v2\/types\/product"}],"wp:featuredmedia":[{"embeddable":true,"href":"https:\/\/nbg.eu\/sl\/wp-json\/wp\/v2\/media\/732964"}],"wp:attachment":[{"href":"https:\/\/nbg.eu\/sl\/wp-json\/wp\/v2\/media?parent=732963"}],"wp:term":[{"taxonomy":"product_brand","embeddable":true,"href":"https:\/\/nbg.eu\/sl\/wp-json\/wp\/v2\/product_brand?post=732963"},{"taxonomy":"product_cat","embeddable":true,"href":"https:\/\/nbg.eu\/sl\/wp-json\/wp\/v2\/product_cat?post=732963"},{"taxonomy":"product_tag","embeddable":true,"href":"https:\/\/nbg.eu\/sl\/wp-json\/wp\/v2\/product_tag?post=732963"}],"curies":[{"name":"wp","href":"https:\/\/api.w.org\/{rel}","templated":true}]}}