{"id":73951,"date":"2024-08-16T18:08:29","date_gmt":"2024-08-16T18:08:29","guid":{"rendered":"https:\/\/nbg.eu\/product\/calypso-mini-mini-applied-ballistics-compatible\/"},"modified":"2026-01-21T12:25:19","modified_gmt":"2026-01-21T09:25:19","slug":"calypso-mini-mini-zdruzljiv-z-applied-ballistics","status":"publish","type":"product","link":"https:\/\/nbg.eu\/sl\/izdelek\/calypso-mini-mini-zdruzljiv-z-applied-ballistics\/","title":{"rendered":"Calypso Mini &#8211; Mini Zdru\u017eljiv z Applied Ballistics"},"content":{"rendered":"<h2>Calypso Mini &#8211; Mini zdru\u017eljiv z Applied Ballistics<\/h2>\n<p>Calypso Mini je kompakten ultrazvo\u010dni anemometer in vetrnica. Ta miniaturna naprava s premerom 43 mm ima napredne funkcije in robustno zasnovo.<\/p>\n<h3>Klju\u010dne lastnosti:<\/h3>\n<ul>\n<li>Ultrazvo\u010dni senzorji za natan\u010dne meritve hitrosti in smeri vetra<\/li>\n<li>Povezljivost Bluetooth 5.1 z dosegom do 30 m<\/li>\n<li>Brez\u017ei\u010dno QI polnjenje z do 150-urno avtonomijo baterije<\/li>\n<li>Ocena vodoodpornosti IPX8<\/li>\n<li>Zdru\u017eljivost z napravami Android, iOS in Garmin<\/li>\n<li>1\/4&#8243; \u017eenski navoj za enostavno pritrditev na stojalo<\/li>\n<li>Te\u017ea samo 78 gramov<\/li>\n<\/ul>\n<p>Calypso Mini omogo\u010da natan\u010dne meritve vetra s hitrostjo od 0,5 do 25 m\/s in natan\u010dnostjo smeri \u00b11\u00b0. Njegova trpe\u017ena zasnova brez gibljivih delov zagotavlja zanesljivost v razli\u010dnih pogojih. Pove\u017eite ga z brezpla\u010dno aplikacijo Anemotracker za bele\u017eenje podatkov in informacije o vetru v realnem \u010dasu.<\/p>\n<p>Calypso Mini je kompaktna re\u0161itev za merjenje vetra, primerna za navti\u010dne navdu\u0161ence, ljubitelje aktivnosti na prostem in profesionalne meteorologe.<\/p>\n","protected":false},"excerpt":{"rendered":"<p>Kompaktni ultrazvo\u010dni anemometer z Bluetoothom za natan\u010dne podatke o vetru.<\/p>\n","protected":false},"featured_media":23282,"template":"","meta":{"_acf_changed":false},"product_brand":[11178],"product_cat":[13463,13493],"product_tag":[],"class_list":{"0":"post-73951","1":"product","2":"type-product","3":"status-publish","4":"has-post-thumbnail","6":"product_brand-calypso","7":"product_cat-orodje","8":"product_cat-vremenske-postaje","10":"first","11":"outofstock","12":"taxable","13":"shipping-taxable","14":"purchasable","15":"product-type-simple"},"acf":[],"_links":{"self":[{"href":"https:\/\/nbg.eu\/sl\/wp-json\/wp\/v2\/product\/73951","targetHints":{"allow":["GET"]}}],"collection":[{"href":"https:\/\/nbg.eu\/sl\/wp-json\/wp\/v2\/product"}],"about":[{"href":"https:\/\/nbg.eu\/sl\/wp-json\/wp\/v2\/types\/product"}],"wp:featuredmedia":[{"embeddable":true,"href":"https:\/\/nbg.eu\/sl\/wp-json\/wp\/v2\/media\/23282"}],"wp:attachment":[{"href":"https:\/\/nbg.eu\/sl\/wp-json\/wp\/v2\/media?parent=73951"}],"wp:term":[{"taxonomy":"product_brand","embeddable":true,"href":"https:\/\/nbg.eu\/sl\/wp-json\/wp\/v2\/product_brand?post=73951"},{"taxonomy":"product_cat","embeddable":true,"href":"https:\/\/nbg.eu\/sl\/wp-json\/wp\/v2\/product_cat?post=73951"},{"taxonomy":"product_tag","embeddable":true,"href":"https:\/\/nbg.eu\/sl\/wp-json\/wp\/v2\/product_tag?post=73951"}],"curies":[{"name":"wp","href":"https:\/\/api.w.org\/{rel}","templated":true}]}}