{"id":74155,"date":"2024-10-18T22:52:52","date_gmt":"2024-10-18T19:52:52","guid":{"rendered":"https:\/\/nbg.eu\/product\/mag-release-button-kmr-black\/"},"modified":"2026-04-16T18:57:44","modified_gmt":"2026-04-16T15:57:44","slug":"gumb-za-sprostitev-nabojnika-kmr-crn","status":"publish","type":"product","link":"https:\/\/nbg.eu\/sl\/izdelek\/gumb-za-sprostitev-nabojnika-kmr-crn\/","title":{"rendered":"KMR Gumb za Sprostitev Nabojnika Standardni \u010crn"},"content":{"rendered":"<h2>Gumb za sprostitev nabojnika KMR &#8211; \u010drn<\/h2>\n<p>Gumb za sprostitev nabojnika KMR je bistveni dodatek za va\u0161e oro\u017ene sisteme, zasnovan za zagotavljanje varne in zanesljive mehanizme za sprostitev nabojnika.<\/p>\n<p>S svojo elegantno \u010drno kon\u010dno obdelavo gumb za sprostitev nabojnika KMR ni le funkcionalen, temve\u010d tudi dodaja takti\u010dno eleganco va\u0161emu oro\u017eju. Izdelan iz obstojnih materialov, ta gumb zagotavlja gladko in zanesljivo sprostitev nabojnika vsak \u010das, kar omogo\u010da hitre polnitve in nemoten prehod med streli.<\/p>\n<p>Ne glede na to, ali ste strokovni strelec ali \u0161ele za\u010detnik, je gumb za sprostitev nabojnika KMR bistveni dodatek, ki lahko izbolj\u0161a delovanje in zanesljivost va\u0161ega oro\u017enega sistema. Zaradi njegove ve\u010dnamenskih zdru\u017eljivosti in robustne zasnove je ta gumb nepogre\u0161ljiv za vsakega resnega navdu\u0161enca nad strelnim oro\u017ejem.<\/p>\n<p>Za oro\u017eje KMR:<\/p>\n<p>KMR L-02 EMIQ<\/p>\n<p>KMR L-02 EMIQ (OR)<\/p>\n<p>KMR L-02 ORCA DO 2023<\/p>\n<p>KMR L-02 SPECTRA OD 2024<\/p>\n<p>KMR L-02 SPECTRA DO 2023<\/p>\n<p>KMR L-02 UMBRA OD 2024<\/p>\n<p>KMR L-02 UMBRA DO 2023<\/p>\n<p>KMR S-01 LANCE (OR)<\/p>\n<p>KMR S-02 DO 2023<\/p>\n<p>KMR W-02 CUDA OD 2024<\/p>\n<p>KMR W-02 CUDA DO 2023<\/p>\n<p>KMR W-02 UMBRA<\/p>\n<p>KMR W-02 UMBRA (OR)<\/p>\n<p>Referenca 0180-00801-0101<\/p>\n","protected":false},"excerpt":{"rendered":"<p>Gumb za sprostitev okvirja za oro\u017eje KMR, na voljo v \u010drni barvi.<\/p>\n","protected":false},"featured_media":72251,"template":"","meta":{"_acf_changed":false},"product_brand":[11509],"product_cat":[13433],"product_tag":[],"class_list":{"0":"post-74155","1":"product","2":"type-product","3":"status-publish","4":"has-post-thumbnail","6":"product_brand-kmr-precision","7":"product_cat-kmr-deli","9":"first","10":"instock","11":"taxable","12":"shipping-taxable","13":"purchasable","14":"product-type-simple"},"acf":[],"_links":{"self":[{"href":"https:\/\/nbg.eu\/sl\/wp-json\/wp\/v2\/product\/74155","targetHints":{"allow":["GET"]}}],"collection":[{"href":"https:\/\/nbg.eu\/sl\/wp-json\/wp\/v2\/product"}],"about":[{"href":"https:\/\/nbg.eu\/sl\/wp-json\/wp\/v2\/types\/product"}],"wp:featuredmedia":[{"embeddable":true,"href":"https:\/\/nbg.eu\/sl\/wp-json\/wp\/v2\/media\/72251"}],"wp:attachment":[{"href":"https:\/\/nbg.eu\/sl\/wp-json\/wp\/v2\/media?parent=74155"}],"wp:term":[{"taxonomy":"product_brand","embeddable":true,"href":"https:\/\/nbg.eu\/sl\/wp-json\/wp\/v2\/product_brand?post=74155"},{"taxonomy":"product_cat","embeddable":true,"href":"https:\/\/nbg.eu\/sl\/wp-json\/wp\/v2\/product_cat?post=74155"},{"taxonomy":"product_tag","embeddable":true,"href":"https:\/\/nbg.eu\/sl\/wp-json\/wp\/v2\/product_tag?post=74155"}],"curies":[{"name":"wp","href":"https:\/\/api.w.org\/{rel}","templated":true}]}}