{"id":749351,"date":"2026-04-24T11:17:23","date_gmt":"2026-04-24T08:17:23","guid":{"rendered":"https:\/\/nbg.eu\/product\/eberlestock-wrs-retention-strap\/"},"modified":"2026-04-24T11:59:06","modified_gmt":"2026-04-24T08:59:06","slug":"eberlestock-wrs-retention-strap","status":"publish","type":"product","link":"https:\/\/nbg.eu\/sl\/izdelek\/eberlestock-wrs-retention-strap\/","title":{"rendered":"Eberlestock WRS-Retention Strap"},"content":{"rendered":"<h2>Eberlestock WRS-Retention Strap<\/h2>\n<p>Eberlestock WRS Retention Strap je preprost, a izjemno u\u010dinkovit dodatek, zasnovan za izbolj\u0161anje nadzora in prilagodljivosti va\u0161ega sistema za no\u0161enje. Na voljo v ve\u010d barvnih mo\u017enostih, ki se ujemajo z va\u0161o obstoje\u010do opremo Eberlestock, ta lahek jermen uporabnikom ponuja ve\u010djo prilagodljivost pri pritrjevanju oro\u017eja, opreme in dodatkov na platforme, zdru\u017eljive z MOLLE.<\/p>\n<h3>Klju\u010dne lastnosti<\/h3>\n<ul>\n<li>Univerzalni MOLLE-zdru\u017eljiv pritrditveni sistem za uporabo z nahrbtniki in dodatki Eberlestock<\/li>\n<li>Zasnovan za zadr\u017eevanje oro\u017eja in splo\u0161no pritrjevanje opreme<\/li>\n<li>Nizkoprofilna zasnova, ki se brezhibno integrira z obstoje\u010dimi konfiguracijami<\/li>\n<li>Funkcija hitrega prilagajanja za hitro razporeditev in shranjevanje<\/li>\n<li>Na voljo v ve\u010d barvah: Dry Earth, Military Green, Coyote Brown in Multicam<\/li>\n<li>Pokrito z do\u017eivljenjsko garancijo Eberlestock<\/li>\n<\/ul>\n<h3>Specifikacije<\/h3>\n<table>\n<tr>\n<td><strong>Kode izdelkov<\/strong><\/td>\n<td>WRSME (Dry Earth), WRSMJ (Military Green), WRSMC (Coyote Brown), WRSMM (Multicam)<\/td>\n<\/tr>\n<tr>\n<td><strong>Te\u017ea<\/strong><\/td>\n<td>4 oz<\/td>\n<\/tr>\n<tr>\n<td><strong>Zdru\u017eljivost<\/strong><\/td>\n<td>MOLLE \/ PALS<\/td>\n<\/tr>\n<tr>\n<td><strong>Proizvajalec<\/strong><\/td>\n<td>Eberlestock (Veteransko podjetje)<\/td>\n<\/tr>\n<\/table>\n","protected":false},"excerpt":{"rendered":"<p>Eberlestock WRS Retention Strap je preprost, a izjemno u\u010dinkovit dodatek, zasnovan za izbolj\u0161anje nadzora in prilagodljivosti va\u0161ega sistema za no\u0161enje. Na voljo v ve\u010d barvnih mo\u017enostih, ki se ujemajo z va\u0161o obstoje\u010do opremo Eberlestock, ta lahek jermen uporabnikom ponuja ve\u010djo prilagodljivost pri pritrjevanju oro\u017eja, opreme in dodatkov na platforme, zdru\u017eljive z MOLLE.<\/p>\n","protected":false},"featured_media":749352,"template":"","meta":{"_acf_changed":false},"product_brand":[15147],"product_cat":[13491],"product_tag":[],"class_list":{"0":"post-749351","1":"product","2":"type-product","3":"status-publish","4":"has-post-thumbnail","6":"product_brand-eberlestock","7":"product_cat-oprema","9":"first","10":"outofstock","11":"taxable","12":"shipping-taxable","13":"purchasable","14":"product-type-variable","15":"wvs-archive-product-wrapper"},"acf":[],"_links":{"self":[{"href":"https:\/\/nbg.eu\/sl\/wp-json\/wp\/v2\/product\/749351","targetHints":{"allow":["GET"]}}],"collection":[{"href":"https:\/\/nbg.eu\/sl\/wp-json\/wp\/v2\/product"}],"about":[{"href":"https:\/\/nbg.eu\/sl\/wp-json\/wp\/v2\/types\/product"}],"wp:featuredmedia":[{"embeddable":true,"href":"https:\/\/nbg.eu\/sl\/wp-json\/wp\/v2\/media\/749352"}],"wp:attachment":[{"href":"https:\/\/nbg.eu\/sl\/wp-json\/wp\/v2\/media?parent=749351"}],"wp:term":[{"taxonomy":"product_brand","embeddable":true,"href":"https:\/\/nbg.eu\/sl\/wp-json\/wp\/v2\/product_brand?post=749351"},{"taxonomy":"product_cat","embeddable":true,"href":"https:\/\/nbg.eu\/sl\/wp-json\/wp\/v2\/product_cat?post=749351"},{"taxonomy":"product_tag","embeddable":true,"href":"https:\/\/nbg.eu\/sl\/wp-json\/wp\/v2\/product_tag?post=749351"}],"curies":[{"name":"wp","href":"https:\/\/api.w.org\/{rel}","templated":true}]}}