{"id":749592,"date":"2026-04-24T11:17:29","date_gmt":"2026-04-24T08:17:29","guid":{"rendered":"https:\/\/nbg.eu\/product\/eberlestock-freefall-2000-nahrbtnik\/"},"modified":"2026-04-24T12:00:05","modified_gmt":"2026-04-24T09:00:05","slug":"eberlestock-freefall-2000-nahrbtnik","status":"publish","type":"product","link":"https:\/\/nbg.eu\/sl\/izdelek\/eberlestock-freefall-2000-nahrbtnik\/","title":{"rendered":"Eberlestock FreeFall 2000 Nahrbtnik"},"content":{"rendered":"<h2>Eberlestock FreeFall 2000 Nahrbtnik<\/h2>\n<p>Eberlestock FreeFall 2000 je vsestranska platforma z nizkim profilom, sposobna za ve\u010ddnevne odprave z minimalno opremo ali enodnevne izlete s polno opremo. S prostornim zgornjim pokrovom, sedmimi notranjimi \u017eepi, rokavom za vodno vre\u010dko, kompresijskimi trakovi in \u017eepi na pasu je ta nahrbtnik narejen za resne ljubitelje narave in takti\u010dne operaterje.<\/p>\n<h3>Klju\u010dne lastnosti<\/h3>\n<ul>\n<li>2000 c.i. \/ 32.8L capacity<\/li>\n<li>Spacious top lid<\/li>\n<li>Seven interior pockets<\/li>\n<li>Water bladder sleeve<\/li>\n<li>Compression straps<\/li>\n<li>Hip-belt pockets<\/li>\n<li>Aluminum frame<\/li>\n<li>Eberlestock Lifetime Warranty<\/li>\n<\/ul>\n<h3>Specifikacije<\/h3>\n<table>\n<tr>\n<td><strong>Prostornina<\/strong><\/td>\n<td>2000 c.i. \/ 32.8L<\/td>\n<\/tr>\n<tr>\n<td><strong>Te\u017ea<\/strong><\/td>\n<td>4 lbs 9 oz<\/td>\n<\/tr>\n<tr>\n<td><strong>Okvir<\/strong><\/td>\n<td>Aluminum<\/td>\n<\/tr>\n<tr>\n<td><strong>Kode izdelkov<\/strong><\/td>\n<td>V7MC, V7GY, V7MB, V7ME, V7MJ, V7MM<\/td>\n<\/tr>\n<tr>\n<td><strong>Proizvajalec<\/strong><\/td>\n<td>Eberlestock (Veteransko podjetje)<\/td>\n<\/tr>\n<\/table>\n","protected":false},"excerpt":{"rendered":"<p>Eberlestock FreeFall 2000 je vsestranska platforma z nizkim profilom, sposobna za ve\u010ddnevne odprave z minimalno opremo ali enodnevne izlete s polno opremo. S prostornim zgornjim pokrovom, sedmimi notranjimi \u017eepi, rokavom za vodno vre\u010dko, kompresijskimi trakovi in \u017eepi na pasu je ta nahrbtnik narejen za resne ljubitelje narave in takti\u010dne operaterje.<\/p>\n","protected":false},"featured_media":749593,"template":"","meta":{"_acf_changed":false},"product_brand":[15147],"product_cat":[13427],"product_tag":[],"class_list":{"0":"post-749592","1":"product","2":"type-product","3":"status-publish","4":"has-post-thumbnail","6":"product_brand-eberlestock","7":"product_cat-nahrbtniki","9":"first","10":"outofstock","11":"taxable","12":"shipping-taxable","13":"purchasable","14":"product-type-variable","15":"wvs-archive-product-wrapper"},"acf":[],"_links":{"self":[{"href":"https:\/\/nbg.eu\/sl\/wp-json\/wp\/v2\/product\/749592","targetHints":{"allow":["GET"]}}],"collection":[{"href":"https:\/\/nbg.eu\/sl\/wp-json\/wp\/v2\/product"}],"about":[{"href":"https:\/\/nbg.eu\/sl\/wp-json\/wp\/v2\/types\/product"}],"wp:featuredmedia":[{"embeddable":true,"href":"https:\/\/nbg.eu\/sl\/wp-json\/wp\/v2\/media\/749593"}],"wp:attachment":[{"href":"https:\/\/nbg.eu\/sl\/wp-json\/wp\/v2\/media?parent=749592"}],"wp:term":[{"taxonomy":"product_brand","embeddable":true,"href":"https:\/\/nbg.eu\/sl\/wp-json\/wp\/v2\/product_brand?post=749592"},{"taxonomy":"product_cat","embeddable":true,"href":"https:\/\/nbg.eu\/sl\/wp-json\/wp\/v2\/product_cat?post=749592"},{"taxonomy":"product_tag","embeddable":true,"href":"https:\/\/nbg.eu\/sl\/wp-json\/wp\/v2\/product_tag?post=749592"}],"curies":[{"name":"wp","href":"https:\/\/api.w.org\/{rel}","templated":true}]}}