{"id":749845,"date":"2026-04-24T11:17:35","date_gmt":"2026-04-24T08:17:35","guid":{"rendered":"https:\/\/nbg.eu\/product\/eberlestock-freefall-3000-nahrbtnik\/"},"modified":"2026-04-24T12:01:05","modified_gmt":"2026-04-24T09:01:05","slug":"eberlestock-freefall-3000-nahrbtnik","status":"publish","type":"product","link":"https:\/\/nbg.eu\/sl\/izdelek\/eberlestock-freefall-3000-nahrbtnik\/","title":{"rendered":"Eberlestock FreeFall 3000 Nahrbtnik"},"content":{"rendered":"<h2>Eberlestock FreeFall 3000 Nahrbtnik<\/h2>\n<p>Eberlestock FreeFall 3000 je ve\u010dji sorodnik iz serije FreeFall, ki ponuja 3000 kubi\u010dnih palcev prostornine za podalj\u0161ane odprave v divjini in ve\u010ddnevne operacije. Z enakim preizku\u0161enim dizajnom z robustnim aluminijastim okvirjem, sedmimi notranjimi \u017eepi in celovito organizacijo ta nahrbtnik z lahkoto obvladuje te\u017eje obremenitve.<\/p>\n<h3>Klju\u010dne lastnosti<\/h3>\n<ul>\n<li>3000 c.i. \/ 49.2L capacity<\/li>\n<li>Spacious top lid<\/li>\n<li>Seven interior pockets<\/li>\n<li>Water bladder sleeve<\/li>\n<li>Compression straps<\/li>\n<li>Hip-belt pockets<\/li>\n<li>Aluminum frame<\/li>\n<li>Eberlestock Lifetime Warranty<\/li>\n<\/ul>\n<h3>Specifikacije<\/h3>\n<table>\n<tr>\n<td><strong>Prostornina<\/strong><\/td>\n<td>3000 c.i. \/ 49.2L<\/td>\n<\/tr>\n<tr>\n<td><strong>Te\u017ea<\/strong><\/td>\n<td>5 lbs 1 oz<\/td>\n<\/tr>\n<tr>\n<td><strong>Okvir<\/strong><\/td>\n<td>Aluminum<\/td>\n<\/tr>\n<tr>\n<td><strong>Kode izdelkov<\/strong><\/td>\n<td>V8MC, V8GY, V8MB, V8ME, V8MJ, V8MM<\/td>\n<\/tr>\n<tr>\n<td><strong>Proizvajalec<\/strong><\/td>\n<td>Eberlestock (Veteransko podjetje)<\/td>\n<\/tr>\n<\/table>\n","protected":false},"excerpt":{"rendered":"<p>Eberlestock FreeFall 3000 je ve\u010dji sorodnik iz serije FreeFall, ki ponuja 3000 kubi\u010dnih palcev prostornine za podalj\u0161ane odprave v divjini in ve\u010ddnevne operacije. Z enakim preizku\u0161enim dizajnom z robustnim aluminijastim okvirjem, sedmimi notranjimi \u017eepi in celovito organizacijo ta nahrbtnik z lahkoto obvladuje te\u017eje obremenitve.<\/p>\n","protected":false},"featured_media":749846,"template":"","meta":{"_acf_changed":false},"product_brand":[15147],"product_cat":[13427],"product_tag":[],"class_list":{"0":"post-749845","1":"product","2":"type-product","3":"status-publish","4":"has-post-thumbnail","6":"product_brand-eberlestock","7":"product_cat-nahrbtniki","9":"first","10":"outofstock","11":"taxable","12":"shipping-taxable","13":"purchasable","14":"product-type-variable","15":"wvs-archive-product-wrapper"},"acf":[],"_links":{"self":[{"href":"https:\/\/nbg.eu\/sl\/wp-json\/wp\/v2\/product\/749845","targetHints":{"allow":["GET"]}}],"collection":[{"href":"https:\/\/nbg.eu\/sl\/wp-json\/wp\/v2\/product"}],"about":[{"href":"https:\/\/nbg.eu\/sl\/wp-json\/wp\/v2\/types\/product"}],"wp:featuredmedia":[{"embeddable":true,"href":"https:\/\/nbg.eu\/sl\/wp-json\/wp\/v2\/media\/749846"}],"wp:attachment":[{"href":"https:\/\/nbg.eu\/sl\/wp-json\/wp\/v2\/media?parent=749845"}],"wp:term":[{"taxonomy":"product_brand","embeddable":true,"href":"https:\/\/nbg.eu\/sl\/wp-json\/wp\/v2\/product_brand?post=749845"},{"taxonomy":"product_cat","embeddable":true,"href":"https:\/\/nbg.eu\/sl\/wp-json\/wp\/v2\/product_cat?post=749845"},{"taxonomy":"product_tag","embeddable":true,"href":"https:\/\/nbg.eu\/sl\/wp-json\/wp\/v2\/product_tag?post=749845"}],"curies":[{"name":"wp","href":"https:\/\/api.w.org\/{rel}","templated":true}]}}