{"id":751485,"date":"2026-04-24T11:17:58","date_gmt":"2026-04-24T08:17:58","guid":{"rendered":"https:\/\/nbg.eu\/product\/eberlestock-p12-knee-pad-komplet-2-kos\/"},"modified":"2026-04-24T12:09:12","modified_gmt":"2026-04-24T09:09:12","slug":"eberlestock-p12-knee-pad-komplet-2-kos","status":"publish","type":"product","link":"https:\/\/nbg.eu\/sl\/izdelek\/eberlestock-p12-knee-pad-komplet-2-kos\/","title":{"rendered":"Eberlestock P12 Knee Pad Komplet 2 kos"},"content":{"rendered":"<h2>Eberlestock P12 Knee Pad Komplet 2 kos<\/h2>\n<p>Komplet kolenskih \u0161\u010ditnikov Eberlestock P12 zagotavlja bistveno za\u0161\u010dito kolen za dolgotrajne terenske operacije, strelske polo\u017eaje in takti\u010dne aplikacije. Prodan kot komplet 2 kosov, ti kolenski \u0161\u010ditniki so zasnovani za integracijo z zdru\u017eljivimi hla\u010dami in opremo Eberlestock ter ponujajo lahkotno udobje in za\u0161\u010dito pred udarci, ko jo najbolj potrebujete.<\/p>\n<h3>Klju\u010dne lastnosti<\/h3>\n<ul>\n<li>Set of 2 knee pads<\/li>\n<li>Eberlestock pants compatible<\/li>\n<li>Lightweight construction<\/li>\n<li>Impact-absorbing foam<\/li>\n<li>Ergonomic design<\/li>\n<li>Eberlestock Lifetime Warranty<\/li>\n<\/ul>\n<h3>Specifikacije<\/h3>\n<table>\n<tr>\n<td><strong>Koli\u010dina<\/strong><\/td>\n<td>2<\/td>\n<\/tr>\n<tr>\n<td><strong>Zdru\u017eljivost<\/strong><\/td>\n<td>Eberlestock tactical pants<\/td>\n<\/tr>\n<tr>\n<td><strong>Proizvajalec<\/strong><\/td>\n<td>Eberlestock (Veteransko podjetje)<\/td>\n<\/tr>\n<\/table>\n","protected":false},"excerpt":{"rendered":"<p>Komplet kolenskih \u0161\u010ditnikov Eberlestock P12 zagotavlja bistveno za\u0161\u010dito kolen za dolgotrajne terenske operacije, strelske polo\u017eaje in takti\u010dne aplikacije. Prodan kot komplet 2 kosov, ti kolenski \u0161\u010ditniki so zasnovani za integracijo z zdru\u017eljivimi hla\u010dami in opremo Eberlestock ter ponujajo lahkotno udobje in za\u0161\u010dito pred udarci, ko jo najbolj potrebujete.<\/p>\n","protected":false},"featured_media":751562,"template":"","meta":{"_acf_changed":false},"product_brand":[15147],"product_cat":[13491],"product_tag":[],"class_list":{"0":"post-751485","1":"product","2":"type-product","3":"status-publish","4":"has-post-thumbnail","6":"product_brand-eberlestock","7":"product_cat-oprema","9":"first","10":"instock","11":"taxable","12":"shipping-taxable","13":"purchasable","14":"product-type-simple"},"acf":[],"_links":{"self":[{"href":"https:\/\/nbg.eu\/sl\/wp-json\/wp\/v2\/product\/751485","targetHints":{"allow":["GET"]}}],"collection":[{"href":"https:\/\/nbg.eu\/sl\/wp-json\/wp\/v2\/product"}],"about":[{"href":"https:\/\/nbg.eu\/sl\/wp-json\/wp\/v2\/types\/product"}],"wp:featuredmedia":[{"embeddable":true,"href":"https:\/\/nbg.eu\/sl\/wp-json\/wp\/v2\/media\/751562"}],"wp:attachment":[{"href":"https:\/\/nbg.eu\/sl\/wp-json\/wp\/v2\/media?parent=751485"}],"wp:term":[{"taxonomy":"product_brand","embeddable":true,"href":"https:\/\/nbg.eu\/sl\/wp-json\/wp\/v2\/product_brand?post=751485"},{"taxonomy":"product_cat","embeddable":true,"href":"https:\/\/nbg.eu\/sl\/wp-json\/wp\/v2\/product_cat?post=751485"},{"taxonomy":"product_tag","embeddable":true,"href":"https:\/\/nbg.eu\/sl\/wp-json\/wp\/v2\/product_tag?post=751485"}],"curies":[{"name":"wp","href":"https:\/\/api.w.org\/{rel}","templated":true}]}}