{"id":754221,"date":"2026-04-22T14:07:01","date_gmt":"2026-04-22T11:07:01","guid":{"rendered":"https:\/\/nbg.eu\/product\/federal-fusion-460-sw-mag-260-grain-lovsko-strelivo\/"},"modified":"2026-04-29T14:35:09","modified_gmt":"2026-04-29T11:35:09","slug":"federal-fusion-460-sw-mag-260-grain-lovsko-strelivo","status":"publish","type":"product","link":"https:\/\/nbg.eu\/sl\/izdelek\/federal-fusion-460-sw-mag-260-grain-lovsko-strelivo\/","title":{"rendered":"Federal Fusion .460 S&amp;W Mag 260 grain \u2014 lovsko strelivo"},"content":{"rendered":"<h2>Federal Fusion .460 S&amp;W Mag 260 grain<\/h2>\n<p>Federal Fusion .460 S&amp;W Magnum 260 grain je eno naju\u010dinkovitej\u0161ih lovskih streliv pi\u0161tolskega kalibra na trgu. Naboj .460 S&amp;W Magnum, razvit s sodelovanjem Smith &amp; Wesson in Federal, je eden najmo\u010dnej\u0161ih razpolo\u017eljivih tovarni\u0161ko izdelanih pi\u0161tolskih nabojev. V kombinaciji s tehnologijo Federal Fusion krogle, je to strelivo primerno za resen lov na veliko divjad.<\/p>\n<h3>Zmogljivost .460 S&amp;W Magnum<\/h3>\n<p>.460 S&amp;W Magnum ponuja skoraj raven balisti\u010dne zmogljivosti .30-30 Winchester na pi\u0161tolski platformi. Z 260 grain Fusion kroglo, lahko za\u010detna hitrost prese\u017ee 2000 fps, kar je izjemno za pi\u0161tolo \u2014 iz 8&#8243; Smith &amp; Wesson Performance Center revolverja.<\/p>\n<h3>Tehnologija Fusion krogle<\/h3>\n<p>Federal lastna molekularno povezana Fusion krogla zagotavlja, da krogla ostane nedotaknjena ob udarcu. Molekularno povezana bakrena pla\u0161\u010d in svin\u010deno jedro se ne moreta lo\u010diti \u2014 kar je kriti\u010dno za zanesljivo in predvidljivo ekspanzijo in prebijanje. To je posebej pomembno, ko lovite na pi\u0161tolski platformi veliko divjad.<\/p>\n<h3>260 grain te\u017ea<\/h3>\n<p>260 grain te\u017ea uravnote\u017ei med hitrostjo, plo\u0161\u010do krivuljo in prebijanjem. Dovolj te\u017eka za zanesljivo ubijanje srednje in velike divjadi, hkrati pa dovolj hitra za ohranjanje u\u010dinkovitega dosega. Idealna za jelena, \u010drnega medveda in podobno srednjo do veliko severnoameri\u0161ko divjad.<\/p>\n<h3>Pi\u0161tolske in karabinske platforme<\/h3>\n<p>.460 S&amp;W Magnum je bil prvotno razvit za revolverje Smith &amp; Wesson X-Frame (kot je model Performance Center 460), vendar je kaliber zdru\u017eljiv tudi z dolo\u010denimi prilagojenimi karabinkami. V karabinki je hitrost lahko znatno vi\u0161ja, kar zagotavlja raz\u0161irjen doseg.<\/p>\n<h3>Specifikacije<\/h3>\n<table>\n<tr>\n<th>Kaliber<\/th>\n<td>.460 S&amp;W Magnum<\/td>\n<\/tr>\n<tr>\n<th>Te\u017ea krogle<\/th>\n<td>260 grain<\/td>\n<\/tr>\n<tr>\n<th>Tip krogle<\/th>\n<td>Federal Fusion molekularno povezana<\/td>\n<\/tr>\n<tr>\n<th>Pla\u0161\u010d<\/th>\n<td>Galvanizirani baker<\/td>\n<\/tr>\n<tr>\n<th>Jedro<\/th>\n<td>Molekularno povezan svinec<\/td>\n<\/tr>\n<tr>\n<th>Tulec<\/th>\n<td>Medenina, Boxer netilka<\/td>\n<\/tr>\n<tr>\n<th>Pakiranje<\/th>\n<td>20 nabojev \/ \u0161katla<\/td>\n<\/tr>\n<tr>\n<th>Uporaba<\/th>\n<td>Lov na veliko divjad s pi\u0161tolo ali karabinko<\/td>\n<\/tr>\n<\/table>\n","protected":false},"excerpt":{"rendered":"<p>Federal Fusion .460 S&amp;W Magnum 260 grain lovsko strelivo za revolver ali karabinko. Lastna molekularno povezana Fusion krogla z nadzorovano ekspanzijo in globokim prebijanjem za lov na veliko divjad na .460 S&amp;W magnum platformah.<\/p>\n","protected":false},"featured_media":754222,"template":"","meta":{"_acf_changed":false},"product_brand":[16239],"product_cat":[13436,13476,13486],"product_tag":[],"class_list":{"0":"post-754221","1":"product","2":"type-product","3":"status-publish","4":"has-post-thumbnail","6":"product_brand-federal","7":"product_cat-licencirano","8":"product_cat-pistolsko-strelivo","9":"product_cat-strelivo","11":"first","12":"instock","13":"taxable","14":"shipping-taxable","15":"product-type-simple"},"acf":[],"_links":{"self":[{"href":"https:\/\/nbg.eu\/sl\/wp-json\/wp\/v2\/product\/754221","targetHints":{"allow":["GET"]}}],"collection":[{"href":"https:\/\/nbg.eu\/sl\/wp-json\/wp\/v2\/product"}],"about":[{"href":"https:\/\/nbg.eu\/sl\/wp-json\/wp\/v2\/types\/product"}],"wp:featuredmedia":[{"embeddable":true,"href":"https:\/\/nbg.eu\/sl\/wp-json\/wp\/v2\/media\/754222"}],"wp:attachment":[{"href":"https:\/\/nbg.eu\/sl\/wp-json\/wp\/v2\/media?parent=754221"}],"wp:term":[{"taxonomy":"product_brand","embeddable":true,"href":"https:\/\/nbg.eu\/sl\/wp-json\/wp\/v2\/product_brand?post=754221"},{"taxonomy":"product_cat","embeddable":true,"href":"https:\/\/nbg.eu\/sl\/wp-json\/wp\/v2\/product_cat?post=754221"},{"taxonomy":"product_tag","embeddable":true,"href":"https:\/\/nbg.eu\/sl\/wp-json\/wp\/v2\/product_tag?post=754221"}],"curies":[{"name":"wp","href":"https:\/\/api.w.org\/{rel}","templated":true}]}}