{"id":755624,"date":"2026-05-13T13:36:46","date_gmt":"2026-05-13T10:36:46","guid":{"rendered":"https:\/\/nbg.eu\/product\/contessa-picatinny-tirnica-howa-1500-long-action\/"},"modified":"2026-05-13T14:51:09","modified_gmt":"2026-05-13T11:51:09","slug":"contessa-picatinny-tirnica-howa-1500-long-action","status":"publish","type":"product","link":"https:\/\/nbg.eu\/sl\/izdelek\/contessa-picatinny-tirnica-howa-1500-long-action\/","title":{"rendered":"Contessa Picatinny tirnica Howa 1500 Long Action"},"content":{"rendered":"<h2>Contessa Picatinny tirnica Howa 1500 Long Action<\/h2>\n<p>Natan\u010dno obdelana Picatinny tirnica iz Contessa (Italija), zasnovana posebej za Howa 1500 Long Action ohi\u0161je. Iz CNC obdelanega jekla s trdim \u010drnim premazom; stabilna platforma za monta\u017eo optike in dodatkov.<\/p>\n<h3>Klju\u010dne lastnosti<\/h3>\n<ul>\n<li>Ustreza Howa 1500 Long Action<\/li>\n<li>MIL-STD 1913 Picatinny profil<\/li>\n<li>CNC obdelana jeklena konstrukcija<\/li>\n<li>Trd \u010drn premaz<\/li>\n<li>Italijansko mojstrstvo Contessa<\/li>\n<\/ul>\n<h3>Specifikacije<\/h3>\n<table>\n<tr>\n<td><strong>Ustreza<\/strong><\/td>\n<td>Howa 1500 Long Action<\/td>\n<\/tr>\n<tr>\n<td><strong>Standard<\/strong><\/td>\n<td>MIL-STD 1913 Picatinny<\/td>\n<\/tr>\n<tr>\n<td><strong>Material<\/strong><\/td>\n<td>Jeklo, trd \u010drn premaz<\/td>\n<\/tr>\n<tr>\n<td><strong>Proizvajalec<\/strong><\/td>\n<td>Contessa (Italija)<\/td>\n<\/tr>\n<\/table>\n","protected":false},"excerpt":{"rendered":"<p>Italijanska Contessa Picatinny tirnica za optike na bolt-action pu\u0161kah Howa 1500 Long Action. Natan\u010dno CNC obdelano jeklo.<\/p>\n","protected":false},"featured_media":756297,"template":"","meta":{"_acf_changed":false},"product_brand":[],"product_cat":[14903,15845,13497],"product_tag":[],"class_list":{"0":"post-755624","1":"product","2":"type-product","3":"status-publish","4":"has-post-thumbnail","6":"product_cat-mounts-sl","7":"product_cat-picatinny-rails-sl","8":"product_cat-tirnice","10":"first","11":"instock","12":"taxable","13":"shipping-taxable","14":"purchasable","15":"product-type-simple"},"acf":[],"_links":{"self":[{"href":"https:\/\/nbg.eu\/sl\/wp-json\/wp\/v2\/product\/755624","targetHints":{"allow":["GET"]}}],"collection":[{"href":"https:\/\/nbg.eu\/sl\/wp-json\/wp\/v2\/product"}],"about":[{"href":"https:\/\/nbg.eu\/sl\/wp-json\/wp\/v2\/types\/product"}],"wp:featuredmedia":[{"embeddable":true,"href":"https:\/\/nbg.eu\/sl\/wp-json\/wp\/v2\/media\/756297"}],"wp:attachment":[{"href":"https:\/\/nbg.eu\/sl\/wp-json\/wp\/v2\/media?parent=755624"}],"wp:term":[{"taxonomy":"product_brand","embeddable":true,"href":"https:\/\/nbg.eu\/sl\/wp-json\/wp\/v2\/product_brand?post=755624"},{"taxonomy":"product_cat","embeddable":true,"href":"https:\/\/nbg.eu\/sl\/wp-json\/wp\/v2\/product_cat?post=755624"},{"taxonomy":"product_tag","embeddable":true,"href":"https:\/\/nbg.eu\/sl\/wp-json\/wp\/v2\/product_tag?post=755624"}],"curies":[{"name":"wp","href":"https:\/\/api.w.org\/{rel}","templated":true}]}}