{"id":83567,"date":"2024-11-27T08:27:04","date_gmt":"2024-11-27T08:27:04","guid":{"rendered":"https:\/\/nbg.eu\/product\/geissele-ak-trigger-enhanced-with-lightning-bow-akt-el\/"},"modified":"2026-04-22T11:17:38","modified_gmt":"2026-04-22T08:17:38","slug":"geissele-ak-sprozilec-izboljsan-z-lightning-lokom-akt-el","status":"publish","type":"product","link":"https:\/\/nbg.eu\/sl\/izdelek\/geissele-ak-sprozilec-izboljsan-z-lightning-lokom-akt-el\/","title":{"rendered":"Geissele Spro\u017eilec AK Enhanced with Lightning Bow (AKT-EL)"},"content":{"rendered":"<div class=\"product-description\">\n<h2>Geissele AK spro\u017eilec izbolj\u0161an z Lightning lokom (AKT-EL)<\/h2>\n<p>AKT-EL za AK47\/AK74 je enofazni spro\u017eilec, ki ponuja:<\/p>\n<ul>\n<li>Kraj\u0161i poteg spro\u017eilca za bolj\u0161o zmogljivost<\/li>\n<li>Izdelan iz kakovostnega jeklitega zlitja<\/li>\n<li>Manganov fosfatni zaklju\u010dek za odpornost proti koroziji<\/li>\n<li>Lightning Bow\u00ae oblika za bolj\u0161i nadzor spro\u017eilca<\/li>\n<li>Izdelano v ZDA (North Wales, PA)<\/li>\n<li>Prispeva k skladnosti s 922(r) s tremi deli<\/li>\n<\/ul>\n<p><strong>Opomba:<\/strong> Ni zdru\u017eljiv z 12 kalibrskimi in 308 \/ 7,62x54r razli\u010dicami. Priporo\u010dena je profesionalna namestitev za optimalno delovanje in varnost.<\/p>\n<\/div>\n","protected":false},"excerpt":{"rendered":"<p>Izbolj\u0161ana AK spro\u017eilna skupina z lokom Lightning za bolj gladek in kraj\u0161i poteg.<\/p>\n","protected":false},"featured_media":82132,"template":"","meta":{"_acf_changed":false},"product_brand":[11389],"product_cat":[13421,13495,13444],"product_tag":[],"class_list":{"0":"post-83567","1":"product","2":"type-product","3":"status-publish","4":"has-post-thumbnail","6":"product_brand-geissele","7":"product_cat-ak-tuning","8":"product_cat-sprozilci","9":"product_cat-tuning-za-puske","11":"first","12":"instock","13":"taxable","14":"shipping-taxable","15":"product-type-simple"},"acf":[],"_links":{"self":[{"href":"https:\/\/nbg.eu\/sl\/wp-json\/wp\/v2\/product\/83567","targetHints":{"allow":["GET"]}}],"collection":[{"href":"https:\/\/nbg.eu\/sl\/wp-json\/wp\/v2\/product"}],"about":[{"href":"https:\/\/nbg.eu\/sl\/wp-json\/wp\/v2\/types\/product"}],"wp:featuredmedia":[{"embeddable":true,"href":"https:\/\/nbg.eu\/sl\/wp-json\/wp\/v2\/media\/82132"}],"wp:attachment":[{"href":"https:\/\/nbg.eu\/sl\/wp-json\/wp\/v2\/media?parent=83567"}],"wp:term":[{"taxonomy":"product_brand","embeddable":true,"href":"https:\/\/nbg.eu\/sl\/wp-json\/wp\/v2\/product_brand?post=83567"},{"taxonomy":"product_cat","embeddable":true,"href":"https:\/\/nbg.eu\/sl\/wp-json\/wp\/v2\/product_cat?post=83567"},{"taxonomy":"product_tag","embeddable":true,"href":"https:\/\/nbg.eu\/sl\/wp-json\/wp\/v2\/product_tag?post=83567"}],"curies":[{"name":"wp","href":"https:\/\/api.w.org\/{rel}","templated":true}]}}