{"id":131353,"date":"2024-11-02T06:45:52","date_gmt":"2024-11-02T06:45:52","guid":{"rendered":"https:\/\/nbg.eu\/product\/sprinco-usa-spring-kit-xp-buffer-spring-enhanced-4coil-bolt-extractor-spring\/"},"modified":"2026-01-21T12:05:17","modified_gmt":"2026-01-21T09:05:17","slug":"sprinco-usa-spring-kit-xp-buffer-spring-enhanced-4coil-bolt-extractor-spring","status":"publish","type":"product","link":"https:\/\/nbg.eu\/sv\/produkt\/sprinco-usa-spring-kit-xp-buffer-spring-enhanced-4coil-bolt-extractor-spring\/","title":{"rendered":"SPRINCO USA Spring Kit-XP Buffer Spring &amp; Enhanced 4Coil Bolt Extractor Spring"},"content":{"rendered":"<div class=\"product-description\">\n<h2>SPRINCO USA Fj\u00e4dersats &#8211; XP Buffertfj\u00e4der och F\u00f6rb\u00e4ttrad 4-varvs Utdragarfj\u00e4der<\/h2>\n<p>SPRINCO USA Fj\u00e4dersats inneh\u00e5ller:<\/p>\n<ul>\n<li>Extra kraftig buffertfj\u00e4der (R\u00f6d)<\/li>\n<li>F\u00f6rb\u00e4ttrad 4-varvs utdragarfj\u00e4der<\/li>\n<\/ul>\n<p>Denna sats utvecklades 2006 f\u00f6r att hantera tillf\u00f6rlitlighetsproblem med M4-karbiner i kr\u00e4vande milj\u00f6er. Den r\u00f6da fj\u00e4dern har cirka 25% h\u00f6gre belastningskapacitet j\u00e4mf\u00f6rt med den vita fj\u00e4dern, och passar f\u00f6r:<\/p>\n<ul>\n<li>9mm, 6.8 SPC, 6.5 Grendel<\/li>\n<li>.450 BM, .450 SOCOM, .500 Beowulf<\/li>\n<li>Colt LE6920 karbiner<\/li>\n<\/ul>\n<p>Obs: Prestandan kan variera beroende p\u00e5 port\u00f6ppningar och ammunition. L\u00e4s justeringsanvisningar f\u00f6re anv\u00e4ndning.<\/p>\n<\/div>\n","protected":false},"excerpt":{"rendered":"<p>H\u00f6gpresterande AR-buffertfj\u00e4der f\u00f6r f\u00f6rb\u00e4ttrad tillf\u00f6rlitlighet och kraft.<\/p>\n","protected":false},"featured_media":76522,"template":"","meta":{"_acf_changed":false},"product_brand":[14583],"product_cat":[13021,13003],"product_tag":[],"class_list":{"0":"post-131353","1":"product","2":"type-product","3":"status-publish","4":"has-post-thumbnail","6":"product_brand-sprinco-usa","7":"product_cat-fjaedrar","8":"product_cat-kmr-delar","10":"first","11":"outofstock","12":"taxable","13":"shipping-taxable","14":"purchasable","15":"product-type-simple"},"acf":[],"_links":{"self":[{"href":"https:\/\/nbg.eu\/sv\/wp-json\/wp\/v2\/product\/131353","targetHints":{"allow":["GET"]}}],"collection":[{"href":"https:\/\/nbg.eu\/sv\/wp-json\/wp\/v2\/product"}],"about":[{"href":"https:\/\/nbg.eu\/sv\/wp-json\/wp\/v2\/types\/product"}],"wp:featuredmedia":[{"embeddable":true,"href":"https:\/\/nbg.eu\/sv\/wp-json\/wp\/v2\/media\/76522"}],"wp:attachment":[{"href":"https:\/\/nbg.eu\/sv\/wp-json\/wp\/v2\/media?parent=131353"}],"wp:term":[{"taxonomy":"product_brand","embeddable":true,"href":"https:\/\/nbg.eu\/sv\/wp-json\/wp\/v2\/product_brand?post=131353"},{"taxonomy":"product_cat","embeddable":true,"href":"https:\/\/nbg.eu\/sv\/wp-json\/wp\/v2\/product_cat?post=131353"},{"taxonomy":"product_tag","embeddable":true,"href":"https:\/\/nbg.eu\/sv\/wp-json\/wp\/v2\/product_tag?post=131353"}],"curies":[{"name":"wp","href":"https:\/\/api.w.org\/{rel}","templated":true}]}}