{"id":132028,"date":"2025-01-01T20:52:41","date_gmt":"2025-01-01T20:52:41","guid":{"rendered":"https:\/\/nbg.eu\/product\/area-419-match-scope-rings\/"},"modified":"2026-01-21T12:35:30","modified_gmt":"2026-01-21T09:35:30","slug":"area-419-match-scope-rings","status":"publish","type":"product","link":"https:\/\/nbg.eu\/sv\/produkt\/area-419-match-scope-rings\/","title":{"rendered":"Area 419 MATCH Scope Rings"},"content":{"rendered":"<div class=\"product-description\">\n<h2>Area 419 MATCH Kikarsikteringar<\/h2>\n<p>Area 419 MATCH Kikarsikteringar \u00e4r tillverkade f\u00f6r att ge en p\u00e5litlig fasts\u00e4ttning av ditt kikarsikte.<\/p>\n<ul>\n<li>Serienumrerade, matchade ringar f\u00f6r noggrannhet<\/li>\n<li>Obehandlad aluminium inv\u00e4ndigt f\u00f6r b\u00e4ttre grepp om kikarsiktet<\/li>\n<li>Precisionborrade som upps\u00e4ttningar i maskincenter<\/li>\n<li>Laserm\u00e4rkta som matchade upps\u00e4ttningar<\/li>\n<li>Tillverkade av 7075 flygkvalitetsaluminium<\/li>\n<li>Typ 3 h\u00e5rdanodiserad bel\u00e4ggning (obehandlad aluminium inv\u00e4ndigt)<\/li>\n<li>Tillg\u00e4ngliga i 30mm, 34mm, 35mm och 36mm tubdiametrar<\/li>\n<li>L\u00e5g (24mm), Mellan (28mm) och H\u00f6g (32mm) monteringsh\u00f6jd<\/li>\n<\/ul>\n<p>Area 419 MATCH Kikarsikteringar \u00e4r designade f\u00f6r montering av kikarsikten.<\/p>\n<\/div>\n","protected":false},"excerpt":{"rendered":"<p>Precisionsmatchade, numrerade kikarsiktsringar f\u00f6r ultimat optisk stabilitet.<\/p>\n","protected":false},"featured_media":109103,"template":"","meta":{"_acf_changed":false},"product_brand":[11051],"product_cat":[514],"product_tag":[],"class_list":{"0":"post-132028","1":"product","2":"type-product","3":"status-publish","4":"has-post-thumbnail","6":"product_brand-area-419","7":"product_cat-rifle-grips","9":"first","10":"instock","11":"taxable","12":"shipping-taxable","13":"purchasable","14":"product-type-variable","15":"wvs-archive-product-wrapper"},"acf":[],"_links":{"self":[{"href":"https:\/\/nbg.eu\/sv\/wp-json\/wp\/v2\/product\/132028","targetHints":{"allow":["GET"]}}],"collection":[{"href":"https:\/\/nbg.eu\/sv\/wp-json\/wp\/v2\/product"}],"about":[{"href":"https:\/\/nbg.eu\/sv\/wp-json\/wp\/v2\/types\/product"}],"wp:featuredmedia":[{"embeddable":true,"href":"https:\/\/nbg.eu\/sv\/wp-json\/wp\/v2\/media\/109103"}],"wp:attachment":[{"href":"https:\/\/nbg.eu\/sv\/wp-json\/wp\/v2\/media?parent=132028"}],"wp:term":[{"taxonomy":"product_brand","embeddable":true,"href":"https:\/\/nbg.eu\/sv\/wp-json\/wp\/v2\/product_brand?post=132028"},{"taxonomy":"product_cat","embeddable":true,"href":"https:\/\/nbg.eu\/sv\/wp-json\/wp\/v2\/product_cat?post=132028"},{"taxonomy":"product_tag","embeddable":true,"href":"https:\/\/nbg.eu\/sv\/wp-json\/wp\/v2\/product_tag?post=132028"}],"curies":[{"name":"wp","href":"https:\/\/api.w.org\/{rel}","templated":true}]}}