{"id":133743,"date":"2024-11-02T08:42:18","date_gmt":"2025-01-08T16:51:08","guid":{"rendered":"https:\/\/nbg.eu\/product\/sprinco-usa-spring-kit-xp-buffer-spring-dual-extractor-spring\/"},"modified":"2026-05-13T16:48:13","modified_gmt":"2026-05-13T13:48:13","slug":"sprinco-usa-spring-kit-xp-buffer-spring-dual-extractor-spring","status":"publish","type":"product","link":"https:\/\/nbg.eu\/sv\/produkt\/sprinco-usa-spring-kit-xp-buffer-spring-dual-extractor-spring\/","title":{"rendered":"SPRINCO USA Spring Kit-XP Buffer Spring \/ Dual Extractor Spring"},"content":{"rendered":"<div class=\"product-description\">\n<h2>SPRINCO USA Fj\u00e4dersats-XP Bufferfj\u00e4der \/ Dubbel Utdragarfj\u00e4der<\/h2>\n<p>SPRINCO USA Extra Power Bufferfj\u00e4der \u00e4r designad f\u00f6r AR-vapen. Den utvecklades 2006 f\u00f6r ett moderniseringsteam och adresserar funktionsproblem i M4-karbiner under kr\u00e4vande f\u00f6rh\u00e5llanden.<\/p>\n<ul>\n<li>25% h\u00f6gre designbelastning j\u00e4mf\u00f6rt med den vita fj\u00e4dern<\/li>\n<li>L\u00e4mplig f\u00f6r 9mm, 6.8 SPC, 6.5 Grendel, .450 BM, .450 SOCOM, .500 Beowulf och Colt LE6920<\/li>\n<li>Instruktioner f\u00f6r justering medf\u00f6ljer f\u00f6r optimal prestanda<\/li>\n<\/ul>\n<p>Obs: Prestandan kan variera beroende p\u00e5 portv\u00e4rdena och ammunitionsladdningar. L\u00e4s medf\u00f6ljande dokumentation f\u00f6re anv\u00e4ndning.<\/p>\n<\/div>\n","protected":false},"excerpt":{"rendered":"<p>F\u00f6rb\u00e4ttrad AR-buffertfj\u00e4der f\u00f6r \u00f6kad tillf\u00f6rlitlighet i utmanande milj\u00f6er.<\/p>\n","protected":false},"featured_media":76569,"template":"","meta":{"_acf_changed":false},"product_brand":[14583],"product_cat":[13021,13003],"product_tag":[],"class_list":{"0":"post-133743","1":"product","2":"type-product","3":"status-publish","4":"has-post-thumbnail","6":"product_brand-sprinco-usa","7":"product_cat-fjaedrar","8":"product_cat-kmr-delar","10":"first","11":"instock","12":"taxable","13":"shipping-taxable","14":"purchasable","15":"product-type-simple"},"acf":[],"_links":{"self":[{"href":"https:\/\/nbg.eu\/sv\/wp-json\/wp\/v2\/product\/133743","targetHints":{"allow":["GET"]}}],"collection":[{"href":"https:\/\/nbg.eu\/sv\/wp-json\/wp\/v2\/product"}],"about":[{"href":"https:\/\/nbg.eu\/sv\/wp-json\/wp\/v2\/types\/product"}],"wp:featuredmedia":[{"embeddable":true,"href":"https:\/\/nbg.eu\/sv\/wp-json\/wp\/v2\/media\/76569"}],"wp:attachment":[{"href":"https:\/\/nbg.eu\/sv\/wp-json\/wp\/v2\/media?parent=133743"}],"wp:term":[{"taxonomy":"product_brand","embeddable":true,"href":"https:\/\/nbg.eu\/sv\/wp-json\/wp\/v2\/product_brand?post=133743"},{"taxonomy":"product_cat","embeddable":true,"href":"https:\/\/nbg.eu\/sv\/wp-json\/wp\/v2\/product_cat?post=133743"},{"taxonomy":"product_tag","embeddable":true,"href":"https:\/\/nbg.eu\/sv\/wp-json\/wp\/v2\/product_tag?post=133743"}],"curies":[{"name":"wp","href":"https:\/\/api.w.org\/{rel}","templated":true}]}}