{"id":134551,"date":"2024-11-26T13:10:26","date_gmt":"2024-11-26T10:10:26","guid":{"rendered":"https:\/\/nbg.eu\/product\/geissele-ak-braided-spring\/"},"modified":"2026-05-13T16:02:06","modified_gmt":"2026-05-13T13:02:06","slug":"geissele-ak-braided-spring","status":"publish","type":"product","link":"https:\/\/nbg.eu\/sv\/produkt\/geissele-ak-braided-spring\/","title":{"rendered":"Geissele Fl\u00e4tad Slagfj\u00e4der AK"},"content":{"rendered":"<h2>AK Fl\u00e4tad fj\u00e4der<\/h2>\n<p>ALG AK Fl\u00e4tad huvudfj\u00e4der \u00e4r en reservdelsfj\u00e4der f\u00f6r AK47\/74-plattformsgev\u00e4r. Detta ers\u00e4ttningsalternativ tillverkas i USA av tre tr\u00e5dar som fl\u00e4tas samman. Den fl\u00e4tade konstruktionen ger \u00f6kad h\u00e5llbarhet och tillf\u00f6rlitlighet j\u00e4mf\u00f6rt med traditionella AK-huvudfj\u00e4drar, vilket s\u00e4kerst\u00e4ller en smidig och konsekvent funktion av ditt gev\u00e4r.<\/p>\n<p>Tillverkad av h\u00f6gkvalitativa material \u00e4r AK Fl\u00e4tad fj\u00e4der byggd f\u00f6r att t\u00e5la p\u00e5frestningarna av tung anv\u00e4ndning och tuffa f\u00f6rh\u00e5llanden. Den robusta konstruktionen bidrar till att minska risken f\u00f6r fj\u00e4derhaveri, vilket kan leda till eldavbrott eller andra fel. Genom att uppgradera din AK:s huvudfj\u00e4der med denna tillf\u00f6rlitliga komponent kan du njuta av f\u00f6rb\u00e4ttrad prestanda och lugn i sinnet, med vetskapen om att ditt gev\u00e4r fungerar p\u00e5 b\u00e4sta s\u00e4tt.<\/p>\n<p>Oavsett om du \u00e4r en t\u00e4vlingsskytt eller en taktisk operat\u00f6r, \u00e4r AK Fl\u00e4tad fj\u00e4der en v\u00e4sentlig uppgradering att \u00f6verv\u00e4ga f\u00f6r din AK47\/74-plattform. Dess \u00f6verl\u00e4gsna konstruktion och tillverkningsstandarder g\u00f6r den till ett betrodd val bland kr\u00e4sna vapen\u00e4gare som kr\u00e4ver den h\u00f6gsta niv\u00e5n av tillf\u00f6rlitlighet och prestanda fr\u00e5n sin utrustning.<\/p>\n","protected":false},"excerpt":{"rendered":"<p>Den AK fl\u00e4tade fj\u00e4dern \u00e4r en i USA tillverkad 3-tr\u00e5dig fl\u00e4tad ers\u00e4ttningsfj\u00e4der f\u00f6r AK47\/74-gev\u00e4r.<\/p>\n","protected":false},"featured_media":81112,"template":"","meta":{"_acf_changed":false},"product_brand":[11396],"product_cat":[13021],"product_tag":[],"class_list":{"0":"post-134551","1":"product","2":"type-product","3":"status-publish","4":"has-post-thumbnail","6":"product_brand-geissele","7":"product_cat-fjaedrar","9":"first","10":"instock","11":"taxable","12":"shipping-taxable","13":"product-type-simple"},"acf":[],"_links":{"self":[{"href":"https:\/\/nbg.eu\/sv\/wp-json\/wp\/v2\/product\/134551","targetHints":{"allow":["GET"]}}],"collection":[{"href":"https:\/\/nbg.eu\/sv\/wp-json\/wp\/v2\/product"}],"about":[{"href":"https:\/\/nbg.eu\/sv\/wp-json\/wp\/v2\/types\/product"}],"wp:featuredmedia":[{"embeddable":true,"href":"https:\/\/nbg.eu\/sv\/wp-json\/wp\/v2\/media\/81112"}],"wp:attachment":[{"href":"https:\/\/nbg.eu\/sv\/wp-json\/wp\/v2\/media?parent=134551"}],"wp:term":[{"taxonomy":"product_brand","embeddable":true,"href":"https:\/\/nbg.eu\/sv\/wp-json\/wp\/v2\/product_brand?post=134551"},{"taxonomy":"product_cat","embeddable":true,"href":"https:\/\/nbg.eu\/sv\/wp-json\/wp\/v2\/product_cat?post=134551"},{"taxonomy":"product_tag","embeddable":true,"href":"https:\/\/nbg.eu\/sv\/wp-json\/wp\/v2\/product_tag?post=134551"}],"curies":[{"name":"wp","href":"https:\/\/api.w.org\/{rel}","templated":true}]}}