{"id":136599,"date":"2024-11-26T10:16:42","date_gmt":"2024-11-26T10:16:42","guid":{"rendered":"https:\/\/nbg.eu\/product\/geissele-alg-defense-barrel-nut-wrench\/"},"modified":"2026-01-21T11:33:18","modified_gmt":"2026-01-21T08:33:18","slug":"geissele-alg-defense-barrel-nut-wrench","status":"publish","type":"product","link":"https:\/\/nbg.eu\/sv\/produkt\/geissele-alg-defense-barrel-nut-wrench\/","title":{"rendered":"Geissele ALG Defense Barrel Nut Wrench"},"content":{"rendered":"<div class=\"product-description\">\n<h2>ALG Defense Pipnyckel<\/h2>\n<p>ALG Defense Pipnyckel \u00e4r ett verktyg f\u00f6r vapenentusiaster och vapensmeder. Denna nyckel l\u00e5ter dig:<\/p>\n<ul>\n<li>Applicera r\u00e4tt vridmoment p\u00e5 pipans mutter<\/li>\n<li>Rikta in pipans mutter mot gasr\u00f6ret samtidigt<\/li>\n<li>Montera ALG Defense skenor utan momentnyckel<\/li>\n<\/ul>\n<p>Denna nyckel f\u00f6renklar installationsprocessen. Den \u00e4r utformad f\u00f6r att ge konsekventa resultat varje g\u00e5ng.<\/p>\n<p>ALG Defense Pipnyckel \u00e4r ett verktyg f\u00f6r vapenmontering och underh\u00e5ll.<\/p>\n<\/div>\n","protected":false},"excerpt":{"rendered":"<p>ALG Defense pipskruvsnyckel: Enkel vridmoment och indexering, inga extra tillbeh\u00f6r beh\u00f6vs.<\/p>\n","protected":false},"featured_media":81252,"template":"","meta":{"_acf_changed":false},"product_brand":[11396],"product_cat":[13014],"product_tag":[],"class_list":{"0":"post-136599","1":"product","2":"type-product","3":"status-publish","4":"has-post-thumbnail","6":"product_brand-geissele","7":"product_cat-gevaerstuning","9":"first","10":"instock","11":"taxable","12":"shipping-taxable","13":"product-type-simple"},"acf":[],"_links":{"self":[{"href":"https:\/\/nbg.eu\/sv\/wp-json\/wp\/v2\/product\/136599","targetHints":{"allow":["GET"]}}],"collection":[{"href":"https:\/\/nbg.eu\/sv\/wp-json\/wp\/v2\/product"}],"about":[{"href":"https:\/\/nbg.eu\/sv\/wp-json\/wp\/v2\/types\/product"}],"wp:featuredmedia":[{"embeddable":true,"href":"https:\/\/nbg.eu\/sv\/wp-json\/wp\/v2\/media\/81252"}],"wp:attachment":[{"href":"https:\/\/nbg.eu\/sv\/wp-json\/wp\/v2\/media?parent=136599"}],"wp:term":[{"taxonomy":"product_brand","embeddable":true,"href":"https:\/\/nbg.eu\/sv\/wp-json\/wp\/v2\/product_brand?post=136599"},{"taxonomy":"product_cat","embeddable":true,"href":"https:\/\/nbg.eu\/sv\/wp-json\/wp\/v2\/product_cat?post=136599"},{"taxonomy":"product_tag","embeddable":true,"href":"https:\/\/nbg.eu\/sv\/wp-json\/wp\/v2\/product_tag?post=136599"}],"curies":[{"name":"wp","href":"https:\/\/api.w.org\/{rel}","templated":true}]}}