{"id":140076,"date":"2025-01-04T08:32:04","date_gmt":"2025-01-04T08:32:04","guid":{"rendered":"https:\/\/nbg.eu\/product\/area-419-arcalock-17-universal-dovetail-rail\/"},"modified":"2026-01-21T11:33:29","modified_gmt":"2026-01-21T08:33:29","slug":"area-419-arcalock-17-universal-dovetail-rail","status":"publish","type":"product","link":"https:\/\/nbg.eu\/sv\/produkt\/area-419-arcalock-17-universal-dovetail-rail\/","title":{"rendered":"Area 419 &#8211; ARCALOCK 17&#8243; Universal Dovetail Rail"},"content":{"rendered":"<div class=\"product-description\">\n<h2>Area 419 &#8211; ARCALOCK 17&#8243; Universal Svalstj\u00e4rtskena<\/h2>\n<p>ARCALOCK svalstj\u00e4rtskena system. Denna 17&#8243; skena har:<\/p>\n<ul>\n<li>R\u00e4fflade sidor f\u00f6r mekanisk l\u00e5sning med Area 419 kl\u00e4mmor<\/li>\n<li>Bak\u00e5tkompatibilitet med standard Arca tillbeh\u00f6r<\/li>\n<li>\u00d6verensst\u00e4mmelse med RRS 1.5&#8243; svalstj\u00e4rtstandard<\/li>\n<li>Fasade kanter<\/li>\n<li>Flera f\u00e4stpunkter f\u00f6r stabilitet<\/li>\n<li>Typ 3 h\u00e5rd anodiserad 6061-T6 aluminium konstruktion<\/li>\n<li>Tillverkad i USA med inhemskt k\u00e4llmaterial<\/li>\n<\/ul>\n<p>Inkluderar f\u00f6rl\u00e4ngd Remington 700-stil aktionsskruv och monteringsh\u00e5rdvara.<\/p>\n<p><em>Obs: Bakre fast hinder och MLOK-h\u00e5rdvara ing\u00e5r inte.<\/em><\/p>\n<\/div>\n","protected":false},"excerpt":{"rendered":"<p>&#8221;L\u00e5sande ARCA-skena f\u00f6r precisionsgev\u00e4r. 17 tum USA-tillverkad aluminium.&#8221;<\/p>\n","protected":false},"featured_media":116060,"template":"","meta":{"_acf_changed":false},"product_brand":[11051],"product_cat":[13067],"product_tag":[],"class_list":{"0":"post-140076","1":"product","2":"type-product","3":"status-publish","4":"has-post-thumbnail","6":"product_brand-area-419","7":"product_cat-skenor","9":"first","10":"instock","11":"taxable","12":"shipping-taxable","13":"purchasable","14":"product-type-simple"},"acf":[],"_links":{"self":[{"href":"https:\/\/nbg.eu\/sv\/wp-json\/wp\/v2\/product\/140076","targetHints":{"allow":["GET"]}}],"collection":[{"href":"https:\/\/nbg.eu\/sv\/wp-json\/wp\/v2\/product"}],"about":[{"href":"https:\/\/nbg.eu\/sv\/wp-json\/wp\/v2\/types\/product"}],"wp:featuredmedia":[{"embeddable":true,"href":"https:\/\/nbg.eu\/sv\/wp-json\/wp\/v2\/media\/116060"}],"wp:attachment":[{"href":"https:\/\/nbg.eu\/sv\/wp-json\/wp\/v2\/media?parent=140076"}],"wp:term":[{"taxonomy":"product_brand","embeddable":true,"href":"https:\/\/nbg.eu\/sv\/wp-json\/wp\/v2\/product_brand?post=140076"},{"taxonomy":"product_cat","embeddable":true,"href":"https:\/\/nbg.eu\/sv\/wp-json\/wp\/v2\/product_cat?post=140076"},{"taxonomy":"product_tag","embeddable":true,"href":"https:\/\/nbg.eu\/sv\/wp-json\/wp\/v2\/product_tag?post=140076"}],"curies":[{"name":"wp","href":"https:\/\/api.w.org\/{rel}","templated":true}]}}