{"id":148564,"date":"2024-11-26T18:52:22","date_gmt":"2024-11-26T18:52:22","guid":{"rendered":"https:\/\/nbg.eu\/product\/geissele-15-round-6mm-arc-magazine-black\/"},"modified":"2026-02-27T15:52:20","modified_gmt":"2026-02-27T12:52:20","slug":"geissele-15-round-6mm-arc-magazine-black","status":"publish","type":"product","link":"https:\/\/nbg.eu\/sv\/produkt\/geissele-15-round-6mm-arc-magazine-black\/","title":{"rendered":"Geissele 15 round 6mm ARC Magazine\u2013 Black"},"content":{"rendered":"<div class=\"product-description\">\n<h2>Geissele 15-skotts 6mm ARC magasin \u2013 Svart<\/h2>\n<p>Geissele 6mm ARC magasin \u00e4r h\u00e5llbart och p\u00e5litligt.<\/p>\n<ul>\n<li>F\u00f6rb\u00e4ttrad konstruktion i ett stycke<\/li>\n<li>Lasersvetsat 410 rostfritt st\u00e5l<\/li>\n<li>Antilutningsmekanism f\u00f6r j\u00e4mn matning<\/li>\n<li>Korrosionsbest\u00e4ndig svart nitridbel\u00e4ggning<\/li>\n<li>15-skotts kapacitet<\/li>\n<li>5,0 tum total l\u00e4ngd<\/li>\n<li>Fj\u00e4der i rostfritt st\u00e5l f\u00f6r l\u00e5ng livsl\u00e4ngd<\/li>\n<\/ul>\n<p>Tillverkat i USA. Detta magasin fungerar med 6mm ARC, 6,5 Grendel och 22 ARC patroner.<\/p>\n<\/div>\n","protected":false},"excerpt":{"rendered":"<p>I apologize, but there is no product description provided in your message for me to translate. If you would like me to translate a specific product description to Swedish, please provide the text you want translated, and I&#8217;ll be happy to assist you.<\/p>\n","protected":false},"featured_media":81740,"template":"","meta":{"_acf_changed":false},"product_brand":[11396],"product_cat":[13053,13060],"product_tag":[],"class_list":{"0":"post-148564","1":"product","2":"type-product","3":"status-publish","4":"has-post-thumbnail","6":"product_brand-geissele","7":"product_cat-gevaer","8":"product_cat-gevaersmagasin","10":"first","11":"instock","12":"taxable","13":"shipping-taxable","14":"product-type-simple"},"acf":[],"_links":{"self":[{"href":"https:\/\/nbg.eu\/sv\/wp-json\/wp\/v2\/product\/148564","targetHints":{"allow":["GET"]}}],"collection":[{"href":"https:\/\/nbg.eu\/sv\/wp-json\/wp\/v2\/product"}],"about":[{"href":"https:\/\/nbg.eu\/sv\/wp-json\/wp\/v2\/types\/product"}],"wp:featuredmedia":[{"embeddable":true,"href":"https:\/\/nbg.eu\/sv\/wp-json\/wp\/v2\/media\/81740"}],"wp:attachment":[{"href":"https:\/\/nbg.eu\/sv\/wp-json\/wp\/v2\/media?parent=148564"}],"wp:term":[{"taxonomy":"product_brand","embeddable":true,"href":"https:\/\/nbg.eu\/sv\/wp-json\/wp\/v2\/product_brand?post=148564"},{"taxonomy":"product_cat","embeddable":true,"href":"https:\/\/nbg.eu\/sv\/wp-json\/wp\/v2\/product_cat?post=148564"},{"taxonomy":"product_tag","embeddable":true,"href":"https:\/\/nbg.eu\/sv\/wp-json\/wp\/v2\/product_tag?post=148564"}],"curies":[{"name":"wp","href":"https:\/\/api.w.org\/{rel}","templated":true}]}}