{"id":22586,"date":"2024-08-19T20:28:32","date_gmt":"2024-08-19T17:28:32","guid":{"rendered":"https:\/\/nbg.eu\/product\/produkt-2\/"},"modified":"2026-05-13T16:41:23","modified_gmt":"2026-05-13T13:41:23","slug":"produkt-2","status":"publish","type":"product","link":"https:\/\/nbg.eu\/sv\/produkt\/produkt-2\/","title":{"rendered":"KMR Stift f\u00f6r Mantelsp\u00e4rrfj\u00e4der"},"content":{"rendered":"<h2>Slide Stop Spring Pin KMR<\/h2>\n<p>F\u00f6rb\u00e4ttra funktionaliteten och tillf\u00f6rlitligheten hos ditt skjutvapen med Slide Stop Spring Pin KMR. Denna precisionstillverkade komponent \u00e4r utformad f\u00f6r att s\u00e4kert h\u00e5lla stoppet f\u00f6r gliden p\u00e5 plats, vilket s\u00e4kerst\u00e4ller en smidig och konsekvent funktion av ditt vapen. Tillverkad av h\u00f6gkvalitativa material \u00e4r Slide Stop Spring Pin KMR byggd f\u00f6r att t\u00e5la regelbunden anv\u00e4ndning och tuffa milj\u00f6er.<\/p>\n<p>Tack vare sin h\u00e5llbara fj\u00e4derkonstruktion ger Slide Stop Spring Pin KMR p\u00e5litlig prestanda och en s\u00e4ker passform, vilket f\u00f6rhindrar o\u00f6nskad glidr\u00f6relse eller urkoppling. Dess kompakta storlek och smidiga integration g\u00f6r den till en n\u00f6dv\u00e4ndig tillsats till underh\u00e5llet och uppgraderingen av ditt skjutvapen.<\/p>\n<p>Oavsett om du \u00e4r en erfaren skytt eller en vapenentuast \u00e4r Slide Stop Spring Pin KMR en m\u00e5ste-ha-tillbeh\u00f6r f\u00f6r att uppr\u00e4tth\u00e5lla optimal prestanda hos ditt vapen. Uppgradera ditt skjutvapen med denna tillf\u00f6rlitliga och anv\u00e4ndarv\u00e4nliga komponent och upplev skillnaden i din skjutupplevelse.<\/p>\n","protected":false},"excerpt":{"rendered":"<p>P\u00e5litlig fj\u00e4derbelastad glidstopppinne f\u00f6r s\u00e4ker KMR-montering.<\/p>\n","protected":false},"featured_media":60782,"template":"","meta":{"_acf_changed":false},"product_brand":[11511],"product_cat":[13021,13003],"product_tag":[],"class_list":{"0":"post-22586","1":"product","2":"type-product","3":"status-publish","4":"has-post-thumbnail","6":"product_brand-kmr-precision","7":"product_cat-fjaedrar","8":"product_cat-kmr-delar","10":"first","11":"instock","12":"taxable","13":"shipping-taxable","14":"product-type-simple"},"acf":[],"_links":{"self":[{"href":"https:\/\/nbg.eu\/sv\/wp-json\/wp\/v2\/product\/22586","targetHints":{"allow":["GET"]}}],"collection":[{"href":"https:\/\/nbg.eu\/sv\/wp-json\/wp\/v2\/product"}],"about":[{"href":"https:\/\/nbg.eu\/sv\/wp-json\/wp\/v2\/types\/product"}],"wp:featuredmedia":[{"embeddable":true,"href":"https:\/\/nbg.eu\/sv\/wp-json\/wp\/v2\/media\/60782"}],"wp:attachment":[{"href":"https:\/\/nbg.eu\/sv\/wp-json\/wp\/v2\/media?parent=22586"}],"wp:term":[{"taxonomy":"product_brand","embeddable":true,"href":"https:\/\/nbg.eu\/sv\/wp-json\/wp\/v2\/product_brand?post=22586"},{"taxonomy":"product_cat","embeddable":true,"href":"https:\/\/nbg.eu\/sv\/wp-json\/wp\/v2\/product_cat?post=22586"},{"taxonomy":"product_tag","embeddable":true,"href":"https:\/\/nbg.eu\/sv\/wp-json\/wp\/v2\/product_tag?post=22586"}],"curies":[{"name":"wp","href":"https:\/\/api.w.org\/{rel}","templated":true}]}}