{"id":275570,"date":"2025-03-07T11:08:39","date_gmt":"2025-03-07T11:08:39","guid":{"rendered":"https:\/\/nbg.eu\/product\/ipsc-targets-mini-100pcs\/"},"modified":"2026-01-21T12:04:45","modified_gmt":"2026-01-21T09:04:45","slug":"ipsc-targets-mini-100pcs","status":"publish","type":"product","link":"https:\/\/nbg.eu\/sv\/produkt\/ipsc-targets-mini-100pcs\/","title":{"rendered":"IPSC Targets mini 100pcs"},"content":{"rendered":"<div class=\"product-description\">\n<h2>IPSC Mini-m\u00e5l av kartong &#8211; 100-pack<\/h2>\n<p>IPSC-godk\u00e4nda m\u00e5l f\u00f6r t\u00e4vling och tr\u00e4ning. Varje paket inneh\u00e5ller 100 mini-m\u00e5l som uppfyller IPSC-t\u00e4vlingars standarder.<\/p>\n<ul>\n<li>Kartongkonstruktion<\/li>\n<li>Perforerade A-, C- och D-zoner f\u00f6r po\u00e4ngber\u00e4kning<\/li>\n<li>Tv\u00e5f\u00e4rgad design: Beige framsida, vit baksida<\/li>\n<li>Vita sidan fungerar som straffm\u00e5l<\/li>\n<li>Synliga po\u00e4nglinjer p\u00e5 b\u00e5da sidor<\/li>\n<\/ul>\n<p>M\u00e5l f\u00f6r skjuttr\u00e4ning. L\u00e4mpliga f\u00f6r skjutbanetr\u00e4ning, t\u00e4vlingar eller taktisk tr\u00e4ning.<\/p>\n<\/div>\n","protected":false},"excerpt":{"rendered":"<p>IPSC Mini-m\u00e5l: 100 perforerade pappm\u00e5l f\u00f6r tr\u00e4ning och t\u00e4vlingar.<\/p>\n","protected":false},"featured_media":246713,"template":"","meta":{"_acf_changed":false},"product_brand":[],"product_cat":[13009,12988],"product_tag":[],"class_list":{"0":"post-275570","1":"product","2":"type-product","3":"status-publish","4":"has-post-thumbnail","6":"product_cat-mal","7":"product_cat-pappersmal","9":"first","10":"instock","11":"taxable","12":"shipping-taxable","13":"purchasable","14":"product-type-simple"},"acf":[],"_links":{"self":[{"href":"https:\/\/nbg.eu\/sv\/wp-json\/wp\/v2\/product\/275570","targetHints":{"allow":["GET"]}}],"collection":[{"href":"https:\/\/nbg.eu\/sv\/wp-json\/wp\/v2\/product"}],"about":[{"href":"https:\/\/nbg.eu\/sv\/wp-json\/wp\/v2\/types\/product"}],"wp:featuredmedia":[{"embeddable":true,"href":"https:\/\/nbg.eu\/sv\/wp-json\/wp\/v2\/media\/246713"}],"wp:attachment":[{"href":"https:\/\/nbg.eu\/sv\/wp-json\/wp\/v2\/media?parent=275570"}],"wp:term":[{"taxonomy":"product_brand","embeddable":true,"href":"https:\/\/nbg.eu\/sv\/wp-json\/wp\/v2\/product_brand?post=275570"},{"taxonomy":"product_cat","embeddable":true,"href":"https:\/\/nbg.eu\/sv\/wp-json\/wp\/v2\/product_cat?post=275570"},{"taxonomy":"product_tag","embeddable":true,"href":"https:\/\/nbg.eu\/sv\/wp-json\/wp\/v2\/product_tag?post=275570"}],"curies":[{"name":"wp","href":"https:\/\/api.w.org\/{rel}","templated":true}]}}